{"id":5849,"date":"2026-01-27T19:54:19","date_gmt":"2026-01-27T18:54:19","guid":{"rendered":"https:\/\/ascomedic.dz\/?post_type=product&#038;p=5849"},"modified":"2026-04-05T03:32:14","modified_gmt":"2026-04-05T01:32:14","slug":"automate-spermax-analyse-medicale","status":"publish","type":"product","link":"https:\/\/ascomedic.dz\/en\/product\/automate-spermax-analyse-medicale\/","title":{"rendered":"SPERMAX Intelligent CASA"},"content":{"rendered":"<h3 data-start=\"762\" data-end=\"794\"><strong data-start=\"769\" data-end=\"794\">Principales Fonctions :<\/strong><\/h3>\n<ul data-start=\"796\" data-end=\"1407\">\n<li data-start=\"796\" data-end=\"984\">\n<p data-start=\"798\" data-end=\"984\">\ud83c\udf21\ufe0f <strong data-start=\"802\" data-end=\"835\">Analyse automatis\u00e9e de sperme<\/strong> : collecte et traitement d\u2019images vid\u00e9o sous microscope pour mesurer objectivement les param\u00e8tres du sperme.<\/p>\n<\/li>\n<li data-start=\"985\" data-end=\"1407\">\n<p data-start=\"987\" data-end=\"1046\">\ud83d\udcca <strong data-start=\"990\" data-end=\"1012\">Param\u00e8tres mesur\u00e9s<\/strong> (selon standards CASA typiques) :<\/p>\n<ul data-start=\"1049\" data-end=\"1407\">\n<li data-start=\"1049\" data-end=\"1089\">\n<p data-start=\"1051\" data-end=\"1089\"><strong data-start=\"1051\" data-end=\"1087\">Concentration des spermatozo\u00efdes<\/strong><\/p>\n<\/li>\n<li data-start=\"1092\" data-end=\"1130\">\n<p data-start=\"1094\" data-end=\"1130\"><strong data-start=\"1094\" data-end=\"1128\">Motilit\u00e9 totale et progressive<\/strong><\/p>\n<\/li>\n<li data-start=\"1133\" data-end=\"1176\">\n<p data-start=\"1135\" data-end=\"1176\"><strong data-start=\"1135\" data-end=\"1174\">Param\u00e8tres de trajectoire \/ vitesse<\/strong><\/p>\n<\/li>\n<li data-start=\"1179\" data-end=\"1266\">\n<p data-start=\"1181\" data-end=\"1266\"><strong data-start=\"1181\" data-end=\"1215\">Morphologie des spermatozo\u00efdes<\/strong> (souvent incluse en option sur syst\u00e8mes avanc\u00e9s)<\/p>\n<\/li>\n<li data-start=\"1269\" data-end=\"1324\">\n<p data-start=\"1271\" data-end=\"1324\"><strong data-start=\"1271\" data-end=\"1322\">Rapports et visualisation graphique des donn\u00e9es<\/strong><\/p>\n<\/li>\n<li data-start=\"1327\" data-end=\"1407\">\n<p data-start=\"1329\" data-end=\"1407\"><strong data-start=\"1329\" data-end=\"1369\">Stockage et impression des r\u00e9sultats<\/strong><\/p>\n<\/li>\n<\/ul>\n<\/li>\n<\/ul>\n<hr data-start=\"1665\" data-end=\"1668\" \/>\n<h3 data-start=\"1670\" data-end=\"1707\">\ud83d\udda5\ufe0f <strong data-start=\"1678\" data-end=\"1707\">Composants et Accessoires<\/strong><\/h3>\n<div class=\"TyagGW_tableContainer\">\n<div class=\"group TyagGW_tableWrapper flex flex-col-reverse w-fit\" tabindex=\"-1\">\n<table class=\"w-fit min-w-(--thread-content-width)\" data-start=\"1709\" data-end=\"2131\">\n<thead data-start=\"1709\" data-end=\"1736\">\n<tr data-start=\"1709\" data-end=\"1736\">\n<th data-start=\"1709\" data-end=\"1721\" data-col-size=\"sm\">Composant<\/th>\n<th data-start=\"1721\" data-end=\"1736\" data-col-size=\"md\">Description<\/th>\n<\/tr>\n<\/thead>\n<tbody data-start=\"1765\" data-end=\"2131\">\n<tr data-start=\"1765\" data-end=\"1835\">\n<td data-start=\"1765\" data-end=\"1794\" data-col-size=\"sm\">\ud83d\udcbb <strong data-start=\"1770\" data-end=\"1793\">Unit\u00e9 de traitement<\/strong><\/td>\n<td data-col-size=\"md\" data-start=\"1794\" data-end=\"1835\">Ordinateur avec logiciel CASA int\u00e9gr\u00e9<\/td>\n<\/tr>\n<tr data-start=\"1836\" data-end=\"1921\">\n<td data-start=\"1836\" data-end=\"1866\" data-col-size=\"sm\">\ud83d\udd2c <strong data-start=\"1841\" data-end=\"1865\">Microscope num\u00e9rique<\/strong><\/td>\n<td data-col-size=\"md\" data-start=\"1866\" data-end=\"1921\">Cam\u00e9ra + microscope pour capture d\u2019images du sperme<\/td>\n<\/tr>\n<tr data-start=\"1922\" data-end=\"1995\">\n<td data-start=\"1922\" data-end=\"1949\" data-col-size=\"sm\">\ud83d\udcf8 <strong data-start=\"1927\" data-end=\"1948\">Cam\u00e9ra d\u2019imagerie<\/strong><\/td>\n<td data-col-size=\"md\" data-start=\"1949\" data-end=\"1995\">Haute r\u00e9solution pour analyse des cellules<\/td>\n<\/tr>\n<tr data-start=\"1996\" data-end=\"2058\">\n<td data-start=\"1996\" data-end=\"2015\" data-col-size=\"sm\">\ud83d\udda8\ufe0f <strong data-start=\"2002\" data-end=\"2014\">Rapports<\/strong><\/td>\n<td data-col-size=\"md\" data-start=\"2015\" data-end=\"2058\">Impression et exportation des r\u00e9sultats<\/td>\n<\/tr>\n<tr data-start=\"2059\" data-end=\"2131\">\n<td data-start=\"2059\" data-end=\"2089\" data-col-size=\"sm\">\ud83d\udcbe <strong data-start=\"2064\" data-end=\"2088\">Stockage des donn\u00e9es<\/strong><\/td>\n<td data-col-size=\"md\" data-start=\"2089\" data-end=\"2131\">Enregistrement des param\u00e8tres analys\u00e9s<\/td>\n<\/tr>\n<\/tbody>\n<\/table>\n<\/div>\n<\/div>\n<hr data-start=\"2133\" data-end=\"2136\" \/>\n<h3 data-start=\"2138\" data-end=\"2174\">\u2699\ufe0f <strong data-start=\"2145\" data-end=\"2174\">Fonctions Techniques Cl\u00e9s<\/strong><\/h3>\n<ul data-start=\"2176\" data-end=\"2736\">\n<li data-start=\"2176\" data-end=\"2305\">\n<p data-start=\"2178\" data-end=\"2305\">\ud83e\udde0 <strong data-start=\"2181\" data-end=\"2205\">Logiciel intelligent<\/strong> : traitement d\u2019images et calcul automatique des param\u00e8tres.<\/p>\n<\/li>\n<li data-start=\"2306\" data-end=\"2427\">\n<p data-start=\"2308\" data-end=\"2427\">\ud83d\udcc8 <strong data-start=\"2311\" data-end=\"2340\">Rapports personnalisables<\/strong> : exportables, souvent avec graphiques clairs.<\/p>\n<\/li>\n<li data-start=\"2428\" data-end=\"2606\">\n<p data-start=\"2430\" data-end=\"2606\">\ud83e\uddec <strong data-start=\"2433\" data-end=\"2460\">Compatibilit\u00e9 standards<\/strong> : con\u00e7u selon les recommandations internationales d\u2019analyse s\u00e9minale (comme les standards WHO pour CASA).<\/p>\n<\/li>\n<li data-start=\"2607\" data-end=\"2736\">\n<p data-start=\"2609\" data-end=\"2736\">\ud83d\udce6 <strong data-start=\"2612\" data-end=\"2637\">Interface utilisateur<\/strong> : g\u00e9n\u00e9ralement conviviale pour techniciens de laboratoire.<\/p>\n<\/li>\n<\/ul>\n<hr data-start=\"2738\" data-end=\"2741\" \/>\n<h3 data-start=\"2743\" data-end=\"2765\">\ud83e\udde0 <strong data-start=\"2750\" data-end=\"2765\">Utilisation<\/strong><\/h3>\n<ol data-start=\"2767\" data-end=\"3144\">\n<li data-start=\"2767\" data-end=\"2856\">\n<p data-start=\"2770\" data-end=\"2856\"><strong data-start=\"2770\" data-end=\"2798\">Collection d\u2019\u00e9chantillon<\/strong> \u2013 Semen recueilli selon protocoles cliniques standards.<\/p>\n<\/li>\n<li data-start=\"2857\" data-end=\"2933\">\n<p data-start=\"2860\" data-end=\"2933\"><strong data-start=\"2860\" data-end=\"2875\">Pr\u00e9paration<\/strong> \u2013 \u00c9chantillon vers\u00e9 dans une lame ou chambre d\u2019analyse.<\/p>\n<\/li>\n<li data-start=\"2934\" data-end=\"2996\">\n<p data-start=\"2937\" data-end=\"2996\"><strong data-start=\"2937\" data-end=\"2952\">Acquisition<\/strong> \u2013 Microscope + cam\u00e9ra capturent la vid\u00e9o.<\/p>\n<\/li>\n<li data-start=\"2997\" data-end=\"3085\">\n<p data-start=\"3000\" data-end=\"3085\"><strong data-start=\"3000\" data-end=\"3011\">Analyse<\/strong> \u2013 Logiciel CASA calcule les param\u00e8tres (motilit\u00e9, concentration, etc.).<\/p>\n<\/li>\n<li data-start=\"3086\" data-end=\"3144\">\n<p data-start=\"3089\" data-end=\"3144\"><strong data-start=\"3089\" data-end=\"3100\">Rapport<\/strong> \u2013 R\u00e9sultats affich\u00e9s, imprim\u00e9s ou export\u00e9s.<\/p>\n<\/li>\n<\/ol>\n<hr data-start=\"3146\" data-end=\"3149\" \/>\n<h3 data-start=\"3151\" data-end=\"3171\">\ud83d\udcca <strong data-start=\"3158\" data-end=\"3171\">Avantages<\/strong><\/h3>\n<p data-start=\"3173\" data-end=\"3361\">\u2714\ufe0f Objectivit\u00e9 accrue par rapport \u00e0 l\u2019analyse manuelle<br data-start=\"3227\" data-end=\"3230\" \/>\u2714\ufe0f Analyse rapide et reproductible<br data-start=\"3264\" data-end=\"3267\" \/>\u2714\ufe0f Permet standardisation des mesures<br data-start=\"3304\" data-end=\"3307\" \/>\u2714\ufe0f Donn\u00e9es num\u00e9riques exploitables pour suivi clinique<\/p>","protected":false},"excerpt":{"rendered":"<p><strong>Syst\u00e8me intelligent d\u2019analyse du sperme assist\u00e9e par ordinateur :\u00a0<\/strong><\/p>\n<p><strong>Analyse du sperme assist\u00e9e par ordinateur (CASA).<\/strong><\/p>\n<p><strong data-start=\"339\" data-end=\"360\">Marque \/ Mod\u00e8le :<\/strong> Intelligent CASA<br data-start=\"377\" data-end=\"380\" \/><strong data-start=\"380\" data-end=\"409\">Fabricant \/ Fournisseur :<\/strong> DELTA CARE (Delta Care IVD) <br data-start=\"475\" data-end=\"478\" \/><strong data-start=\"478\" data-end=\"499\">Type d\u2019appareil :<\/strong> Analyseur de sperme assist\u00e9 par ordinateur (CASA) <br data-start=\"587\" data-end=\"590\" \/><strong data-start=\"590\" data-end=\"607\">Application :<\/strong> Analyse automatique d\u2019\u00e9chantillons de sperme pour \u00e9valuer la fertilit\u00e9 et d\u2019autres param\u00e8tres en laboratoire.<\/p>\n<p><strong>Aper\u00e7u sur la fiche technique : <a href=\"https:\/\/mega.nz\/file\/G5ISXapB#pQuKTSKj50fV7Ra8fhEqVJwxCZOWkXJVq6bXRhWlBRs\">T\u00e9l\u00e9charger\u00a0<\/a><\/strong><\/p>","protected":false},"featured_media":5850,"comment_status":"open","ping_status":"closed","template":"","meta":{"content-type":"","site-sidebar-layout":"default","site-content-layout":"","ast-site-content-layout":"default","site-content-style":"default","site-sidebar-style":"default","ast-global-header-display":"","ast-banner-title-visibility":"","ast-main-header-display":"","ast-hfb-above-header-display":"","ast-hfb-below-header-display":"","ast-hfb-mobile-header-display":"","site-post-title":"","ast-breadcrumbs-content":"","ast-featured-img":"","footer-sml-layout":"","theme-transparent-header-meta":"default","adv-header-id-meta":"","stick-header-meta":"","header-above-stick-meta":"","header-main-stick-meta":"","header-below-stick-meta":"","astra-migrate-meta-layouts":"set","ast-page-background-enabled":"default","ast-page-background-meta":{"desktop":{"background-color":"","background-image":"","background-repeat":"repeat","background-position":"center center","background-size":"auto","background-attachment":"scroll","background-type":"","background-media":"","overlay-type":"","overlay-color":"","overlay-opacity":"","overlay-gradient":""},"tablet":{"background-color":"","background-image":"","background-repeat":"repeat","background-position":"center center","background-size":"auto","background-attachment":"scroll","background-type":"","background-media":"","overlay-type":"","overlay-color":"","overlay-opacity":"","overlay-gradient":""},"mobile":{"background-color":"","background-image":"","background-repeat":"repeat","background-position":"center center","background-size":"auto","background-attachment":"scroll","background-type":"","background-media":"","overlay-type":"","overlay-color":"","overlay-opacity":"","overlay-gradient":""}},"ast-content-background-meta":{"desktop":{"background-color":"var(--ast-global-color-5)","background-image":"","background-repeat":"repeat","background-position":"center center","background-size":"auto","background-attachment":"scroll","background-type":"","background-media":"","overlay-type":"","overlay-color":"","overlay-opacity":"","overlay-gradient":""},"tablet":{"background-color":"var(--ast-global-color-5)","background-image":"","background-repeat":"repeat","background-position":"center center","background-size":"auto","background-attachment":"scroll","background-type":"","background-media":"","overlay-type":"","overlay-color":"","overlay-opacity":"","overlay-gradient":""},"mobile":{"background-color":"var(--ast-global-color-5)","background-image":"","background-repeat":"repeat","background-position":"center center","background-size":"auto","background-attachment":"scroll","background-type":"","background-media":"","overlay-type":"","overlay-color":"","overlay-opacity":"","overlay-gradient":""}}},"product_brand":[],"product_cat":[218],"product_tag":[],"class_list":{"0":"post-5849","1":"product","2":"type-product","3":"status-publish","4":"has-post-thumbnail","6":"product_cat-spermometrie","7":"desktop-align-left","8":"tablet-align-left","9":"mobile-align-left","11":"first","12":"instock","13":"featured","14":"taxable","15":"shipping-taxable","16":"product-type-simple"},"yoast_head":"<!-- This site is optimized with the Yoast SEO plugin v25.4 - https:\/\/yoast.com\/wordpress\/plugins\/seo\/ -->\n<title>SPERMAX Intelligent CASA -<\/title>\n<meta name=\"description\" content=\"SPERMAX est un automate d\u2019analyse de laboratoire fiable et pr\u00e9cis, con\u00e7u pour optimiser les analyses m\u00e9dicales et am\u00e9liorer la productivit\u00e9 des laboratoires cliniques.\" \/>\n<meta name=\"robots\" content=\"index, follow, max-snippet:-1, max-image-preview:large, max-video-preview:-1\" \/>\n<link rel=\"canonical\" href=\"https:\/\/ascomedic.dz\/en\/product\/automate-spermax-analyse-medicale\/\" \/>\n<meta property=\"og:locale\" content=\"en_GB\" \/>\n<meta property=\"og:type\" content=\"article\" \/>\n<meta property=\"og:title\" content=\"SPERMAX Intelligent CASA -\" \/>\n<meta property=\"og:description\" content=\"SPERMAX est un automate d\u2019analyse de laboratoire fiable et pr\u00e9cis, con\u00e7u pour optimiser les analyses m\u00e9dicales et am\u00e9liorer la productivit\u00e9 des laboratoires cliniques.\" \/>\n<meta property=\"og:url\" content=\"https:\/\/ascomedic.dz\/en\/product\/automate-spermax-analyse-medicale\/\" \/>\n<meta property=\"article:modified_time\" content=\"2026-04-05T01:32:14+00:00\" \/>\n<meta property=\"og:image\" content=\"https:\/\/ascomedic.dz\/wp-content\/uploads\/2026\/01\/8-large.png\" \/>\n\t<meta property=\"og:image:width\" content=\"1200\" \/>\n\t<meta property=\"og:image:height\" content=\"768\" \/>\n\t<meta property=\"og:image:type\" content=\"image\/png\" \/>\n<meta name=\"twitter:card\" content=\"summary_large_image\" \/>\n<meta name=\"twitter:label1\" content=\"Estimated reading time\" \/>\n\t<meta name=\"twitter:data1\" content=\"2 minutes\" \/>\n<script type=\"application\/ld+json\" class=\"yoast-schema-graph\">{\"@context\":\"https:\/\/schema.org\",\"@graph\":[{\"@type\":\"WebPage\",\"@id\":\"https:\/\/ascomedic.dz\/produit\/automate-spermax-analyse-medicale\/\",\"url\":\"https:\/\/ascomedic.dz\/produit\/automate-spermax-analyse-medicale\/\",\"name\":\"SPERMAX Intelligent CASA -\",\"isPartOf\":{\"@id\":\"https:\/\/ascomedic.dz\/#website\"},\"primaryImageOfPage\":{\"@id\":\"https:\/\/ascomedic.dz\/produit\/automate-spermax-analyse-medicale\/#primaryimage\"},\"image\":{\"@id\":\"https:\/\/ascomedic.dz\/produit\/automate-spermax-analyse-medicale\/#primaryimage\"},\"thumbnailUrl\":\"https:\/\/ascomedic.dz\/wp-content\/uploads\/2026\/01\/8-large.png\",\"datePublished\":\"2026-01-27T18:54:19+00:00\",\"dateModified\":\"2026-04-05T01:32:14+00:00\",\"description\":\"SPERMAX est un automate d\u2019analyse de laboratoire fiable et pr\u00e9cis, con\u00e7u pour optimiser les analyses m\u00e9dicales et am\u00e9liorer la productivit\u00e9 des laboratoires cliniques.\",\"breadcrumb\":{\"@id\":\"https:\/\/ascomedic.dz\/produit\/automate-spermax-analyse-medicale\/#breadcrumb\"},\"inLanguage\":\"en-GB\",\"potentialAction\":[{\"@type\":\"ReadAction\",\"target\":[\"https:\/\/ascomedic.dz\/produit\/automate-spermax-analyse-medicale\/\"]}]},{\"@type\":\"ImageObject\",\"inLanguage\":\"en-GB\",\"@id\":\"https:\/\/ascomedic.dz\/produit\/automate-spermax-analyse-medicale\/#primaryimage\",\"url\":\"https:\/\/ascomedic.dz\/wp-content\/uploads\/2026\/01\/8-large.png\",\"contentUrl\":\"https:\/\/ascomedic.dz\/wp-content\/uploads\/2026\/01\/8-large.png\",\"width\":1200,\"height\":768},{\"@type\":\"BreadcrumbList\",\"@id\":\"https:\/\/ascomedic.dz\/produit\/automate-spermax-analyse-medicale\/#breadcrumb\",\"itemListElement\":[{\"@type\":\"ListItem\",\"position\":1,\"name\":\"Accueil\",\"item\":\"https:\/\/ascomedic.dz\/\"},{\"@type\":\"ListItem\",\"position\":2,\"name\":\"Boutique\",\"item\":\"https:\/\/ascomedic.dz\/boutique\/\"},{\"@type\":\"ListItem\",\"position\":3,\"name\":\"SPERMAX Intelligent CASA\"}]},{\"@type\":\"WebSite\",\"@id\":\"https:\/\/ascomedic.dz\/#website\",\"url\":\"https:\/\/ascomedic.dz\/\",\"name\":\"\",\"description\":\"\",\"potentialAction\":[{\"@type\":\"SearchAction\",\"target\":{\"@type\":\"EntryPoint\",\"urlTemplate\":\"https:\/\/ascomedic.dz\/?s={search_term_string}\"},\"query-input\":{\"@type\":\"PropertyValueSpecification\",\"valueRequired\":true,\"valueName\":\"search_term_string\"}}],\"inLanguage\":\"en-GB\"}]}<\/script>\n<!-- \/ Yoast SEO plugin. -->","yoast_head_json":{"title":"SPERMAX Intelligent CASA -","description":"SPERMAX est un automate d\u2019analyse de laboratoire fiable et pr\u00e9cis, con\u00e7u pour optimiser les analyses m\u00e9dicales et am\u00e9liorer la productivit\u00e9 des laboratoires cliniques.","robots":{"index":"index","follow":"follow","max-snippet":"max-snippet:-1","max-image-preview":"max-image-preview:large","max-video-preview":"max-video-preview:-1"},"canonical":"https:\/\/ascomedic.dz\/en\/product\/automate-spermax-analyse-medicale\/","og_locale":"en_GB","og_type":"article","og_title":"SPERMAX Intelligent CASA -","og_description":"SPERMAX est un automate d\u2019analyse de laboratoire fiable et pr\u00e9cis, con\u00e7u pour optimiser les analyses m\u00e9dicales et am\u00e9liorer la productivit\u00e9 des laboratoires cliniques.","og_url":"https:\/\/ascomedic.dz\/en\/product\/automate-spermax-analyse-medicale\/","article_modified_time":"2026-04-05T01:32:14+00:00","og_image":[{"width":1200,"height":768,"url":"https:\/\/ascomedic.dz\/wp-content\/uploads\/2026\/01\/8-large.png","type":"image\/png"}],"twitter_card":"summary_large_image","twitter_misc":{"Estimated reading time":"2 minutes"},"schema":{"@context":"https:\/\/schema.org","@graph":[{"@type":"WebPage","@id":"https:\/\/ascomedic.dz\/produit\/automate-spermax-analyse-medicale\/","url":"https:\/\/ascomedic.dz\/produit\/automate-spermax-analyse-medicale\/","name":"SPERMAX Intelligent CASA -","isPartOf":{"@id":"https:\/\/ascomedic.dz\/#website"},"primaryImageOfPage":{"@id":"https:\/\/ascomedic.dz\/produit\/automate-spermax-analyse-medicale\/#primaryimage"},"image":{"@id":"https:\/\/ascomedic.dz\/produit\/automate-spermax-analyse-medicale\/#primaryimage"},"thumbnailUrl":"https:\/\/ascomedic.dz\/wp-content\/uploads\/2026\/01\/8-large.png","datePublished":"2026-01-27T18:54:19+00:00","dateModified":"2026-04-05T01:32:14+00:00","description":"SPERMAX est un automate d\u2019analyse de laboratoire fiable et pr\u00e9cis, con\u00e7u pour optimiser les analyses m\u00e9dicales et am\u00e9liorer la productivit\u00e9 des laboratoires cliniques.","breadcrumb":{"@id":"https:\/\/ascomedic.dz\/produit\/automate-spermax-analyse-medicale\/#breadcrumb"},"inLanguage":"en-GB","potentialAction":[{"@type":"ReadAction","target":["https:\/\/ascomedic.dz\/produit\/automate-spermax-analyse-medicale\/"]}]},{"@type":"ImageObject","inLanguage":"en-GB","@id":"https:\/\/ascomedic.dz\/produit\/automate-spermax-analyse-medicale\/#primaryimage","url":"https:\/\/ascomedic.dz\/wp-content\/uploads\/2026\/01\/8-large.png","contentUrl":"https:\/\/ascomedic.dz\/wp-content\/uploads\/2026\/01\/8-large.png","width":1200,"height":768},{"@type":"BreadcrumbList","@id":"https:\/\/ascomedic.dz\/produit\/automate-spermax-analyse-medicale\/#breadcrumb","itemListElement":[{"@type":"ListItem","position":1,"name":"Accueil","item":"https:\/\/ascomedic.dz\/"},{"@type":"ListItem","position":2,"name":"Boutique","item":"https:\/\/ascomedic.dz\/boutique\/"},{"@type":"ListItem","position":3,"name":"SPERMAX Intelligent CASA"}]},{"@type":"WebSite","@id":"https:\/\/ascomedic.dz\/#website","url":"https:\/\/ascomedic.dz\/","name":"","description":"","potentialAction":[{"@type":"SearchAction","target":{"@type":"EntryPoint","urlTemplate":"https:\/\/ascomedic.dz\/?s={search_term_string}"},"query-input":{"@type":"PropertyValueSpecification","valueRequired":true,"valueName":"search_term_string"}}],"inLanguage":"en-GB"}]}},"_links":{"self":[{"href":"https:\/\/ascomedic.dz\/en\/wp-json\/wp\/v2\/product\/5849","targetHints":{"allow":["GET"]}}],"collection":[{"href":"https:\/\/ascomedic.dz\/en\/wp-json\/wp\/v2\/product"}],"about":[{"href":"https:\/\/ascomedic.dz\/en\/wp-json\/wp\/v2\/types\/product"}],"replies":[{"embeddable":true,"href":"https:\/\/ascomedic.dz\/en\/wp-json\/wp\/v2\/comments?post=5849"}],"version-history":[{"count":4,"href":"https:\/\/ascomedic.dz\/en\/wp-json\/wp\/v2\/product\/5849\/revisions"}],"predecessor-version":[{"id":5852,"href":"https:\/\/ascomedic.dz\/en\/wp-json\/wp\/v2\/product\/5849\/revisions\/5852"}],"wp:featuredmedia":[{"embeddable":true,"href":"https:\/\/ascomedic.dz\/en\/wp-json\/wp\/v2\/media\/5850"}],"wp:attachment":[{"href":"https:\/\/ascomedic.dz\/en\/wp-json\/wp\/v2\/media?parent=5849"}],"wp:term":[{"taxonomy":"product_brand","embeddable":true,"href":"https:\/\/ascomedic.dz\/en\/wp-json\/wp\/v2\/product_brand?post=5849"},{"taxonomy":"product_cat","embeddable":true,"href":"https:\/\/ascomedic.dz\/en\/wp-json\/wp\/v2\/product_cat?post=5849"},{"taxonomy":"product_tag","embeddable":true,"href":"https:\/\/ascomedic.dz\/en\/wp-json\/wp\/v2\/product_tag?post=5849"}],"curies":[{"name":"wp","href":"https:\/\/api.w.org\/{rel}","templated":true}]}}