{"id":5801,"date":"2026-01-16T23:06:12","date_gmt":"2026-01-16T22:06:12","guid":{"rendered":"https:\/\/ascomedic.dz\/?post_type=product&#038;p=5801"},"modified":"2026-01-20T22:59:58","modified_gmt":"2026-01-20T21:59:58","slug":"cl-1200i","status":"publish","type":"product","link":"https:\/\/ascomedic.dz\/en\/product\/cl-1200i\/","title":{"rendered":"CL 1200i"},"content":{"rendered":"<h3 data-start=\"672\" data-end=\"704\"><strong data-start=\"678\" data-end=\"704\">Performance &amp; capacit\u00e9 :<\/strong><\/h3>\n<ul data-start=\"705\" data-end=\"1321\">\n<li data-start=\"705\" data-end=\"787\">\n<p data-start=\"707\" data-end=\"787\"><strong data-start=\"707\" data-end=\"716\">D\u00e9bit<\/strong> : jusqu\u2019\u00e0 <strong data-start=\"727\" data-end=\"746\">180 tests\/heure<\/strong>.<\/p>\n<\/li>\n<li data-start=\"788\" data-end=\"949\">\n<p data-start=\"790\" data-end=\"949\"><strong data-start=\"790\" data-end=\"815\">Capacit\u00e9 \u00e9chantillons<\/strong> : <strong data-start=\"818\" data-end=\"845\">jusqu\u2019\u00e0 60 \u00e9chantillons<\/strong> en une seule s\u00e9rie, avec possibilit\u00e9 de <strong data-start=\"886\" data-end=\"908\">chargement continu<\/strong>.<\/p>\n<\/li>\n<li data-start=\"950\" data-end=\"1081\">\n<p data-start=\"952\" data-end=\"1081\"><strong data-start=\"952\" data-end=\"973\">Capacit\u00e9 r\u00e9actifs<\/strong> : <strong data-start=\"976\" data-end=\"1015\">25 positions de r\u00e9actifs r\u00e9frig\u00e9r\u00e9s<\/strong> sans arr\u00eat (2 \u00b0C \u2013 8 \u00b0C).<\/p>\n<\/li>\n<li data-start=\"1082\" data-end=\"1202\">\n<p data-start=\"1084\" data-end=\"1202\"><strong data-start=\"1084\" data-end=\"1106\">Volume \u00e9chantillon<\/strong> : <strong data-start=\"1109\" data-end=\"1127\">10 \u00b5L \u2013 200 \u00b5L<\/strong> par test (par incr\u00e9ments de 1 \u00b5L).<\/p>\n<\/li>\n<li data-start=\"1203\" data-end=\"1321\">\n<p data-start=\"1205\" data-end=\"1321\"><strong data-start=\"1205\" data-end=\"1234\">Temps du premier r\u00e9sultat<\/strong> : environ <strong data-start=\"1245\" data-end=\"1261\">15,5 minutes<\/strong> (varie selon test).<\/p>\n<\/li>\n<\/ul>\n<h3 data-start=\"1328\" data-end=\"1370\"><strong data-start=\"1334\" data-end=\"1370\">Technologie &amp; principe de mesure :<\/strong><\/h3>\n<ul data-start=\"1371\" data-end=\"1909\">\n<li data-start=\"1371\" data-end=\"1524\">\n<p data-start=\"1373\" data-end=\"1524\"><strong data-start=\"1373\" data-end=\"1400\">Techniques de d\u00e9tection<\/strong> : Chimiluminescence par particules superparamagn\u00e9tiques (CLIA) avec substrat AMPPD.<\/p>\n<\/li>\n<li data-start=\"1525\" data-end=\"1652\">\n<p data-start=\"1527\" data-end=\"1652\"><strong data-start=\"1527\" data-end=\"1564\">S\u00e9paration magn\u00e9tique en 4 phases<\/strong> : assure une r\u00e9action pr\u00e9cise et reproductible.<\/p>\n<\/li>\n<li data-start=\"1653\" data-end=\"1786\">\n<p data-start=\"1655\" data-end=\"1786\"><strong data-start=\"1655\" data-end=\"1668\">D\u00e9tection<\/strong> : comptage de photons via <strong data-start=\"1695\" data-end=\"1724\">photomultiplicateur (PMT)<\/strong> avec calibration LED.<\/p>\n<\/li>\n<li data-start=\"1787\" data-end=\"1909\">\n<p data-start=\"1789\" data-end=\"1909\"><strong data-start=\"1789\" data-end=\"1800\">M\u00e9lange<\/strong> : vortexer <strong data-start=\"1812\" data-end=\"1828\">sans contact<\/strong> pour \u00e9viter les contaminations crois\u00e9es.<\/p>\n<\/li>\n<\/ul>\n<h3 data-start=\"1916\" data-end=\"1963\"><strong data-start=\"1922\" data-end=\"1963\">Sonde &amp; manipulation des \u00e9chantillons :<\/strong><\/h3>\n<ul data-start=\"1964\" data-end=\"2475\">\n<li data-start=\"1964\" data-end=\"2221\">\n<p data-start=\"1966\" data-end=\"2221\"><strong data-start=\"1966\" data-end=\"2001\">Sondes \u00e9chantillons et r\u00e9actifs<\/strong> : aspiration pr\u00e9cise par moteurs de seringue, d\u00e9tection intelligente du niveau de liquide, d\u00e9tection de caillots, et protection contre les collisions verticales et horizontales.<\/p>\n<\/li>\n<li data-start=\"2222\" data-end=\"2373\">\n<p data-start=\"2224\" data-end=\"2373\"><strong data-start=\"2224\" data-end=\"2246\">Chargement continu<\/strong> : les \u00e9chantillons et r\u00e9actifs peuvent \u00eatre ajout\u00e9s m\u00eame pendant les tests en cours.<\/p>\n<\/li>\n<li data-start=\"2374\" data-end=\"2475\">\n<p data-start=\"2376\" data-end=\"2475\"><strong data-start=\"2376\" data-end=\"2397\">Priorisation STAT<\/strong> : gestion automatique des urgences.<\/p>\n<\/li>\n<\/ul>\n<h3 data-start=\"2482\" data-end=\"2516\"><strong data-start=\"2488\" data-end=\"2516\">Gestion des consommables :<\/strong><\/h3>\n<ul data-start=\"2517\" data-end=\"2945\">\n<li data-start=\"2517\" data-end=\"2677\">\n<p data-start=\"2519\" data-end=\"2677\"><strong data-start=\"2519\" data-end=\"2531\">Cuvettes<\/strong> : chargement al\u00e9atoire sans interruption, avec <strong data-start=\"2579\" data-end=\"2606\">88 cuvettes par plateau<\/strong> (possibilit\u00e9 de 2 plateaux).<\/p>\n<\/li>\n<li data-start=\"2678\" data-end=\"2803\">\n<p data-start=\"2680\" data-end=\"2803\"><strong data-start=\"2680\" data-end=\"2704\">Conteneur de d\u00e9chets<\/strong> : capacit\u00e9 jusqu\u2019\u00e0 <strong data-start=\"2724\" data-end=\"2740\">200 cuvettes<\/strong> par sac de collecte.<\/p>\n<\/li>\n<li data-start=\"2804\" data-end=\"2945\">\n<p data-start=\"2806\" data-end=\"2945\"><strong data-start=\"2806\" data-end=\"2818\">R\u00e9actifs<\/strong> : r\u00e9actifs liquides <strong data-start=\"2839\" data-end=\"2859\">pr\u00eats \u00e0 l\u2019emploi<\/strong> ; stabilit\u00e9 embarqu\u00e9e jusqu\u2019\u00e0 <strong data-start=\"2890\" data-end=\"2902\">56 jours<\/strong>.<\/p>\n<\/li>\n<\/ul>\n<h3 data-start=\"2952\" data-end=\"2982\"><strong data-start=\"2958\" data-end=\"2982\">Interface &amp; logiciel :<\/strong><\/h3>\n<ul data-start=\"2983\" data-end=\"3367\">\n<li data-start=\"2983\" data-end=\"3119\">\n<p data-start=\"2985\" data-end=\"3119\"><strong data-start=\"2985\" data-end=\"3020\">Interface utilisateur intuitive<\/strong> : logiciel unifi\u00e9 facile \u00e0 apprendre, navigation fluide.<\/p>\n<\/li>\n<li data-start=\"3120\" data-end=\"3235\">\n<p data-start=\"3122\" data-end=\"3235\"><strong data-start=\"3122\" data-end=\"3148\">Ecran tactile (option)<\/strong> : avec bras pivotant pour acc\u00e8s ergonomique.<\/p>\n<\/li>\n<li data-start=\"3236\" data-end=\"3367\">\n<p data-start=\"3238\" data-end=\"3367\"><strong data-start=\"3238\" data-end=\"3265\">Lecture de codes-barres<\/strong> : prise en charge du scanning int\u00e9gr\u00e9\/externe des r\u00e9actifs.<\/p>\n<\/li>\n<\/ul>\n<h3 data-start=\"3374\" data-end=\"3404\"><strong data-start=\"3380\" data-end=\"3404\">R\u00e9actifs &amp; substrats :<\/strong><\/h3>\n<ul data-start=\"3405\" data-end=\"3755\">\n<li data-start=\"3405\" data-end=\"3512\">\n<p data-start=\"3407\" data-end=\"3512\"><strong data-start=\"3407\" data-end=\"3429\">Positions r\u00e9actifs<\/strong> : 25 avec m\u00e9lange continu en temps r\u00e9el.<\/p>\n<\/li>\n<li data-start=\"3513\" data-end=\"3667\">\n<p data-start=\"3515\" data-end=\"3667\"><strong data-start=\"3515\" data-end=\"3536\">Capacit\u00e9 substrat<\/strong> : bouteilles de substrat pour <strong data-start=\"3567\" data-end=\"3586\">300 \u2013 500 tests<\/strong>, chargement continu pendant les tests.<\/p>\n<\/li>\n<li data-start=\"3668\" data-end=\"3755\">\n<p data-start=\"3670\" data-end=\"3755\"><strong data-start=\"3670\" data-end=\"3688\">Volume r\u00e9actif<\/strong> : de <strong data-start=\"3694\" data-end=\"3712\">20 \u00b5L \u2013 200 \u00b5L<\/strong>.<\/p>\n<\/li>\n<\/ul>\n<h3 data-start=\"3762\" data-end=\"3801\"><strong data-start=\"3769\" data-end=\"3801\">Conditions de fonctionnement :<\/strong><\/h3>\n<ul data-start=\"3802\" data-end=\"4316\">\n<li data-start=\"3802\" data-end=\"3922\">\n<p data-start=\"3804\" data-end=\"3922\"><strong data-start=\"3804\" data-end=\"3830\">Tension d\u2019alimentation<\/strong> : <strong data-start=\"3833\" data-end=\"3879\">110 V\/115 V~, 60 Hz ou 220 V\/240 V~, 50 Hz<\/strong>.<\/p>\n<\/li>\n<li data-start=\"3923\" data-end=\"4012\">\n<p data-start=\"3925\" data-end=\"4012\"><strong data-start=\"3925\" data-end=\"3947\">Puissance d\u2019entr\u00e9e<\/strong> : jusqu\u2019\u00e0 <strong data-start=\"3958\" data-end=\"3969\">2000 VA<\/strong>.<\/p>\n<\/li>\n<li data-start=\"4013\" data-end=\"4111\">\n<p data-start=\"4015\" data-end=\"4111\"><strong data-start=\"4015\" data-end=\"4048\">Temp\u00e9rature de fonctionnement<\/strong> : <strong data-start=\"4051\" data-end=\"4068\">15 \u00b0C \u2013 30 \u00b0C<\/strong>.<\/p>\n<\/li>\n<li data-start=\"4112\" data-end=\"4218\">\n<p data-start=\"4114\" data-end=\"4218\"><strong data-start=\"4114\" data-end=\"4135\">Humidit\u00e9 relative<\/strong> : <strong data-start=\"4138\" data-end=\"4156\">35 % \u2013 80 % RH<\/strong>, sans condensation.<\/p>\n<\/li>\n<li data-start=\"4219\" data-end=\"4316\">\n<p data-start=\"4221\" data-end=\"4316\"><strong data-start=\"4221\" data-end=\"4251\">Altitude de fonctionnement<\/strong> : <strong data-start=\"4254\" data-end=\"4273\">-400 m \u00e0 4000 m<\/strong>.<\/p>\n<\/li>\n<\/ul>\n<h3 data-start=\"4323\" data-end=\"4351\"><strong data-start=\"4329\" data-end=\"4351\">Dimensions &amp; poids :<\/strong><\/h3>\n<ul data-start=\"4352\" data-end=\"4527\">\n<li data-start=\"4352\" data-end=\"4454\">\n<p data-start=\"4354\" data-end=\"4454\"><strong data-start=\"4354\" data-end=\"4380\">Dimensions (L \u00d7 P \u00d7 H)<\/strong> : env. <strong data-start=\"4388\" data-end=\"4411\">1400 \u00d7 760 \u00d7 600 mm<\/strong>.<\/p>\n<\/li>\n<li data-start=\"4455\" data-end=\"4527\">\n<p data-start=\"4457\" data-end=\"4527\"><strong data-start=\"4457\" data-end=\"4466\">Poids<\/strong> : env. <strong data-start=\"4474\" data-end=\"4484\">225 kg<\/strong>.<\/p>\n<\/li>\n<\/ul>\n<h3 data-start=\"4534\" data-end=\"4576\"><strong data-start=\"4540\" data-end=\"4576\">Applications cliniques courantes :<\/strong><\/h3>\n<p data-start=\"4577\" data-end=\"4877\">Le CL-1200i permet une immunoanalyse pr\u00e9cise de nombreux param\u00e8tres, dont des <strong data-start=\"4655\" data-end=\"4678\">marqueurs hormonaux<\/strong>, <strong data-start=\"4680\" data-end=\"4694\">cardiaques<\/strong>, <strong data-start=\"4696\" data-end=\"4708\">tumoraux<\/strong>, <strong data-start=\"4710\" data-end=\"4724\">tiro\u00efdiens<\/strong>, <strong data-start=\"4726\" data-end=\"4740\">infectieux<\/strong>, <strong data-start=\"4742\" data-end=\"4767\">analytes m\u00e9taboliques<\/strong>, <strong data-start=\"4769\" data-end=\"4800\">biomarqueurs d\u2019inflammation<\/strong>, etc., selon les r\u00e9actifs install\u00e9s.<\/p>\n<h3 data-start=\"4884\" data-end=\"4924\"><strong data-start=\"4890\" data-end=\"4924\">R\u00e9sum\u00e9 des sp\u00e9cifications cl\u00e9s :<\/strong><\/h3>\n<div class=\"TyagGW_tableContainer\">\n<div class=\"group TyagGW_tableWrapper flex flex-col-reverse w-fit\" tabindex=\"-1\">\n<table class=\"w-fit min-w-(--thread-content-width)\" data-start=\"4926\" data-end=\"5663\">\n<thead data-start=\"4926\" data-end=\"4961\">\n<tr data-start=\"4926\" data-end=\"4961\">\n<th data-start=\"4926\" data-end=\"4944\" data-col-size=\"sm\">Caract\u00e9ristique<\/th>\n<th data-start=\"4944\" data-end=\"4961\" data-col-size=\"md\">Sp\u00e9cification<\/th>\n<\/tr>\n<\/thead>\n<tbody data-start=\"5000\" data-end=\"5663\">\n<tr data-start=\"5000\" data-end=\"5075\">\n<td data-start=\"5000\" data-end=\"5012\" data-col-size=\"sm\"><strong data-start=\"5002\" data-end=\"5011\">D\u00e9bit<\/strong><\/td>\n<td data-start=\"5012\" data-end=\"5075\" data-col-size=\"md\">Jusqu\u2019\u00e0 180 tests\/h<\/td>\n<\/tr>\n<tr data-start=\"5076\" data-end=\"5158\">\n<td data-start=\"5076\" data-end=\"5104\" data-col-size=\"sm\"><strong data-start=\"5078\" data-end=\"5103\">Capacit\u00e9 \u00e9chantillons<\/strong><\/td>\n<td data-start=\"5104\" data-end=\"5158\" data-col-size=\"md\">Jusqu\u2019\u00e0 60<\/td>\n<\/tr>\n<tr data-start=\"5159\" data-end=\"5251\">\n<td data-start=\"5159\" data-end=\"5183\" data-col-size=\"sm\"><strong data-start=\"5161\" data-end=\"5182\">Capacit\u00e9 r\u00e9actifs<\/strong><\/td>\n<td data-start=\"5183\" data-end=\"5251\" data-col-size=\"md\">25 positions r\u00e9frig\u00e9r\u00e9es<\/td>\n<\/tr>\n<tr data-start=\"5252\" data-end=\"5330\">\n<td data-start=\"5252\" data-end=\"5277\" data-col-size=\"sm\"><strong data-start=\"5254\" data-end=\"5276\">Volume \u00e9chantillon<\/strong><\/td>\n<td data-start=\"5277\" data-end=\"5330\" data-col-size=\"md\">10\u2013200 \u00b5L<\/td>\n<\/tr>\n<tr data-start=\"5331\" data-end=\"5429\">\n<td data-start=\"5331\" data-end=\"5346\" data-col-size=\"sm\"><strong data-start=\"5333\" data-end=\"5345\">Principe<\/strong><\/td>\n<td data-start=\"5346\" data-end=\"5429\" data-col-size=\"md\">CLIA, s\u00e9paration magn\u00e9tique en 4 phases<\/td>\n<\/tr>\n<tr data-start=\"5430\" data-end=\"5516\">\n<td data-start=\"5430\" data-end=\"5457\" data-col-size=\"sm\"><strong data-start=\"5432\" data-end=\"5456\">Temp\u00e9rature r\u00e9action<\/strong><\/td>\n<td data-start=\"5457\" data-end=\"5516\" data-col-size=\"md\">~37 \u00b0C \u00b1 0,3 \u00b0C<\/td>\n<\/tr>\n<tr data-start=\"5517\" data-end=\"5599\">\n<td data-start=\"5517\" data-end=\"5539\" data-col-size=\"sm\"><strong data-start=\"5519\" data-end=\"5538\">Dimensions (mm)<\/strong><\/td>\n<td data-start=\"5539\" data-end=\"5599\" data-col-size=\"md\">1400 \u00d7 760 \u00d7 600<\/td>\n<\/tr>\n<tr data-start=\"5600\" data-end=\"5663\">\n<td data-start=\"5600\" data-end=\"5612\" data-col-size=\"sm\"><strong data-start=\"5602\" data-end=\"5611\">Poids<\/strong><\/td>\n<td data-start=\"5612\" data-end=\"5663\" data-col-size=\"md\">~225 kg<\/td>\n<\/tr>\n<\/tbody>\n<\/table>\n<\/div>\n<\/div>","protected":false},"excerpt":{"rendered":"<p>Le <strong data-start=\"288\" data-end=\"308\">Mindray CL-1200i<\/strong> est un <strong data-start=\"316\" data-end=\"379\">analyseur d\u2019immunoessais par chimioluminescence automatique<\/strong>, compact mais performant, con\u00e7u pour les laboratoires \u00e0 charge <strong data-start=\"443\" data-end=\"478\">moyenne de tests immunologiques<\/strong>. Il offre un flux de travail simple et une capacit\u00e9 \u00e9lev\u00e9e de r\u00e9actifs et d\u2019\u00e9chantillons tout en permettant le chargement continu sans interruption.<\/p>\n<p><strong>Fiche technique :<\/strong> <a href=\"https:\/\/mega.nz\/file\/y1YwhYxK#9aSCL75I0lr4yMcjniifasVFQcm3BRfUCGDPdpwCojQ\">T\u00e9l\u00e9charger ici\u00a0<\/a><\/p>","protected":false},"featured_media":5803,"comment_status":"open","ping_status":"closed","template":"","meta":{"content-type":"","site-sidebar-layout":"default","site-content-layout":"","ast-site-content-layout":"default","site-content-style":"default","site-sidebar-style":"default","ast-global-header-display":"","ast-banner-title-visibility":"","ast-main-header-display":"","ast-hfb-above-header-display":"","ast-hfb-below-header-display":"","ast-hfb-mobile-header-display":"","site-post-title":"","ast-breadcrumbs-content":"","ast-featured-img":"","footer-sml-layout":"","theme-transparent-header-meta":"default","adv-header-id-meta":"","stick-header-meta":"","header-above-stick-meta":"","header-main-stick-meta":"","header-below-stick-meta":"","astra-migrate-meta-layouts":"set","ast-page-background-enabled":"default","ast-page-background-meta":{"desktop":{"background-color":"","background-image":"","background-repeat":"repeat","background-position":"center center","background-size":"auto","background-attachment":"scroll","background-type":"","background-media":"","overlay-type":"","overlay-color":"","overlay-opacity":"","overlay-gradient":""},"tablet":{"background-color":"","background-image":"","background-repeat":"repeat","background-position":"center center","background-size":"auto","background-attachment":"scroll","background-type":"","background-media":"","overlay-type":"","overlay-color":"","overlay-opacity":"","overlay-gradient":""},"mobile":{"background-color":"","background-image":"","background-repeat":"repeat","background-position":"center center","background-size":"auto","background-attachment":"scroll","background-type":"","background-media":"","overlay-type":"","overlay-color":"","overlay-opacity":"","overlay-gradient":""}},"ast-content-background-meta":{"desktop":{"background-color":"var(--ast-global-color-5)","background-image":"","background-repeat":"repeat","background-position":"center center","background-size":"auto","background-attachment":"scroll","background-type":"","background-media":"","overlay-type":"","overlay-color":"","overlay-opacity":"","overlay-gradient":""},"tablet":{"background-color":"var(--ast-global-color-5)","background-image":"","background-repeat":"repeat","background-position":"center center","background-size":"auto","background-attachment":"scroll","background-type":"","background-media":"","overlay-type":"","overlay-color":"","overlay-opacity":"","overlay-gradient":""},"mobile":{"background-color":"var(--ast-global-color-5)","background-image":"","background-repeat":"repeat","background-position":"center center","background-size":"auto","background-attachment":"scroll","background-type":"","background-media":"","overlay-type":"","overlay-color":"","overlay-opacity":"","overlay-gradient":""}}},"product_brand":[],"product_cat":[215],"product_tag":[],"class_list":{"0":"post-5801","1":"product","2":"type-product","3":"status-publish","4":"has-post-thumbnail","6":"product_cat-immuno-essaie","7":"desktop-align-left","8":"tablet-align-left","9":"mobile-align-left","11":"first","12":"instock","13":"taxable","14":"shipping-taxable","15":"product-type-simple"},"yoast_head":"<!-- This site is optimized with the Yoast SEO plugin v25.4 - https:\/\/yoast.com\/wordpress\/plugins\/seo\/ -->\n<title>CL 1200i -<\/title>\n<meta name=\"description\" content=\"Analyseur immunologique par chimioluminescence Mindray CL-1200i : jusqu\u2019\u00e0 180 tests\/heure, chargement continu, r\u00e9actifs r\u00e9frig\u00e9r\u00e9s et r\u00e9sultats fiables pour laboratoires cliniques de moyenne capacit\u00e9.\" \/>\n<meta name=\"robots\" content=\"index, follow, max-snippet:-1, max-image-preview:large, max-video-preview:-1\" \/>\n<link rel=\"canonical\" href=\"https:\/\/ascomedic.dz\/en\/product\/cl-1200i\/\" \/>\n<meta property=\"og:locale\" content=\"en_GB\" \/>\n<meta property=\"og:type\" content=\"article\" \/>\n<meta property=\"og:title\" content=\"CL 1200i -\" \/>\n<meta property=\"og:description\" content=\"Analyseur immunologique par chimioluminescence Mindray CL-1200i : jusqu\u2019\u00e0 180 tests\/heure, chargement continu, r\u00e9actifs r\u00e9frig\u00e9r\u00e9s et r\u00e9sultats fiables pour laboratoires cliniques de moyenne capacit\u00e9.\" \/>\n<meta property=\"og:url\" content=\"https:\/\/ascomedic.dz\/en\/product\/cl-1200i\/\" \/>\n<meta property=\"article:modified_time\" content=\"2026-01-20T21:59:58+00:00\" \/>\n<meta property=\"og:image\" content=\"https:\/\/ascomedic.dz\/wp-content\/uploads\/2026\/01\/CL-1200i-2-scaled.png\" \/>\n\t<meta property=\"og:image:width\" content=\"2560\" \/>\n\t<meta property=\"og:image:height\" content=\"1518\" \/>\n\t<meta property=\"og:image:type\" content=\"image\/png\" \/>\n<meta name=\"twitter:card\" content=\"summary_large_image\" \/>\n<meta name=\"twitter:label1\" content=\"Estimated reading time\" \/>\n\t<meta name=\"twitter:data1\" content=\"3 minutes\" \/>\n<script type=\"application\/ld+json\" class=\"yoast-schema-graph\">{\"@context\":\"https:\/\/schema.org\",\"@graph\":[{\"@type\":\"WebPage\",\"@id\":\"https:\/\/ascomedic.dz\/produit\/cl-1200i\/\",\"url\":\"https:\/\/ascomedic.dz\/produit\/cl-1200i\/\",\"name\":\"CL 1200i -\",\"isPartOf\":{\"@id\":\"https:\/\/ascomedic.dz\/#website\"},\"primaryImageOfPage\":{\"@id\":\"https:\/\/ascomedic.dz\/produit\/cl-1200i\/#primaryimage\"},\"image\":{\"@id\":\"https:\/\/ascomedic.dz\/produit\/cl-1200i\/#primaryimage\"},\"thumbnailUrl\":\"https:\/\/ascomedic.dz\/wp-content\/uploads\/2026\/01\/CL-1200i-2-scaled.png\",\"datePublished\":\"2026-01-16T22:06:12+00:00\",\"dateModified\":\"2026-01-20T21:59:58+00:00\",\"description\":\"Analyseur immunologique par chimioluminescence Mindray CL-1200i : jusqu\u2019\u00e0 180 tests\/heure, chargement continu, r\u00e9actifs r\u00e9frig\u00e9r\u00e9s et r\u00e9sultats fiables pour laboratoires cliniques de moyenne capacit\u00e9.\",\"breadcrumb\":{\"@id\":\"https:\/\/ascomedic.dz\/produit\/cl-1200i\/#breadcrumb\"},\"inLanguage\":\"en-GB\",\"potentialAction\":[{\"@type\":\"ReadAction\",\"target\":[\"https:\/\/ascomedic.dz\/produit\/cl-1200i\/\"]}]},{\"@type\":\"ImageObject\",\"inLanguage\":\"en-GB\",\"@id\":\"https:\/\/ascomedic.dz\/produit\/cl-1200i\/#primaryimage\",\"url\":\"https:\/\/ascomedic.dz\/wp-content\/uploads\/2026\/01\/CL-1200i-2-scaled.png\",\"contentUrl\":\"https:\/\/ascomedic.dz\/wp-content\/uploads\/2026\/01\/CL-1200i-2-scaled.png\",\"width\":2560,\"height\":1518},{\"@type\":\"BreadcrumbList\",\"@id\":\"https:\/\/ascomedic.dz\/produit\/cl-1200i\/#breadcrumb\",\"itemListElement\":[{\"@type\":\"ListItem\",\"position\":1,\"name\":\"Accueil\",\"item\":\"https:\/\/ascomedic.dz\/\"},{\"@type\":\"ListItem\",\"position\":2,\"name\":\"Boutique\",\"item\":\"https:\/\/ascomedic.dz\/boutique\/\"},{\"@type\":\"ListItem\",\"position\":3,\"name\":\"CL 1200i\"}]},{\"@type\":\"WebSite\",\"@id\":\"https:\/\/ascomedic.dz\/#website\",\"url\":\"https:\/\/ascomedic.dz\/\",\"name\":\"\",\"description\":\"\",\"potentialAction\":[{\"@type\":\"SearchAction\",\"target\":{\"@type\":\"EntryPoint\",\"urlTemplate\":\"https:\/\/ascomedic.dz\/?s={search_term_string}\"},\"query-input\":{\"@type\":\"PropertyValueSpecification\",\"valueRequired\":true,\"valueName\":\"search_term_string\"}}],\"inLanguage\":\"en-GB\"}]}<\/script>\n<!-- \/ Yoast SEO plugin. -->","yoast_head_json":{"title":"CL 1200i -","description":"Analyseur immunologique par chimioluminescence Mindray CL-1200i : jusqu\u2019\u00e0 180 tests\/heure, chargement continu, r\u00e9actifs r\u00e9frig\u00e9r\u00e9s et r\u00e9sultats fiables pour laboratoires cliniques de moyenne capacit\u00e9.","robots":{"index":"index","follow":"follow","max-snippet":"max-snippet:-1","max-image-preview":"max-image-preview:large","max-video-preview":"max-video-preview:-1"},"canonical":"https:\/\/ascomedic.dz\/en\/product\/cl-1200i\/","og_locale":"en_GB","og_type":"article","og_title":"CL 1200i -","og_description":"Analyseur immunologique par chimioluminescence Mindray CL-1200i : jusqu\u2019\u00e0 180 tests\/heure, chargement continu, r\u00e9actifs r\u00e9frig\u00e9r\u00e9s et r\u00e9sultats fiables pour laboratoires cliniques de moyenne capacit\u00e9.","og_url":"https:\/\/ascomedic.dz\/en\/product\/cl-1200i\/","article_modified_time":"2026-01-20T21:59:58+00:00","og_image":[{"width":2560,"height":1518,"url":"https:\/\/ascomedic.dz\/wp-content\/uploads\/2026\/01\/CL-1200i-2-scaled.png","type":"image\/png"}],"twitter_card":"summary_large_image","twitter_misc":{"Estimated reading time":"3 minutes"},"schema":{"@context":"https:\/\/schema.org","@graph":[{"@type":"WebPage","@id":"https:\/\/ascomedic.dz\/produit\/cl-1200i\/","url":"https:\/\/ascomedic.dz\/produit\/cl-1200i\/","name":"CL 1200i -","isPartOf":{"@id":"https:\/\/ascomedic.dz\/#website"},"primaryImageOfPage":{"@id":"https:\/\/ascomedic.dz\/produit\/cl-1200i\/#primaryimage"},"image":{"@id":"https:\/\/ascomedic.dz\/produit\/cl-1200i\/#primaryimage"},"thumbnailUrl":"https:\/\/ascomedic.dz\/wp-content\/uploads\/2026\/01\/CL-1200i-2-scaled.png","datePublished":"2026-01-16T22:06:12+00:00","dateModified":"2026-01-20T21:59:58+00:00","description":"Analyseur immunologique par chimioluminescence Mindray CL-1200i : jusqu\u2019\u00e0 180 tests\/heure, chargement continu, r\u00e9actifs r\u00e9frig\u00e9r\u00e9s et r\u00e9sultats fiables pour laboratoires cliniques de moyenne capacit\u00e9.","breadcrumb":{"@id":"https:\/\/ascomedic.dz\/produit\/cl-1200i\/#breadcrumb"},"inLanguage":"en-GB","potentialAction":[{"@type":"ReadAction","target":["https:\/\/ascomedic.dz\/produit\/cl-1200i\/"]}]},{"@type":"ImageObject","inLanguage":"en-GB","@id":"https:\/\/ascomedic.dz\/produit\/cl-1200i\/#primaryimage","url":"https:\/\/ascomedic.dz\/wp-content\/uploads\/2026\/01\/CL-1200i-2-scaled.png","contentUrl":"https:\/\/ascomedic.dz\/wp-content\/uploads\/2026\/01\/CL-1200i-2-scaled.png","width":2560,"height":1518},{"@type":"BreadcrumbList","@id":"https:\/\/ascomedic.dz\/produit\/cl-1200i\/#breadcrumb","itemListElement":[{"@type":"ListItem","position":1,"name":"Accueil","item":"https:\/\/ascomedic.dz\/"},{"@type":"ListItem","position":2,"name":"Boutique","item":"https:\/\/ascomedic.dz\/boutique\/"},{"@type":"ListItem","position":3,"name":"CL 1200i"}]},{"@type":"WebSite","@id":"https:\/\/ascomedic.dz\/#website","url":"https:\/\/ascomedic.dz\/","name":"","description":"","potentialAction":[{"@type":"SearchAction","target":{"@type":"EntryPoint","urlTemplate":"https:\/\/ascomedic.dz\/?s={search_term_string}"},"query-input":{"@type":"PropertyValueSpecification","valueRequired":true,"valueName":"search_term_string"}}],"inLanguage":"en-GB"}]}},"_links":{"self":[{"href":"https:\/\/ascomedic.dz\/en\/wp-json\/wp\/v2\/product\/5801","targetHints":{"allow":["GET"]}}],"collection":[{"href":"https:\/\/ascomedic.dz\/en\/wp-json\/wp\/v2\/product"}],"about":[{"href":"https:\/\/ascomedic.dz\/en\/wp-json\/wp\/v2\/types\/product"}],"replies":[{"embeddable":true,"href":"https:\/\/ascomedic.dz\/en\/wp-json\/wp\/v2\/comments?post=5801"}],"version-history":[{"count":1,"href":"https:\/\/ascomedic.dz\/en\/wp-json\/wp\/v2\/product\/5801\/revisions"}],"predecessor-version":[{"id":5804,"href":"https:\/\/ascomedic.dz\/en\/wp-json\/wp\/v2\/product\/5801\/revisions\/5804"}],"wp:featuredmedia":[{"embeddable":true,"href":"https:\/\/ascomedic.dz\/en\/wp-json\/wp\/v2\/media\/5803"}],"wp:attachment":[{"href":"https:\/\/ascomedic.dz\/en\/wp-json\/wp\/v2\/media?parent=5801"}],"wp:term":[{"taxonomy":"product_brand","embeddable":true,"href":"https:\/\/ascomedic.dz\/en\/wp-json\/wp\/v2\/product_brand?post=5801"},{"taxonomy":"product_cat","embeddable":true,"href":"https:\/\/ascomedic.dz\/en\/wp-json\/wp\/v2\/product_cat?post=5801"},{"taxonomy":"product_tag","embeddable":true,"href":"https:\/\/ascomedic.dz\/en\/wp-json\/wp\/v2\/product_tag?post=5801"}],"curies":[{"name":"wp","href":"https:\/\/api.w.org\/{rel}","templated":true}]}}