{"id":5794,"date":"2026-01-16T22:38:46","date_gmt":"2026-01-16T21:38:46","guid":{"rendered":"https:\/\/ascomedic.dz\/?post_type=product&#038;p=5794"},"modified":"2026-01-20T23:00:09","modified_gmt":"2026-01-20T22:00:09","slug":"bc-6200","status":"publish","type":"product","link":"https:\/\/ascomedic.dz\/en\/product\/bc-6200\/","title":{"rendered":"BC 6200"},"content":{"rendered":"<h3 data-start=\"642\" data-end=\"675\"><strong data-start=\"648\" data-end=\"675\">Principes &amp; Technologie :<\/strong><\/h3>\n<ul data-start=\"676\" data-end=\"1148\">\n<li data-start=\"676\" data-end=\"883\">\n<p data-start=\"678\" data-end=\"883\"><strong data-start=\"678\" data-end=\"701\">Technologie SF Cube<\/strong> : Optique et syst\u00e8me de r\u00e9actifs avanc\u00e9s pour une meilleure diff\u00e9renciation des populations cellulaires, incluant les granulocytes immatures.<\/p>\n<\/li>\n<li data-start=\"884\" data-end=\"1048\">\n<p data-start=\"886\" data-end=\"1048\"><strong data-start=\"886\" data-end=\"907\">M\u00e9thode de mesure<\/strong> : Imp\u00e9dance pour RBC et PLT, cytom\u00e9trie par diffusion\/fluorescence pour leucocytes et r\u00e9ticulocytes.<\/p>\n<\/li>\n<li data-start=\"1049\" data-end=\"1148\">\n<p data-start=\"1051\" data-end=\"1148\"><strong data-start=\"1051\" data-end=\"1062\">R\u00e9actif<\/strong> : Sans cyanure pour l\u2019analyse de l\u2019h\u00e9moglobine.<\/p>\n<\/li>\n<\/ul>\n<h3 data-start=\"1155\" data-end=\"1177\"><strong data-start=\"1161\" data-end=\"1177\">Performances :<\/strong><\/h3>\n<ul data-start=\"1178\" data-end=\"1534\">\n<li data-start=\"1178\" data-end=\"1273\">\n<p data-start=\"1180\" data-end=\"1273\"><strong data-start=\"1180\" data-end=\"1189\">D\u00e9bit<\/strong> : Jusqu\u2019\u00e0 <strong data-start=\"1200\" data-end=\"1219\">110 tests\/heure<\/strong> (CBC + Diff).<\/p>\n<\/li>\n<li data-start=\"1274\" data-end=\"1397\">\n<p data-start=\"1276\" data-end=\"1397\"><strong data-start=\"1276\" data-end=\"1301\">Capacit\u00e9 \u00e9chantillons<\/strong> : Chargement jusqu\u2019\u00e0 <strong data-start=\"1323\" data-end=\"1342\">50 \u00e9chantillons<\/strong> simultan\u00e9ment.<\/p>\n<\/li>\n<li data-start=\"1398\" data-end=\"1534\">\n<p data-start=\"1400\" data-end=\"1435\"><strong data-start=\"1400\" data-end=\"1431\">Volume d\u2019\u00e9chantillon requis<\/strong> :<\/p>\n<ul data-start=\"1438\" data-end=\"1534\">\n<li data-start=\"1438\" data-end=\"1464\">\n<p data-start=\"1440\" data-end=\"1464\">Sang total : <strong data-start=\"1453\" data-end=\"1462\">80 \u00b5L<\/strong><\/p>\n<\/li>\n<li data-start=\"1467\" data-end=\"1534\">\n<p data-start=\"1469\" data-end=\"1534\">Sang capillaire : <strong data-start=\"1487\" data-end=\"1496\">35 \u00b5L<\/strong><\/p>\n<\/li>\n<\/ul>\n<\/li>\n<\/ul>\n<h3 data-start=\"1541\" data-end=\"1569\"><strong data-start=\"1547\" data-end=\"1569\">Param\u00e8tres Mesur\u00e9s :<\/strong><\/h3>\n<h3 data-start=\"1571\" data-end=\"1606\">\u2714 <strong data-start=\"1577\" data-end=\"1606\">Param\u00e8tres standards (37) :<\/strong><\/h3>\n<p data-start=\"1607\" data-end=\"1724\">Inclut : WBC, RBC, HGB, HCT, MCV, MCH, MCHC, RDW, PLT, MPV, PDW, PCT et autres.<\/p>\n<h3 data-start=\"1726\" data-end=\"1765\">\u2714 <strong data-start=\"1732\" data-end=\"1765\">Param\u00e8tres de recherche (29+) :<\/strong><\/h3>\n<p data-start=\"1766\" data-end=\"1799\">Inclut des param\u00e8tres avanc\u00e9s :<\/p>\n<ul data-start=\"1800\" data-end=\"1989\">\n<li data-start=\"1800\" data-end=\"1839\">\n<p data-start=\"1802\" data-end=\"1839\">HFC (Blasts &amp; atypical lymphocytes)<\/p>\n<\/li>\n<li data-start=\"1840\" data-end=\"1877\">\n<p data-start=\"1842\" data-end=\"1877\">NLR (Neutrophil\/Lymphocyte Ratio)<\/p>\n<\/li>\n<li data-start=\"1878\" data-end=\"1914\">\n<p data-start=\"1880\" data-end=\"1914\">IPF (Immature Platelet Fraction)<\/p>\n<\/li>\n<li data-start=\"1915\" data-end=\"1989\">\n<p data-start=\"1917\" data-end=\"1989\">et autres m\u00e9triques exploratoires.<\/p>\n<\/li>\n<\/ul>\n<h3 data-start=\"1991\" data-end=\"2029\">\u2714 <strong data-start=\"1997\" data-end=\"2029\">Param\u00e8tres fluides corporels :<\/strong><\/h3>\n<p data-start=\"2030\" data-end=\"2181\">Mesure des cellules dans diff\u00e9rents liquides corporels (pleural, periton\u00e9al, synovial, CSF) sans r\u00e9actifs d\u00e9di\u00e9s.<\/p>\n<h3 data-start=\"2188\" data-end=\"2216\"><strong data-start=\"2194\" data-end=\"2216\">Fonctions avanc\u00e9es :<\/strong><\/h3>\n<ul data-start=\"2217\" data-end=\"2799\">\n<li data-start=\"2217\" data-end=\"2373\">\n<p data-start=\"2219\" data-end=\"2373\"><strong data-start=\"2219\" data-end=\"2250\">NRBC inclus dans chaque CBC<\/strong> : Permet la d\u00e9tection des globules rouges nucl\u00e9\u00e9s sans r\u00e9actifs suppl\u00e9mentaires.<\/p>\n<\/li>\n<li data-start=\"2374\" data-end=\"2526\">\n<p data-start=\"2376\" data-end=\"2526\"><strong data-start=\"2376\" data-end=\"2389\">Ratio NLR<\/strong> : Calcul automatique du rapport neutrophiles\/lymphocytes, utile comme marqueur d\u2019inflammation.<\/p>\n<\/li>\n<li data-start=\"2527\" data-end=\"2643\">\n<p data-start=\"2529\" data-end=\"2643\"><strong data-start=\"2529\" data-end=\"2566\">R\u00e9ticulocytes &amp; PLT-O plus pr\u00e9cis<\/strong> gr\u00e2ce \u00e0 la fluorescence am\u00e9lior\u00e9e.<\/p>\n<\/li>\n<li data-start=\"2644\" data-end=\"2799\">\n<p data-start=\"2646\" data-end=\"2799\"><strong data-start=\"2646\" data-end=\"2675\">Auto-rerun &amp; reflex tests<\/strong> : L\u2019appareil peut relancer des tests selon des crit\u00e8res pr\u00e9d\u00e9finis automatiquement.<\/p>\n<\/li>\n<\/ul>\n<h3 data-start=\"2806\" data-end=\"2835\"><strong data-start=\"2812\" data-end=\"2835\">Stockage &amp; Logiciel :<\/strong><\/h3>\n<ul data-start=\"2836\" data-end=\"3298\">\n<li data-start=\"2836\" data-end=\"2983\">\n<p data-start=\"2838\" data-end=\"2983\"><strong data-start=\"2838\" data-end=\"2862\">Capacit\u00e9 de stockage<\/strong> : Jusqu\u2019\u00e0 <strong data-start=\"2873\" data-end=\"2894\">100 000 r\u00e9sultats<\/strong> incluant les donn\u00e9es num\u00e9riques et graphiques.<\/p>\n<\/li>\n<li data-start=\"2984\" data-end=\"3155\">\n<p data-start=\"2986\" data-end=\"3155\"><strong data-start=\"2986\" data-end=\"3007\">Logiciel LabXpert<\/strong> : Int\u00e9gr\u00e9 pour optimiser l\u2019analyse des donn\u00e9es, r\u00e9vision et validation automatique des r\u00e9sultats normaux.<\/p>\n<\/li>\n<li data-start=\"3156\" data-end=\"3298\">\n<p data-start=\"3158\" data-end=\"3298\"><strong data-start=\"3158\" data-end=\"3174\">Connectivit\u00e9<\/strong> : Compatible avec LIS\/HIS pour int\u00e9gration au syst\u00e8me d\u2019information du laboratoire.<\/p>\n<\/li>\n<\/ul>\n<h3 data-start=\"3305\" data-end=\"3328\"><strong data-start=\"3310\" data-end=\"3328\">Avantages Cl\u00e9s :<\/strong><\/h3>\n<ul data-start=\"3329\" data-end=\"3712\">\n<li data-start=\"3329\" data-end=\"3469\">\n<p data-start=\"3331\" data-end=\"3469\"><strong data-start=\"3331\" data-end=\"3362\">Faible volume d\u2019\u00e9chantillon<\/strong> requis, id\u00e9al pour p\u00e9diatrie et patients \u00e0 faible acc\u00e8s veineux.<\/p>\n<\/li>\n<li data-start=\"3470\" data-end=\"3587\">\n<p data-start=\"3472\" data-end=\"3587\"><strong data-start=\"3472\" data-end=\"3508\">Consommation r\u00e9duite de r\u00e9actifs<\/strong>, diminuant les co\u00fbts d\u2019exploitation.<\/p>\n<\/li>\n<li data-start=\"3588\" data-end=\"3712\">\n<p data-start=\"3590\" data-end=\"3712\"><strong data-start=\"3590\" data-end=\"3622\">Compact et facile \u00e0 int\u00e9grer<\/strong> dans n\u2019importe quel environnement de laboratoire.<\/p>\n<\/li>\n<\/ul>\n<h3 data-start=\"3719\" data-end=\"3754\"><strong data-start=\"3725\" data-end=\"3754\">R\u00e9sum\u00e9 des Sp\u00e9cifications :<\/strong><\/h3>\n<div class=\"TyagGW_tableContainer\">\n<div class=\"group TyagGW_tableWrapper flex flex-col-reverse w-fit\" tabindex=\"-1\">\n<table class=\"w-fit min-w-(--thread-content-width)\" data-start=\"3756\" data-end=\"4499\">\n<thead data-start=\"3756\" data-end=\"3783\">\n<tr data-start=\"3756\" data-end=\"3783\">\n<th data-start=\"3756\" data-end=\"3766\" data-col-size=\"sm\">\u00c9l\u00e9ment<\/th>\n<th data-start=\"3766\" data-end=\"3783\" data-col-size=\"md\">Sp\u00e9cification<\/th>\n<\/tr>\n<\/thead>\n<tbody data-start=\"3812\" data-end=\"4499\">\n<tr data-start=\"3812\" data-end=\"3911\">\n<td data-start=\"3812\" data-end=\"3819\" data-col-size=\"sm\">Type<\/td>\n<td data-start=\"3819\" data-end=\"3911\" data-col-size=\"md\">Analyseur h\u00e9matologique automatique 5-part diff.<\/td>\n<\/tr>\n<tr data-start=\"3912\" data-end=\"4005\">\n<td data-start=\"3912\" data-end=\"3926\" data-col-size=\"sm\">Technologie<\/td>\n<td data-start=\"3926\" data-end=\"4005\" data-col-size=\"md\">SF Cube + fluorescence &amp; imp\u00e9dance.<\/td>\n<\/tr>\n<tr data-start=\"4006\" data-end=\"4082\">\n<td data-start=\"4006\" data-end=\"4014\" data-col-size=\"sm\">D\u00e9bit<\/td>\n<td data-start=\"4014\" data-end=\"4082\" data-col-size=\"md\">Jusqu\u2019\u00e0 110 tests\/heure.<\/td>\n<\/tr>\n<tr data-start=\"4083\" data-end=\"4187\">\n<td data-start=\"4083\" data-end=\"4104\" data-col-size=\"sm\">Volume \u00e9chantillon<\/td>\n<td data-start=\"4104\" data-end=\"4187\" data-col-size=\"md\">80 \u00b5L (sang total), 35 \u00b5L (capillaire).<\/td>\n<\/tr>\n<tr data-start=\"4188\" data-end=\"4296\">\n<td data-start=\"4188\" data-end=\"4209\" data-col-size=\"sm\">Param\u00e8tres mesur\u00e9s<\/td>\n<td data-start=\"4209\" data-end=\"4296\" data-col-size=\"md\">37 standards + 29 de recherche + 7 fluides.<\/td>\n<\/tr>\n<tr data-start=\"4297\" data-end=\"4388\">\n<td data-start=\"4297\" data-end=\"4318\" data-col-size=\"sm\">Stockage r\u00e9sultats<\/td>\n<td data-start=\"4318\" data-end=\"4388\" data-col-size=\"md\">Jusqu\u2019\u00e0 100 000 r\u00e9sultats.<\/td>\n<\/tr>\n<tr data-start=\"4389\" data-end=\"4499\">\n<td data-start=\"4389\" data-end=\"4403\" data-col-size=\"sm\">Maintenance<\/td>\n<td data-start=\"4403\" data-end=\"4499\" data-col-size=\"md\">Nettoyage quotidien facile avec rappel Auto-Protect.<\/td>\n<\/tr>\n<\/tbody>\n<\/table>\n<h3 data-start=\"4506\" data-end=\"4538\"><strong data-start=\"4512\" data-end=\"4538\">Applications cliniques :<\/strong><\/h3>\n<p data-start=\"4539\" data-end=\"4884\">Le <strong data-start=\"4542\" data-end=\"4553\">BC-6200<\/strong> est adapt\u00e9 pour r\u00e9aliser des <strong data-start=\"4583\" data-end=\"4625\">num\u00e9rations formule sanguine compl\u00e8tes<\/strong>, des <strong data-start=\"4631\" data-end=\"4655\">diff\u00e9rentiels 5-part<\/strong>, des comptages de <strong data-start=\"4674\" data-end=\"4699\">NRBC et r\u00e9ticulocytes<\/strong>, ainsi que des <strong data-start=\"4715\" data-end=\"4749\">analyses de liquides corporels<\/strong> &#8211; parfait pour les laboratoires hospitaliers, cliniques et cabinets m\u00e9dicaux \u00e0 charge moyenne.<\/p>\n<\/div>\n<\/div>","protected":false},"excerpt":{"rendered":"<p>Le <strong data-start=\"203\" data-end=\"222\">Mindray BC-6200<\/strong> est un <strong data-start=\"230\" data-end=\"289\">analyseur h\u00e9matologique automatique 5-part differential<\/strong> con\u00e7u pour les laboratoires cliniques de taille moyenne, offrant des <strong data-start=\"359\" data-end=\"401\">r\u00e9sultats pr\u00e9cis, rapides et d\u00e9taill\u00e9s<\/strong> pour les formules sanguines compl\u00e8tes et les param\u00e8tres avanc\u00e9s. Il combine une technologie optique avanc\u00e9e et des algorithmes intelligents pour une meilleure d\u00e9tection des anomalies cellulaires.<\/p>\n<p><strong>Fiche technique :<\/strong> <a href=\"https:\/\/mega.nz\/file\/D0hjHDpB#OTpKSpclzscKcyB6rVI7xxl83YDy1cBKMftUt5UazwY\">T\u00e9l\u00e9charger ici<\/a><\/p>\n<p>&nbsp;<\/p>\n<p>&nbsp;<\/p>","protected":false},"featured_media":5795,"comment_status":"open","ping_status":"closed","template":"","meta":{"content-type":"","site-sidebar-layout":"default","site-content-layout":"","ast-site-content-layout":"default","site-content-style":"default","site-sidebar-style":"default","ast-global-header-display":"","ast-banner-title-visibility":"","ast-main-header-display":"","ast-hfb-above-header-display":"","ast-hfb-below-header-display":"","ast-hfb-mobile-header-display":"","site-post-title":"","ast-breadcrumbs-content":"","ast-featured-img":"","footer-sml-layout":"","theme-transparent-header-meta":"default","adv-header-id-meta":"","stick-header-meta":"","header-above-stick-meta":"","header-main-stick-meta":"","header-below-stick-meta":"","astra-migrate-meta-layouts":"set","ast-page-background-enabled":"default","ast-page-background-meta":{"desktop":{"background-color":"","background-image":"","background-repeat":"repeat","background-position":"center center","background-size":"auto","background-attachment":"scroll","background-type":"","background-media":"","overlay-type":"","overlay-color":"","overlay-opacity":"","overlay-gradient":""},"tablet":{"background-color":"","background-image":"","background-repeat":"repeat","background-position":"center center","background-size":"auto","background-attachment":"scroll","background-type":"","background-media":"","overlay-type":"","overlay-color":"","overlay-opacity":"","overlay-gradient":""},"mobile":{"background-color":"","background-image":"","background-repeat":"repeat","background-position":"center center","background-size":"auto","background-attachment":"scroll","background-type":"","background-media":"","overlay-type":"","overlay-color":"","overlay-opacity":"","overlay-gradient":""}},"ast-content-background-meta":{"desktop":{"background-color":"var(--ast-global-color-5)","background-image":"","background-repeat":"repeat","background-position":"center center","background-size":"auto","background-attachment":"scroll","background-type":"","background-media":"","overlay-type":"","overlay-color":"","overlay-opacity":"","overlay-gradient":""},"tablet":{"background-color":"var(--ast-global-color-5)","background-image":"","background-repeat":"repeat","background-position":"center center","background-size":"auto","background-attachment":"scroll","background-type":"","background-media":"","overlay-type":"","overlay-color":"","overlay-opacity":"","overlay-gradient":""},"mobile":{"background-color":"var(--ast-global-color-5)","background-image":"","background-repeat":"repeat","background-position":"center center","background-size":"auto","background-attachment":"scroll","background-type":"","background-media":"","overlay-type":"","overlay-color":"","overlay-opacity":"","overlay-gradient":""}}},"product_brand":[],"product_cat":[213],"product_tag":[],"class_list":{"0":"post-5794","1":"product","2":"type-product","3":"status-publish","4":"has-post-thumbnail","6":"product_cat-hematologie","7":"desktop-align-left","8":"tablet-align-left","9":"mobile-align-left","11":"first","12":"instock","13":"taxable","14":"shipping-taxable","15":"product-type-simple"},"yoast_head":"<!-- This site is optimized with the Yoast SEO plugin v25.4 - https:\/\/yoast.com\/wordpress\/plugins\/seo\/ -->\n<title>BC 6200 -<\/title>\n<meta name=\"description\" content=\"Analyseur h\u00e9matologique automatique Mindray BC-6200 : diff\u00e9rentiel 5 populations, jusqu\u2019\u00e0 110 tests\/heure, technologie SF Cube, faible volume d\u2019\u00e9chantillon et r\u00e9sultats pr\u00e9cis pour laboratoires cliniques.\" \/>\n<meta name=\"robots\" content=\"index, follow, max-snippet:-1, max-image-preview:large, max-video-preview:-1\" \/>\n<link rel=\"canonical\" href=\"https:\/\/ascomedic.dz\/en\/product\/bc-6200\/\" \/>\n<meta property=\"og:locale\" content=\"en_GB\" \/>\n<meta property=\"og:type\" content=\"article\" \/>\n<meta property=\"og:title\" content=\"BC 6200 -\" \/>\n<meta property=\"og:description\" content=\"Analyseur h\u00e9matologique automatique Mindray BC-6200 : diff\u00e9rentiel 5 populations, jusqu\u2019\u00e0 110 tests\/heure, technologie SF Cube, faible volume d\u2019\u00e9chantillon et r\u00e9sultats pr\u00e9cis pour laboratoires cliniques.\" \/>\n<meta property=\"og:url\" content=\"https:\/\/ascomedic.dz\/en\/product\/bc-6200\/\" \/>\n<meta property=\"article:modified_time\" content=\"2026-01-20T22:00:09+00:00\" \/>\n<meta property=\"og:image\" content=\"https:\/\/ascomedic.dz\/wp-content\/uploads\/2026\/01\/BC-6200-6.png\" \/>\n\t<meta property=\"og:image:width\" content=\"1608\" \/>\n\t<meta property=\"og:image:height\" content=\"1596\" \/>\n\t<meta property=\"og:image:type\" content=\"image\/png\" \/>\n<meta name=\"twitter:card\" content=\"summary_large_image\" \/>\n<meta name=\"twitter:label1\" content=\"Estimated reading time\" \/>\n\t<meta name=\"twitter:data1\" content=\"2 minutes\" \/>\n<script type=\"application\/ld+json\" class=\"yoast-schema-graph\">{\"@context\":\"https:\/\/schema.org\",\"@graph\":[{\"@type\":\"WebPage\",\"@id\":\"https:\/\/ascomedic.dz\/produit\/bc-6200\/\",\"url\":\"https:\/\/ascomedic.dz\/produit\/bc-6200\/\",\"name\":\"BC 6200 -\",\"isPartOf\":{\"@id\":\"https:\/\/ascomedic.dz\/#website\"},\"primaryImageOfPage\":{\"@id\":\"https:\/\/ascomedic.dz\/produit\/bc-6200\/#primaryimage\"},\"image\":{\"@id\":\"https:\/\/ascomedic.dz\/produit\/bc-6200\/#primaryimage\"},\"thumbnailUrl\":\"https:\/\/ascomedic.dz\/wp-content\/uploads\/2026\/01\/BC-6200-6.png\",\"datePublished\":\"2026-01-16T21:38:46+00:00\",\"dateModified\":\"2026-01-20T22:00:09+00:00\",\"description\":\"Analyseur h\u00e9matologique automatique Mindray BC-6200 : diff\u00e9rentiel 5 populations, jusqu\u2019\u00e0 110 tests\/heure, technologie SF Cube, faible volume d\u2019\u00e9chantillon et r\u00e9sultats pr\u00e9cis pour laboratoires cliniques.\",\"breadcrumb\":{\"@id\":\"https:\/\/ascomedic.dz\/produit\/bc-6200\/#breadcrumb\"},\"inLanguage\":\"en-GB\",\"potentialAction\":[{\"@type\":\"ReadAction\",\"target\":[\"https:\/\/ascomedic.dz\/produit\/bc-6200\/\"]}]},{\"@type\":\"ImageObject\",\"inLanguage\":\"en-GB\",\"@id\":\"https:\/\/ascomedic.dz\/produit\/bc-6200\/#primaryimage\",\"url\":\"https:\/\/ascomedic.dz\/wp-content\/uploads\/2026\/01\/BC-6200-6.png\",\"contentUrl\":\"https:\/\/ascomedic.dz\/wp-content\/uploads\/2026\/01\/BC-6200-6.png\",\"width\":1608,\"height\":1596},{\"@type\":\"BreadcrumbList\",\"@id\":\"https:\/\/ascomedic.dz\/produit\/bc-6200\/#breadcrumb\",\"itemListElement\":[{\"@type\":\"ListItem\",\"position\":1,\"name\":\"Accueil\",\"item\":\"https:\/\/ascomedic.dz\/\"},{\"@type\":\"ListItem\",\"position\":2,\"name\":\"Boutique\",\"item\":\"https:\/\/ascomedic.dz\/boutique\/\"},{\"@type\":\"ListItem\",\"position\":3,\"name\":\"BC 6200\"}]},{\"@type\":\"WebSite\",\"@id\":\"https:\/\/ascomedic.dz\/#website\",\"url\":\"https:\/\/ascomedic.dz\/\",\"name\":\"\",\"description\":\"\",\"potentialAction\":[{\"@type\":\"SearchAction\",\"target\":{\"@type\":\"EntryPoint\",\"urlTemplate\":\"https:\/\/ascomedic.dz\/?s={search_term_string}\"},\"query-input\":{\"@type\":\"PropertyValueSpecification\",\"valueRequired\":true,\"valueName\":\"search_term_string\"}}],\"inLanguage\":\"en-GB\"}]}<\/script>\n<!-- \/ Yoast SEO plugin. -->","yoast_head_json":{"title":"BC 6200 -","description":"Analyseur h\u00e9matologique automatique Mindray BC-6200 : diff\u00e9rentiel 5 populations, jusqu\u2019\u00e0 110 tests\/heure, technologie SF Cube, faible volume d\u2019\u00e9chantillon et r\u00e9sultats pr\u00e9cis pour laboratoires cliniques.","robots":{"index":"index","follow":"follow","max-snippet":"max-snippet:-1","max-image-preview":"max-image-preview:large","max-video-preview":"max-video-preview:-1"},"canonical":"https:\/\/ascomedic.dz\/en\/product\/bc-6200\/","og_locale":"en_GB","og_type":"article","og_title":"BC 6200 -","og_description":"Analyseur h\u00e9matologique automatique Mindray BC-6200 : diff\u00e9rentiel 5 populations, jusqu\u2019\u00e0 110 tests\/heure, technologie SF Cube, faible volume d\u2019\u00e9chantillon et r\u00e9sultats pr\u00e9cis pour laboratoires cliniques.","og_url":"https:\/\/ascomedic.dz\/en\/product\/bc-6200\/","article_modified_time":"2026-01-20T22:00:09+00:00","og_image":[{"width":1608,"height":1596,"url":"https:\/\/ascomedic.dz\/wp-content\/uploads\/2026\/01\/BC-6200-6.png","type":"image\/png"}],"twitter_card":"summary_large_image","twitter_misc":{"Estimated reading time":"2 minutes"},"schema":{"@context":"https:\/\/schema.org","@graph":[{"@type":"WebPage","@id":"https:\/\/ascomedic.dz\/produit\/bc-6200\/","url":"https:\/\/ascomedic.dz\/produit\/bc-6200\/","name":"BC 6200 -","isPartOf":{"@id":"https:\/\/ascomedic.dz\/#website"},"primaryImageOfPage":{"@id":"https:\/\/ascomedic.dz\/produit\/bc-6200\/#primaryimage"},"image":{"@id":"https:\/\/ascomedic.dz\/produit\/bc-6200\/#primaryimage"},"thumbnailUrl":"https:\/\/ascomedic.dz\/wp-content\/uploads\/2026\/01\/BC-6200-6.png","datePublished":"2026-01-16T21:38:46+00:00","dateModified":"2026-01-20T22:00:09+00:00","description":"Analyseur h\u00e9matologique automatique Mindray BC-6200 : diff\u00e9rentiel 5 populations, jusqu\u2019\u00e0 110 tests\/heure, technologie SF Cube, faible volume d\u2019\u00e9chantillon et r\u00e9sultats pr\u00e9cis pour laboratoires cliniques.","breadcrumb":{"@id":"https:\/\/ascomedic.dz\/produit\/bc-6200\/#breadcrumb"},"inLanguage":"en-GB","potentialAction":[{"@type":"ReadAction","target":["https:\/\/ascomedic.dz\/produit\/bc-6200\/"]}]},{"@type":"ImageObject","inLanguage":"en-GB","@id":"https:\/\/ascomedic.dz\/produit\/bc-6200\/#primaryimage","url":"https:\/\/ascomedic.dz\/wp-content\/uploads\/2026\/01\/BC-6200-6.png","contentUrl":"https:\/\/ascomedic.dz\/wp-content\/uploads\/2026\/01\/BC-6200-6.png","width":1608,"height":1596},{"@type":"BreadcrumbList","@id":"https:\/\/ascomedic.dz\/produit\/bc-6200\/#breadcrumb","itemListElement":[{"@type":"ListItem","position":1,"name":"Accueil","item":"https:\/\/ascomedic.dz\/"},{"@type":"ListItem","position":2,"name":"Boutique","item":"https:\/\/ascomedic.dz\/boutique\/"},{"@type":"ListItem","position":3,"name":"BC 6200"}]},{"@type":"WebSite","@id":"https:\/\/ascomedic.dz\/#website","url":"https:\/\/ascomedic.dz\/","name":"","description":"","potentialAction":[{"@type":"SearchAction","target":{"@type":"EntryPoint","urlTemplate":"https:\/\/ascomedic.dz\/?s={search_term_string}"},"query-input":{"@type":"PropertyValueSpecification","valueRequired":true,"valueName":"search_term_string"}}],"inLanguage":"en-GB"}]}},"_links":{"self":[{"href":"https:\/\/ascomedic.dz\/en\/wp-json\/wp\/v2\/product\/5794","targetHints":{"allow":["GET"]}}],"collection":[{"href":"https:\/\/ascomedic.dz\/en\/wp-json\/wp\/v2\/product"}],"about":[{"href":"https:\/\/ascomedic.dz\/en\/wp-json\/wp\/v2\/types\/product"}],"replies":[{"embeddable":true,"href":"https:\/\/ascomedic.dz\/en\/wp-json\/wp\/v2\/comments?post=5794"}],"version-history":[{"count":1,"href":"https:\/\/ascomedic.dz\/en\/wp-json\/wp\/v2\/product\/5794\/revisions"}],"predecessor-version":[{"id":5796,"href":"https:\/\/ascomedic.dz\/en\/wp-json\/wp\/v2\/product\/5794\/revisions\/5796"}],"wp:featuredmedia":[{"embeddable":true,"href":"https:\/\/ascomedic.dz\/en\/wp-json\/wp\/v2\/media\/5795"}],"wp:attachment":[{"href":"https:\/\/ascomedic.dz\/en\/wp-json\/wp\/v2\/media?parent=5794"}],"wp:term":[{"taxonomy":"product_brand","embeddable":true,"href":"https:\/\/ascomedic.dz\/en\/wp-json\/wp\/v2\/product_brand?post=5794"},{"taxonomy":"product_cat","embeddable":true,"href":"https:\/\/ascomedic.dz\/en\/wp-json\/wp\/v2\/product_cat?post=5794"},{"taxonomy":"product_tag","embeddable":true,"href":"https:\/\/ascomedic.dz\/en\/wp-json\/wp\/v2\/product_tag?post=5794"}],"curies":[{"name":"wp","href":"https:\/\/api.w.org\/{rel}","templated":true}]}}