{"id":5774,"date":"2026-01-15T15:05:43","date_gmt":"2026-01-15T14:05:43","guid":{"rendered":"https:\/\/ascomedic.dz\/?post_type=product&#038;p=5774"},"modified":"2026-01-20T23:00:36","modified_gmt":"2026-01-20T22:00:36","slug":"bs-600-2","status":"publish","type":"product","link":"https:\/\/ascomedic.dz\/en\/product\/bs-600-2\/","title":{"rendered":"BS 600"},"content":{"rendered":"<h3 data-start=\"546\" data-end=\"579\"><strong data-start=\"553\" data-end=\"579\">Performance &amp; capacit\u00e9<\/strong><\/h3>\n<ul data-start=\"580\" data-end=\"1034\">\n<li data-start=\"580\" data-end=\"676\">\n<p data-start=\"582\" data-end=\"676\"><strong data-start=\"582\" data-end=\"605\">D\u00e9bit photom\u00e9trique<\/strong> : jusqu\u2019\u00e0 <strong data-start=\"616\" data-end=\"635\">600 tests\/heure<\/strong>.<\/p>\n<\/li>\n<li data-start=\"677\" data-end=\"804\">\n<p data-start=\"679\" data-end=\"804\"><strong data-start=\"679\" data-end=\"703\">Tests ISE optionnels<\/strong> : jusqu\u2019\u00e0 <strong data-start=\"714\" data-end=\"733\">240 tests\/heure<\/strong> pour \u00e9lectrolytes (Na, K, Cl).<\/p>\n<\/li>\n<li data-start=\"805\" data-end=\"943\">\n<p data-start=\"807\" data-end=\"943\"><strong data-start=\"807\" data-end=\"834\">Accessibilit\u00e9 al\u00e9atoire<\/strong> : acc\u00e8s libre aux \u00e9chantillons avec <strong data-start=\"871\" data-end=\"888\">priorit\u00e9 STAT<\/strong> pour urgences.<\/p>\n<\/li>\n<li data-start=\"944\" data-end=\"1034\">\n<p data-start=\"946\" data-end=\"1034\"><strong data-start=\"946\" data-end=\"984\">Carry-over (contamination crois\u00e9e)<\/strong> : &lt; 0,05 %.<\/p>\n<\/li>\n<\/ul>\n<h3 data-start=\"1041\" data-end=\"1076\"><strong data-start=\"1048\" data-end=\"1076\">Gestion des \u00e9chantillons<\/strong><\/h3>\n<ul data-start=\"1077\" data-end=\"1568\">\n<li data-start=\"1077\" data-end=\"1212\">\n<p data-start=\"1079\" data-end=\"1212\"><strong data-start=\"1079\" data-end=\"1105\">Positions \u00e9chantillons<\/strong> : multiple (chargeurs en continu possibles via racks ou plateaux).<\/p>\n<\/li>\n<li data-start=\"1213\" data-end=\"1320\">\n<p data-start=\"1215\" data-end=\"1320\"><strong data-start=\"1215\" data-end=\"1239\">Volume d\u2019\u00e9chantillon<\/strong> : <strong data-start=\"1242\" data-end=\"1260\">1,5 \u00b5L minimum<\/strong> (pr\u00e9cision \u00e9lev\u00e9e).<\/p>\n<\/li>\n<li data-start=\"1321\" data-end=\"1466\">\n<p data-start=\"1323\" data-end=\"1466\"><strong data-start=\"1323\" data-end=\"1342\">Fonctions sonde<\/strong> : d\u00e9tection de niveau de liquide, d\u00e9tection de caillots, protection anti-collision.<\/p>\n<\/li>\n<li data-start=\"1467\" data-end=\"1568\">\n<p data-start=\"1469\" data-end=\"1568\"><strong data-start=\"1469\" data-end=\"1493\">Dilution automatique<\/strong> : pr\u00e9- et post-dilution disponibles.<\/p>\n<\/li>\n<\/ul>\n<h3 data-start=\"1575\" data-end=\"1611\"><strong data-start=\"1582\" data-end=\"1611\">Manipulation des r\u00e9actifs<\/strong><\/h3>\n<ul data-start=\"1612\" data-end=\"1940\">\n<li data-start=\"1612\" data-end=\"1731\">\n<p data-start=\"1614\" data-end=\"1731\"><strong data-start=\"1614\" data-end=\"1634\">Plateau r\u00e9actifs<\/strong> : 80 positions avec <strong data-start=\"1655\" data-end=\"1690\">r\u00e9frig\u00e9ration permanente 2\u20138 \u00b0C<\/strong>.<\/p>\n<\/li>\n<li data-start=\"1732\" data-end=\"1845\">\n<p data-start=\"1734\" data-end=\"1845\"><strong data-start=\"1734\" data-end=\"1757\">D\u00e9tection de bulles<\/strong> : syst\u00e8me int\u00e9gral d\u00e9tecte bulles et niveaux.<\/p>\n<\/li>\n<li data-start=\"1846\" data-end=\"1940\">\n<p data-start=\"1848\" data-end=\"1940\"><strong data-start=\"1848\" data-end=\"1866\">Volume r\u00e9actif<\/strong> : 10 \u2013 200 \u00b5L (en pas de 0,5 \u00b5L).<\/p>\n<\/li>\n<\/ul>\n<h3 data-start=\"1947\" data-end=\"1977\"><strong data-start=\"1954\" data-end=\"1977\">Syst\u00e8me de r\u00e9action<\/strong><\/h3>\n<ul data-start=\"1978\" data-end=\"2297\">\n<li data-start=\"1978\" data-end=\"2120\">\n<p data-start=\"1980\" data-end=\"2120\"><strong data-start=\"1980\" data-end=\"1992\">Cuvettes<\/strong> : jusqu\u2019\u00e0 <strong data-start=\"2003\" data-end=\"2033\">124 cuvettes r\u00e9utilisables<\/strong> avec lavage automatique en plusieurs \u00e9tapes.<\/p>\n<\/li>\n<li data-start=\"2121\" data-end=\"2206\">\n<p data-start=\"2123\" data-end=\"2206\"><strong data-start=\"2123\" data-end=\"2145\">Volume de r\u00e9action<\/strong> : <strong data-start=\"2148\" data-end=\"2163\">70 \u2013 300 \u00b5L<\/strong>.<\/p>\n<\/li>\n<li data-start=\"2207\" data-end=\"2297\">\n<p data-start=\"2209\" data-end=\"2297\"><strong data-start=\"2209\" data-end=\"2236\">Temp\u00e9rature de r\u00e9action<\/strong> : ~37 \u00b0C (\u00b1 0,1 \u00b0C).<\/p>\n<\/li>\n<\/ul>\n<h3 data-start=\"2304\" data-end=\"2331\"><strong data-start=\"2311\" data-end=\"2331\">Optique &amp; mesure<\/strong><\/h3>\n<ul data-start=\"2332\" data-end=\"2712\">\n<li data-start=\"2332\" data-end=\"2424\">\n<p data-start=\"2334\" data-end=\"2424\"><strong data-start=\"2334\" data-end=\"2354\">Source lumineuse<\/strong> : lampe halog\u00e8ne-tungst\u00e8ne.<\/p>\n<\/li>\n<li data-start=\"2425\" data-end=\"2515\">\n<p data-start=\"2427\" data-end=\"2515\"><strong data-start=\"2427\" data-end=\"2441\">Photom\u00e8tre<\/strong> : photom\u00e9trie \u00e0 r\u00e9seau invers\u00e9.<\/p>\n<\/li>\n<li data-start=\"2516\" data-end=\"2608\">\n<p data-start=\"2518\" data-end=\"2608\"><strong data-start=\"2518\" data-end=\"2538\">Longueurs d\u2019onde<\/strong> : 16 plages (340 \u2013 850 nm).<\/p>\n<\/li>\n<li data-start=\"2609\" data-end=\"2712\">\n<p data-start=\"2611\" data-end=\"2712\"><strong data-start=\"2611\" data-end=\"2633\">Plage d\u2019absorbance<\/strong> : jusqu\u2019\u00e0 ~3,5 Abs (conversion 10 mm).<\/p>\n<\/li>\n<\/ul>\n<h3 data-start=\"2719\" data-end=\"2763\"><strong data-start=\"2726\" data-end=\"2763\">Calibrage &amp; QC (contr\u00f4le qualit\u00e9)<\/strong><\/h3>\n<ul data-start=\"2764\" data-end=\"3000\">\n<li data-start=\"2764\" data-end=\"2910\">\n<p data-start=\"2766\" data-end=\"2910\"><strong data-start=\"2766\" data-end=\"2788\">Modes de calibrage<\/strong> : lin\u00e9aire (1, 2 points, multi-points), Logit-Log 4P\/5P, polyn\u00f4me, spline, etc.<\/p>\n<\/li>\n<li data-start=\"2911\" data-end=\"3000\">\n<p data-start=\"2913\" data-end=\"3000\"><strong data-start=\"2913\" data-end=\"2926\">R\u00e8gles QC<\/strong> : Westgard multi-rule, Twin plot.<\/p>\n<\/li>\n<\/ul>\n<h3 data-start=\"3007\" data-end=\"3039\"><strong data-start=\"3014\" data-end=\"3039\">Interface &amp; logiciels<\/strong><\/h3>\n<ul data-start=\"3040\" data-end=\"3539\">\n<li data-start=\"3040\" data-end=\"3179\">\n<p data-start=\"3042\" data-end=\"3179\"><strong data-start=\"3042\" data-end=\"3060\">OS &amp; interface<\/strong> : Windows 10 (64 bit), contr\u00f4lable via \u00e9cran tactile (option) ou PC externe.<\/p>\n<\/li>\n<li data-start=\"3180\" data-end=\"3282\">\n<p data-start=\"3182\" data-end=\"3282\"><strong data-start=\"3182\" data-end=\"3198\">Connectivit\u00e9<\/strong> : RS-232, r\u00e9seau, USB, par USB\/parall\u00e8le.<\/p>\n<\/li>\n<li data-start=\"3283\" data-end=\"3413\">\n<p data-start=\"3285\" data-end=\"3413\"><strong data-start=\"3285\" data-end=\"3292\">LIS<\/strong> : communications bidirectionnelles avec syst\u00e8mes d\u2019information de laboratoire.<\/p>\n<\/li>\n<li data-start=\"3414\" data-end=\"3539\">\n<p data-start=\"3416\" data-end=\"3539\"><strong data-start=\"3416\" data-end=\"3440\">Lecteurs code-barres<\/strong> : supporte Codabar, ITF, Code128, Code39, UPC\/EAN, Code93.<\/p>\n<\/li>\n<\/ul>\n<h3 data-start=\"3546\" data-end=\"3601\"><strong data-start=\"3553\" data-end=\"3601\">Caract\u00e9ristiques \u00e9lectriques &amp; environnement<\/strong><\/h3>\n<ul data-start=\"3602\" data-end=\"4032\">\n<li data-start=\"3602\" data-end=\"3712\">\n<p data-start=\"3604\" data-end=\"3712\"><strong data-start=\"3604\" data-end=\"3620\">Alimentation<\/strong> : 200\u2013240 V (50\/60 Hz) ou 110\u2013115 V selon r\u00e9gion.<\/p>\n<\/li>\n<li data-start=\"3713\" data-end=\"3804\">\n<p data-start=\"3715\" data-end=\"3804\"><strong data-start=\"3715\" data-end=\"3748\">Temp\u00e9rature de fonctionnement<\/strong> : 15 \u2013 30 \u00b0C.<\/p>\n<\/li>\n<li data-start=\"3805\" data-end=\"3877\">\n<p data-start=\"3807\" data-end=\"3877\"><strong data-start=\"3807\" data-end=\"3819\">Humidit\u00e9<\/strong> : 35 \u2013 85 % RH.<\/p>\n<\/li>\n<li data-start=\"3878\" data-end=\"3969\">\n<p data-start=\"3880\" data-end=\"3969\"><strong data-start=\"3880\" data-end=\"3894\">Dimensions<\/strong> : ~1380 \u00d7 860 \u00d7 1200 mm (L\u00d7l\u00d7H).<\/p>\n<\/li>\n<li data-start=\"3970\" data-end=\"4032\">\n<p data-start=\"3972\" data-end=\"4032\"><strong data-start=\"3972\" data-end=\"3981\">Poids<\/strong> : ~350 kg.<\/p>\n<\/li>\n<\/ul>\n<h3 data-start=\"4039\" data-end=\"4083\"><strong data-start=\"4046\" data-end=\"4083\">Caract\u00e9ristiques &amp; avantages cl\u00e9s<\/strong><\/h3>\n<p data-start=\"4084\" data-end=\"4662\">\u2714 <strong data-start=\"4086\" data-end=\"4123\">Haute pr\u00e9cision d\u2019\u00e9chantillonnage<\/strong> avec volumes aussi bas que 1,5 \u00b5L. <br data-start=\"4198\" data-end=\"4201\" \/>\u2714 <strong data-start=\"4203\" data-end=\"4258\">D\u00e9tection avanc\u00e9e des bulles et niveaux de r\u00e9actifs<\/strong> pour pr\u00e9cision accrue. <br data-start=\"4321\" data-end=\"4324\" \/>\u2714 <strong data-start=\"4326\" data-end=\"4361\">Priorit\u00e9 STAT &amp; acc\u00e8s al\u00e9atoire<\/strong> pour gestion flexible des urgences. <br data-start=\"4437\" data-end=\"4440\" \/>\u2714 <strong data-start=\"4442\" data-end=\"4464\">Maintenance facile<\/strong> avec acc\u00e8s frontal aux composants cl\u00e9s. <br data-start=\"4544\" data-end=\"4547\" \/>\u2714 <strong data-start=\"4549\" data-end=\"4570\">Solution rentable<\/strong> avec volume minimum de r\u00e9action optimis\u00e9 (~100 \u00b5L).<\/p>","protected":false},"excerpt":{"rendered":"<p data-start=\"251\" data-end=\"539\">Le <strong data-start=\"254\" data-end=\"272\">Mindray BS-600<\/strong> est un <strong data-start=\"280\" data-end=\"326\">analyseur biochimique clinique automatique<\/strong>, discret et \u00e0 <strong data-start=\"341\" data-end=\"360\">acc\u00e8s al\u00e9atoire<\/strong>, con\u00e7u pour les laboratoires m\u00e9dicaux de moyenne charge de travail avec une grande pr\u00e9cision des r\u00e9sultats et une efficacit\u00e9 op\u00e9rationnelle.<\/p>\n<p data-start=\"251\" data-end=\"539\"><strong>Fiche technique :<\/strong> <a href=\"https:\/\/mega.nz\/file\/21BHTJpJ#rc2lRqb5Or14suBMh2mT-lTRSED67eyCs3WPoCz-Kuc\">T\u00e9l\u00e9charger ici\u00a0<\/a><\/p>","protected":false},"featured_media":5775,"comment_status":"open","ping_status":"closed","template":"","meta":{"content-type":"","site-sidebar-layout":"default","site-content-layout":"","ast-site-content-layout":"default","site-content-style":"default","site-sidebar-style":"default","ast-global-header-display":"","ast-banner-title-visibility":"","ast-main-header-display":"","ast-hfb-above-header-display":"","ast-hfb-below-header-display":"","ast-hfb-mobile-header-display":"","site-post-title":"","ast-breadcrumbs-content":"","ast-featured-img":"","footer-sml-layout":"","theme-transparent-header-meta":"default","adv-header-id-meta":"","stick-header-meta":"","header-above-stick-meta":"","header-main-stick-meta":"","header-below-stick-meta":"","astra-migrate-meta-layouts":"set","ast-page-background-enabled":"default","ast-page-background-meta":{"desktop":{"background-color":"","background-image":"","background-repeat":"repeat","background-position":"center center","background-size":"auto","background-attachment":"scroll","background-type":"","background-media":"","overlay-type":"","overlay-color":"","overlay-opacity":"","overlay-gradient":""},"tablet":{"background-color":"","background-image":"","background-repeat":"repeat","background-position":"center center","background-size":"auto","background-attachment":"scroll","background-type":"","background-media":"","overlay-type":"","overlay-color":"","overlay-opacity":"","overlay-gradient":""},"mobile":{"background-color":"","background-image":"","background-repeat":"repeat","background-position":"center center","background-size":"auto","background-attachment":"scroll","background-type":"","background-media":"","overlay-type":"","overlay-color":"","overlay-opacity":"","overlay-gradient":""}},"ast-content-background-meta":{"desktop":{"background-color":"var(--ast-global-color-5)","background-image":"","background-repeat":"repeat","background-position":"center center","background-size":"auto","background-attachment":"scroll","background-type":"","background-media":"","overlay-type":"","overlay-color":"","overlay-opacity":"","overlay-gradient":""},"tablet":{"background-color":"var(--ast-global-color-5)","background-image":"","background-repeat":"repeat","background-position":"center center","background-size":"auto","background-attachment":"scroll","background-type":"","background-media":"","overlay-type":"","overlay-color":"","overlay-opacity":"","overlay-gradient":""},"mobile":{"background-color":"var(--ast-global-color-5)","background-image":"","background-repeat":"repeat","background-position":"center center","background-size":"auto","background-attachment":"scroll","background-type":"","background-media":"","overlay-type":"","overlay-color":"","overlay-opacity":"","overlay-gradient":""}}},"product_brand":[],"product_cat":[212],"product_tag":[],"class_list":{"0":"post-5774","1":"product","2":"type-product","3":"status-publish","4":"has-post-thumbnail","6":"product_cat-biochimie","7":"desktop-align-left","8":"tablet-align-left","9":"mobile-align-left","11":"first","12":"instock","13":"taxable","14":"shipping-taxable","15":"product-type-simple"},"yoast_head":"<!-- This site is optimized with the Yoast SEO plugin v25.4 - https:\/\/yoast.com\/wordpress\/plugins\/seo\/ -->\n<title>BS 600 -<\/title>\n<meta name=\"description\" content=\"Analyseur de biochimie automatique Mindray BS-600 : 600 tests\/heure, acc\u00e8s al\u00e9atoire, haute pr\u00e9cision d\u2019\u00e9chantillonnage et d\u00e9tection automatique des bulles pour des r\u00e9sultats fiables en laboratoire.\" \/>\n<meta name=\"robots\" content=\"index, follow, max-snippet:-1, max-image-preview:large, max-video-preview:-1\" \/>\n<link rel=\"canonical\" href=\"https:\/\/ascomedic.dz\/en\/product\/bs-600-2\/\" \/>\n<meta property=\"og:locale\" content=\"en_GB\" \/>\n<meta property=\"og:type\" content=\"article\" \/>\n<meta property=\"og:title\" content=\"BS 600 -\" \/>\n<meta property=\"og:description\" content=\"Analyseur de biochimie automatique Mindray BS-600 : 600 tests\/heure, acc\u00e8s al\u00e9atoire, haute pr\u00e9cision d\u2019\u00e9chantillonnage et d\u00e9tection automatique des bulles pour des r\u00e9sultats fiables en laboratoire.\" \/>\n<meta property=\"og:url\" content=\"https:\/\/ascomedic.dz\/en\/product\/bs-600-2\/\" \/>\n<meta property=\"article:modified_time\" content=\"2026-01-20T22:00:36+00:00\" \/>\n<meta property=\"og:image\" content=\"https:\/\/ascomedic.dz\/wp-content\/uploads\/2026\/01\/BS-600.png\" \/>\n\t<meta property=\"og:image:width\" content=\"656\" \/>\n\t<meta property=\"og:image:height\" content=\"626\" \/>\n\t<meta property=\"og:image:type\" content=\"image\/png\" \/>\n<meta name=\"twitter:card\" content=\"summary_large_image\" \/>\n<meta name=\"twitter:label1\" content=\"Estimated reading time\" \/>\n\t<meta name=\"twitter:data1\" content=\"2 minutes\" \/>\n<script type=\"application\/ld+json\" class=\"yoast-schema-graph\">{\"@context\":\"https:\/\/schema.org\",\"@graph\":[{\"@type\":\"WebPage\",\"@id\":\"https:\/\/ascomedic.dz\/produit\/bs-600-2\/\",\"url\":\"https:\/\/ascomedic.dz\/produit\/bs-600-2\/\",\"name\":\"BS 600 -\",\"isPartOf\":{\"@id\":\"https:\/\/ascomedic.dz\/#website\"},\"primaryImageOfPage\":{\"@id\":\"https:\/\/ascomedic.dz\/produit\/bs-600-2\/#primaryimage\"},\"image\":{\"@id\":\"https:\/\/ascomedic.dz\/produit\/bs-600-2\/#primaryimage\"},\"thumbnailUrl\":\"https:\/\/ascomedic.dz\/wp-content\/uploads\/2026\/01\/BS-600.png\",\"datePublished\":\"2026-01-15T14:05:43+00:00\",\"dateModified\":\"2026-01-20T22:00:36+00:00\",\"description\":\"Analyseur de biochimie automatique Mindray BS-600 : 600 tests\/heure, acc\u00e8s al\u00e9atoire, haute pr\u00e9cision d\u2019\u00e9chantillonnage et d\u00e9tection automatique des bulles pour des r\u00e9sultats fiables en laboratoire.\",\"breadcrumb\":{\"@id\":\"https:\/\/ascomedic.dz\/produit\/bs-600-2\/#breadcrumb\"},\"inLanguage\":\"en-GB\",\"potentialAction\":[{\"@type\":\"ReadAction\",\"target\":[\"https:\/\/ascomedic.dz\/produit\/bs-600-2\/\"]}]},{\"@type\":\"ImageObject\",\"inLanguage\":\"en-GB\",\"@id\":\"https:\/\/ascomedic.dz\/produit\/bs-600-2\/#primaryimage\",\"url\":\"https:\/\/ascomedic.dz\/wp-content\/uploads\/2026\/01\/BS-600.png\",\"contentUrl\":\"https:\/\/ascomedic.dz\/wp-content\/uploads\/2026\/01\/BS-600.png\",\"width\":656,\"height\":626},{\"@type\":\"BreadcrumbList\",\"@id\":\"https:\/\/ascomedic.dz\/produit\/bs-600-2\/#breadcrumb\",\"itemListElement\":[{\"@type\":\"ListItem\",\"position\":1,\"name\":\"Accueil\",\"item\":\"https:\/\/ascomedic.dz\/\"},{\"@type\":\"ListItem\",\"position\":2,\"name\":\"Boutique\",\"item\":\"https:\/\/ascomedic.dz\/boutique\/\"},{\"@type\":\"ListItem\",\"position\":3,\"name\":\"BS 600\"}]},{\"@type\":\"WebSite\",\"@id\":\"https:\/\/ascomedic.dz\/#website\",\"url\":\"https:\/\/ascomedic.dz\/\",\"name\":\"\",\"description\":\"\",\"potentialAction\":[{\"@type\":\"SearchAction\",\"target\":{\"@type\":\"EntryPoint\",\"urlTemplate\":\"https:\/\/ascomedic.dz\/?s={search_term_string}\"},\"query-input\":{\"@type\":\"PropertyValueSpecification\",\"valueRequired\":true,\"valueName\":\"search_term_string\"}}],\"inLanguage\":\"en-GB\"}]}<\/script>\n<!-- \/ Yoast SEO plugin. -->","yoast_head_json":{"title":"BS 600 -","description":"Analyseur de biochimie automatique Mindray BS-600 : 600 tests\/heure, acc\u00e8s al\u00e9atoire, haute pr\u00e9cision d\u2019\u00e9chantillonnage et d\u00e9tection automatique des bulles pour des r\u00e9sultats fiables en laboratoire.","robots":{"index":"index","follow":"follow","max-snippet":"max-snippet:-1","max-image-preview":"max-image-preview:large","max-video-preview":"max-video-preview:-1"},"canonical":"https:\/\/ascomedic.dz\/en\/product\/bs-600-2\/","og_locale":"en_GB","og_type":"article","og_title":"BS 600 -","og_description":"Analyseur de biochimie automatique Mindray BS-600 : 600 tests\/heure, acc\u00e8s al\u00e9atoire, haute pr\u00e9cision d\u2019\u00e9chantillonnage et d\u00e9tection automatique des bulles pour des r\u00e9sultats fiables en laboratoire.","og_url":"https:\/\/ascomedic.dz\/en\/product\/bs-600-2\/","article_modified_time":"2026-01-20T22:00:36+00:00","og_image":[{"width":656,"height":626,"url":"https:\/\/ascomedic.dz\/wp-content\/uploads\/2026\/01\/BS-600.png","type":"image\/png"}],"twitter_card":"summary_large_image","twitter_misc":{"Estimated reading time":"2 minutes"},"schema":{"@context":"https:\/\/schema.org","@graph":[{"@type":"WebPage","@id":"https:\/\/ascomedic.dz\/produit\/bs-600-2\/","url":"https:\/\/ascomedic.dz\/produit\/bs-600-2\/","name":"BS 600 -","isPartOf":{"@id":"https:\/\/ascomedic.dz\/#website"},"primaryImageOfPage":{"@id":"https:\/\/ascomedic.dz\/produit\/bs-600-2\/#primaryimage"},"image":{"@id":"https:\/\/ascomedic.dz\/produit\/bs-600-2\/#primaryimage"},"thumbnailUrl":"https:\/\/ascomedic.dz\/wp-content\/uploads\/2026\/01\/BS-600.png","datePublished":"2026-01-15T14:05:43+00:00","dateModified":"2026-01-20T22:00:36+00:00","description":"Analyseur de biochimie automatique Mindray BS-600 : 600 tests\/heure, acc\u00e8s al\u00e9atoire, haute pr\u00e9cision d\u2019\u00e9chantillonnage et d\u00e9tection automatique des bulles pour des r\u00e9sultats fiables en laboratoire.","breadcrumb":{"@id":"https:\/\/ascomedic.dz\/produit\/bs-600-2\/#breadcrumb"},"inLanguage":"en-GB","potentialAction":[{"@type":"ReadAction","target":["https:\/\/ascomedic.dz\/produit\/bs-600-2\/"]}]},{"@type":"ImageObject","inLanguage":"en-GB","@id":"https:\/\/ascomedic.dz\/produit\/bs-600-2\/#primaryimage","url":"https:\/\/ascomedic.dz\/wp-content\/uploads\/2026\/01\/BS-600.png","contentUrl":"https:\/\/ascomedic.dz\/wp-content\/uploads\/2026\/01\/BS-600.png","width":656,"height":626},{"@type":"BreadcrumbList","@id":"https:\/\/ascomedic.dz\/produit\/bs-600-2\/#breadcrumb","itemListElement":[{"@type":"ListItem","position":1,"name":"Accueil","item":"https:\/\/ascomedic.dz\/"},{"@type":"ListItem","position":2,"name":"Boutique","item":"https:\/\/ascomedic.dz\/boutique\/"},{"@type":"ListItem","position":3,"name":"BS 600"}]},{"@type":"WebSite","@id":"https:\/\/ascomedic.dz\/#website","url":"https:\/\/ascomedic.dz\/","name":"","description":"","potentialAction":[{"@type":"SearchAction","target":{"@type":"EntryPoint","urlTemplate":"https:\/\/ascomedic.dz\/?s={search_term_string}"},"query-input":{"@type":"PropertyValueSpecification","valueRequired":true,"valueName":"search_term_string"}}],"inLanguage":"en-GB"}]}},"_links":{"self":[{"href":"https:\/\/ascomedic.dz\/en\/wp-json\/wp\/v2\/product\/5774","targetHints":{"allow":["GET"]}}],"collection":[{"href":"https:\/\/ascomedic.dz\/en\/wp-json\/wp\/v2\/product"}],"about":[{"href":"https:\/\/ascomedic.dz\/en\/wp-json\/wp\/v2\/types\/product"}],"replies":[{"embeddable":true,"href":"https:\/\/ascomedic.dz\/en\/wp-json\/wp\/v2\/comments?post=5774"}],"version-history":[{"count":2,"href":"https:\/\/ascomedic.dz\/en\/wp-json\/wp\/v2\/product\/5774\/revisions"}],"predecessor-version":[{"id":5777,"href":"https:\/\/ascomedic.dz\/en\/wp-json\/wp\/v2\/product\/5774\/revisions\/5777"}],"wp:featuredmedia":[{"embeddable":true,"href":"https:\/\/ascomedic.dz\/en\/wp-json\/wp\/v2\/media\/5775"}],"wp:attachment":[{"href":"https:\/\/ascomedic.dz\/en\/wp-json\/wp\/v2\/media?parent=5774"}],"wp:term":[{"taxonomy":"product_brand","embeddable":true,"href":"https:\/\/ascomedic.dz\/en\/wp-json\/wp\/v2\/product_brand?post=5774"},{"taxonomy":"product_cat","embeddable":true,"href":"https:\/\/ascomedic.dz\/en\/wp-json\/wp\/v2\/product_cat?post=5774"},{"taxonomy":"product_tag","embeddable":true,"href":"https:\/\/ascomedic.dz\/en\/wp-json\/wp\/v2\/product_tag?post=5774"}],"curies":[{"name":"wp","href":"https:\/\/api.w.org\/{rel}","templated":true}]}}