{"id":5756,"date":"2025-12-14T22:46:42","date_gmt":"2025-12-14T21:46:42","guid":{"rendered":"https:\/\/ascomedic.dz\/?post_type=product&#038;p=5756"},"modified":"2026-03-08T02:41:18","modified_gmt":"2026-03-08T01:41:18","slug":"gel-card-centrifuge-txk4","status":"publish","type":"product","link":"https:\/\/ascomedic.dz\/en\/product\/gel-card-centrifuge-txk4\/","title":{"rendered":"Gel Card Centrifuge ( TXK4 )"},"content":{"rendered":"<h3 data-start=\"454\" data-end=\"485\"><strong data-start=\"458\" data-end=\"485\">Param\u00e8tre \/ Utilisation<\/strong><\/h3>\n<ul data-start=\"486\" data-end=\"647\">\n<li data-start=\"486\" data-end=\"566\">\n<p data-start=\"488\" data-end=\"566\">Centrifugeuse sp\u00e9cialement con\u00e7ue pour les <strong data-start=\"531\" data-end=\"566\">cartes gel d\u2019immuno-h\u00e9matologie<\/strong><\/p>\n<\/li>\n<li data-start=\"567\" data-end=\"647\">\n<p data-start=\"569\" data-end=\"647\">Assure une <strong data-start=\"580\" data-end=\"621\">s\u00e9paration pr\u00e9cise antig\u00e8ne\u2013anticorps<\/strong> dans les colonnes de gel.<\/p>\n<\/li>\n<\/ul>\n<hr data-start=\"649\" data-end=\"652\" \/>\n<h3 data-start=\"654\" data-end=\"691\"><strong data-start=\"658\" data-end=\"691\">Types de tests pris en charge<\/strong><\/h3>\n<ul data-start=\"692\" data-end=\"884\">\n<li data-start=\"692\" data-end=\"726\">\n<p data-start=\"694\" data-end=\"726\">Groupage sanguin <strong data-start=\"711\" data-end=\"726\">ABO \/ Rh(D)<\/strong><\/p>\n<\/li>\n<li data-start=\"727\" data-end=\"751\">\n<p data-start=\"729\" data-end=\"751\">Ph\u00e9notypage Rh et Kell<\/p>\n<\/li>\n<li data-start=\"752\" data-end=\"803\">\n<p data-start=\"754\" data-end=\"803\"><strong data-start=\"754\" data-end=\"772\">Test de Coombs<\/strong> direct (DAT) et indirect (IAT)<\/p>\n<\/li>\n<li data-start=\"804\" data-end=\"845\">\n<p data-start=\"806\" data-end=\"845\">D\u00e9pistage des <strong data-start=\"820\" data-end=\"845\">anticorps irr\u00e9guliers<\/strong><\/p>\n<\/li>\n<li data-start=\"846\" data-end=\"884\">\n<p data-start=\"848\" data-end=\"884\">Tests de compatibilit\u00e9 (cross-match)<\/p>\n<\/li>\n<\/ul>\n<hr data-start=\"649\" data-end=\"652\" \/>\n<p data-start=\"848\" data-end=\"884\"><strong style=\"font-size: 1.5em;\" data-start=\"895\" data-end=\"918\">\u00c9chantillon utilis\u00e9<\/strong><\/p>\n<ul data-start=\"919\" data-end=\"1067\">\n<li data-start=\"919\" data-end=\"935\">\n<p data-start=\"921\" data-end=\"935\"><strong data-start=\"921\" data-end=\"935\">Sang total<\/strong><\/p>\n<\/li>\n<li data-start=\"936\" data-end=\"957\">\n<p data-start=\"938\" data-end=\"957\"><strong data-start=\"938\" data-end=\"957\">Globules rouges<\/strong><\/p>\n<\/li>\n<li data-start=\"958\" data-end=\"1067\">\n<p data-start=\"960\" data-end=\"1067\"><strong data-start=\"960\" data-end=\"979\">Plasma ou s\u00e9rum<\/strong>, selon le test r\u00e9alis\u00e9<br data-start=\"1002\" data-end=\"1005\" \/>(\u00e9chantillons humains destin\u00e9s aux analyses transfusionnelles)<\/p>\n<\/li>\n<\/ul>\n<hr data-start=\"1069\" data-end=\"1072\" \/>\n<h3 data-start=\"1074\" data-end=\"1097\"><strong data-start=\"1078\" data-end=\"1097\">Type de syst\u00e8me<\/strong><\/h3>\n<ul data-start=\"1098\" data-end=\"1262\">\n<li data-start=\"1098\" data-end=\"1142\">\n<p data-start=\"1100\" data-end=\"1142\"><strong data-start=\"1100\" data-end=\"1142\">Centrifuge sp\u00e9cialis\u00e9e pour cartes gel<\/strong><\/p>\n<\/li>\n<li data-start=\"1143\" data-end=\"1190\">\n<p data-start=\"1145\" data-end=\"1190\">Fonctionnement <strong data-start=\"1160\" data-end=\"1190\">automatis\u00e9 et programmable<\/strong><\/p>\n<\/li>\n<li data-start=\"1191\" data-end=\"1262\">\n<p data-start=\"1193\" data-end=\"1262\">Con\u00e7ue pour une utilisation <strong data-start=\"1221\" data-end=\"1262\">en routine clinique et banque de sang<\/strong><\/p>\n<\/li>\n<\/ul>\n<hr data-start=\"1264\" data-end=\"1267\" \/>\n<h3 data-start=\"1269\" data-end=\"1314\"><strong data-start=\"1273\" data-end=\"1314\">Caract\u00e9ristiques techniques g\u00e9n\u00e9rales<\/strong><\/h3>\n<ul data-start=\"1315\" data-end=\"1589\">\n<li data-start=\"1315\" data-end=\"1370\">\n<p data-start=\"1317\" data-end=\"1370\">Compatibilit\u00e9 avec <strong data-start=\"1336\" data-end=\"1370\">cartes gel standard (ID Cards)<\/strong><\/p>\n<\/li>\n<li data-start=\"1371\" data-end=\"1447\">\n<p data-start=\"1373\" data-end=\"1447\">Vitesse et temps de centrifugation <strong data-start=\"1408\" data-end=\"1447\">optimis\u00e9s pour l\u2019immuno-h\u00e9matologie<\/strong><\/p>\n<\/li>\n<li data-start=\"1448\" data-end=\"1494\">\n<p data-start=\"1450\" data-end=\"1494\">Chargement simultan\u00e9 de <strong data-start=\"1474\" data-end=\"1494\">plusieurs cartes<\/strong><\/p>\n<\/li>\n<li data-start=\"1495\" data-end=\"1532\">\n<p data-start=\"1497\" data-end=\"1532\">Fonctionnement silencieux et stable<\/p>\n<\/li>\n<li data-start=\"1533\" data-end=\"1589\">\n<p data-start=\"1535\" data-end=\"1589\">Syst\u00e8me de s\u00e9curit\u00e9 avec <strong data-start=\"1560\" data-end=\"1589\">verrouillage du couvercle<\/strong><\/p>\n<\/li>\n<\/ul>\n<hr data-start=\"1591\" data-end=\"1594\" \/>\n<h3 data-start=\"1596\" data-end=\"1618\"><strong data-start=\"1600\" data-end=\"1618\">Avantages cl\u00e9s<\/strong><\/h3>\n<ul data-start=\"1619\" data-end=\"1833\">\n<li data-start=\"1619\" data-end=\"1665\">\n<p data-start=\"1621\" data-end=\"1665\">R\u00e9sultats <strong data-start=\"1631\" data-end=\"1665\">standardis\u00e9s et reproductibles<\/strong><\/p>\n<\/li>\n<li data-start=\"1666\" data-end=\"1698\">\n<p data-start=\"1668\" data-end=\"1698\">R\u00e9duction des erreurs humaines<\/p>\n<\/li>\n<li data-start=\"1699\" data-end=\"1736\">\n<p data-start=\"1701\" data-end=\"1736\">Lecture claire des r\u00e9actions en gel<\/p>\n<\/li>\n<li data-start=\"1737\" data-end=\"1812\">\n<p data-start=\"1739\" data-end=\"1812\">Compatible avec les <strong data-start=\"1759\" data-end=\"1812\">syst\u00e8mes manuels ou automatis\u00e9s de banque du sang<\/strong><\/p>\n<\/li>\n<li data-start=\"1813\" data-end=\"1833\">\n<p data-start=\"1815\" data-end=\"1833\">Faible maintenance<\/p>\n<\/li>\n<\/ul>\n<hr data-start=\"1835\" data-end=\"1838\" \/>\n<h3 data-start=\"1840\" data-end=\"1870\"><strong data-start=\"1844\" data-end=\"1870\">Calibration \/ Contr\u00f4le<\/strong><\/h3>\n<ul data-start=\"1871\" data-end=\"2077\">\n<li data-start=\"1871\" data-end=\"1934\">\n<p data-start=\"1873\" data-end=\"1934\"><strong data-start=\"1873\" data-end=\"1906\">Pas de calibration analytique<\/strong> (ce n\u2019est pas un analyseur)<\/p>\n<\/li>\n<li data-start=\"1935\" data-end=\"2077\">\n<p data-start=\"1937\" data-end=\"1959\">Validation bas\u00e9e sur :<\/p>\n<ul data-start=\"1962\" data-end=\"2077\">\n<li data-start=\"1962\" data-end=\"2003\">\n<p data-start=\"1964\" data-end=\"2003\">Contr\u00f4les internes de la banque du sang<\/p>\n<\/li>\n<li data-start=\"2006\" data-end=\"2044\">\n<p data-start=\"2008\" data-end=\"2044\">Proc\u00e9dures qualit\u00e9 transfusionnelles<\/p>\n<\/li>\n<li data-start=\"2047\" data-end=\"2077\">\n<p data-start=\"2049\" data-end=\"2077\">Cartes et r\u00e9actifs certifi\u00e9s<\/p>\n<\/li>\n<\/ul>\n<\/li>\n<\/ul>\n<hr data-start=\"2079\" data-end=\"2082\" \/>\n<h3 data-start=\"2084\" data-end=\"2120\"><strong data-start=\"2088\" data-end=\"2120\">Classification r\u00e9glementaire<\/strong><\/h3>\n<p data-start=\"2121\" data-end=\"2226\">\u2714 Dispositif de <strong data-start=\"2137\" data-end=\"2166\">diagnostic in vitro (DIV)<\/strong><br data-start=\"2166\" data-end=\"2169\" \/>\u2714 Utilisation <strong data-start=\"2183\" data-end=\"2226\">transfusionnelle \/ immuno-h\u00e9matologique<\/strong><\/p>","protected":false},"excerpt":{"rendered":"<h3 data-start=\"274\" data-end=\"303\"><strong data-start=\"278\" data-end=\"303\">Domaine d\u2019application<\/strong><\/h3>\n<ul data-start=\"304\" data-end=\"447\">\n<li data-start=\"304\" data-end=\"345\">\n<p data-start=\"306\" data-end=\"345\">Immuno-h\u00e9matologie \/ Banque du sang<\/p>\n<\/li>\n<li data-start=\"346\" data-end=\"447\">\n<p data-start=\"348\" data-end=\"447\">Utilis\u00e9e avec des <strong data-start=\"366\" data-end=\"391\">cartes gel (ID Cards)<\/strong> pour les tests de groupage sanguin et de compatibilit\u00e9.<\/p>\n<\/li>\n<\/ul>\n<p><strong>Fiche technique :<\/strong> <a href=\"https:\/\/mega.nz\/file\/WxJWxYpb#bpy6fmylOdS-Fn7wJOxNkRpEzOKZL97PNUJGm6Z9uQg\">T\u00e9l\u00e9charger ici\u00a0<\/a><\/p>","protected":false},"featured_media":5757,"comment_status":"open","ping_status":"closed","template":"","meta":{"content-type":"","site-sidebar-layout":"default","site-content-layout":"","ast-site-content-layout":"default","site-content-style":"default","site-sidebar-style":"default","ast-global-header-display":"","ast-banner-title-visibility":"","ast-main-header-display":"","ast-hfb-above-header-display":"","ast-hfb-below-header-display":"","ast-hfb-mobile-header-display":"","site-post-title":"","ast-breadcrumbs-content":"","ast-featured-img":"","footer-sml-layout":"","theme-transparent-header-meta":"default","adv-header-id-meta":"","stick-header-meta":"","header-above-stick-meta":"","header-main-stick-meta":"","header-below-stick-meta":"","astra-migrate-meta-layouts":"set","ast-page-background-enabled":"default","ast-page-background-meta":{"desktop":{"background-color":"","background-image":"","background-repeat":"repeat","background-position":"center center","background-size":"auto","background-attachment":"scroll","background-type":"","background-media":"","overlay-type":"","overlay-color":"","overlay-opacity":"","overlay-gradient":""},"tablet":{"background-color":"","background-image":"","background-repeat":"repeat","background-position":"center center","background-size":"auto","background-attachment":"scroll","background-type":"","background-media":"","overlay-type":"","overlay-color":"","overlay-opacity":"","overlay-gradient":""},"mobile":{"background-color":"","background-image":"","background-repeat":"repeat","background-position":"center center","background-size":"auto","background-attachment":"scroll","background-type":"","background-media":"","overlay-type":"","overlay-color":"","overlay-opacity":"","overlay-gradient":""}},"ast-content-background-meta":{"desktop":{"background-color":"var(--ast-global-color-5)","background-image":"","background-repeat":"repeat","background-position":"center center","background-size":"auto","background-attachment":"scroll","background-type":"","background-media":"","overlay-type":"","overlay-color":"","overlay-opacity":"","overlay-gradient":""},"tablet":{"background-color":"var(--ast-global-color-5)","background-image":"","background-repeat":"repeat","background-position":"center center","background-size":"auto","background-attachment":"scroll","background-type":"","background-media":"","overlay-type":"","overlay-color":"","overlay-opacity":"","overlay-gradient":""},"mobile":{"background-color":"var(--ast-global-color-5)","background-image":"","background-repeat":"repeat","background-position":"center center","background-size":"auto","background-attachment":"scroll","background-type":"","background-media":"","overlay-type":"","overlay-color":"","overlay-opacity":"","overlay-gradient":""}}},"product_brand":[],"product_cat":[216],"product_tag":[],"class_list":{"0":"post-5756","1":"product","2":"type-product","3":"status-publish","4":"has-post-thumbnail","6":"product_cat-immuno-hematologie","7":"desktop-align-left","8":"tablet-align-left","9":"mobile-align-left","11":"first","12":"instock","13":"featured","14":"taxable","15":"shipping-taxable","16":"product-type-simple"},"yoast_head":"<!-- This site is optimized with the Yoast SEO plugin v25.4 - https:\/\/yoast.com\/wordpress\/plugins\/seo\/ -->\n<title>Gel Card Centrifuge ( TXK4 ) -<\/title>\n<meta name=\"description\" content=\"Gel Card Centrifuge TXK4 Medcaptain : centrifugeuse sp\u00e9cialis\u00e9e pour cartes gel en immuno-h\u00e9matologie, id\u00e9ale pour groupage sanguin et tests de compatibilit\u00e9.\" \/>\n<meta name=\"robots\" content=\"index, follow, max-snippet:-1, max-image-preview:large, max-video-preview:-1\" \/>\n<link rel=\"canonical\" href=\"https:\/\/ascomedic.dz\/en\/product\/gel-card-centrifuge-txk4\/\" \/>\n<meta property=\"og:locale\" content=\"en_GB\" \/>\n<meta property=\"og:type\" content=\"article\" \/>\n<meta property=\"og:title\" content=\"Gel Card Centrifuge ( TXK4 ) -\" \/>\n<meta property=\"og:description\" content=\"Gel Card Centrifuge TXK4 Medcaptain : centrifugeuse sp\u00e9cialis\u00e9e pour cartes gel en immuno-h\u00e9matologie, id\u00e9ale pour groupage sanguin et tests de compatibilit\u00e9.\" \/>\n<meta property=\"og:url\" content=\"https:\/\/ascomedic.dz\/en\/product\/gel-card-centrifuge-txk4\/\" \/>\n<meta property=\"article:modified_time\" content=\"2026-03-08T01:41:18+00:00\" \/>\n<meta property=\"og:image\" content=\"https:\/\/ascomedic.dz\/wp-content\/uploads\/2025\/12\/Untitled-1-scaled.png\" \/>\n\t<meta property=\"og:image:width\" content=\"2560\" \/>\n\t<meta property=\"og:image:height\" content=\"1786\" \/>\n\t<meta property=\"og:image:type\" content=\"image\/png\" \/>\n<meta name=\"twitter:card\" content=\"summary_large_image\" \/>\n<meta name=\"twitter:label1\" content=\"Estimated reading time\" \/>\n\t<meta name=\"twitter:data1\" content=\"2 minutes\" \/>\n<script type=\"application\/ld+json\" class=\"yoast-schema-graph\">{\"@context\":\"https:\/\/schema.org\",\"@graph\":[{\"@type\":\"WebPage\",\"@id\":\"https:\/\/ascomedic.dz\/produit\/gel-card-centrifuge-txk4\/\",\"url\":\"https:\/\/ascomedic.dz\/produit\/gel-card-centrifuge-txk4\/\",\"name\":\"Gel Card Centrifuge ( TXK4 ) -\",\"isPartOf\":{\"@id\":\"https:\/\/ascomedic.dz\/#website\"},\"primaryImageOfPage\":{\"@id\":\"https:\/\/ascomedic.dz\/produit\/gel-card-centrifuge-txk4\/#primaryimage\"},\"image\":{\"@id\":\"https:\/\/ascomedic.dz\/produit\/gel-card-centrifuge-txk4\/#primaryimage\"},\"thumbnailUrl\":\"https:\/\/ascomedic.dz\/wp-content\/uploads\/2025\/12\/Untitled-1-scaled.png\",\"datePublished\":\"2025-12-14T21:46:42+00:00\",\"dateModified\":\"2026-03-08T01:41:18+00:00\",\"description\":\"Gel Card Centrifuge TXK4 Medcaptain : centrifugeuse sp\u00e9cialis\u00e9e pour cartes gel en immuno-h\u00e9matologie, id\u00e9ale pour groupage sanguin et tests de compatibilit\u00e9.\",\"breadcrumb\":{\"@id\":\"https:\/\/ascomedic.dz\/produit\/gel-card-centrifuge-txk4\/#breadcrumb\"},\"inLanguage\":\"en-GB\",\"potentialAction\":[{\"@type\":\"ReadAction\",\"target\":[\"https:\/\/ascomedic.dz\/produit\/gel-card-centrifuge-txk4\/\"]}]},{\"@type\":\"ImageObject\",\"inLanguage\":\"en-GB\",\"@id\":\"https:\/\/ascomedic.dz\/produit\/gel-card-centrifuge-txk4\/#primaryimage\",\"url\":\"https:\/\/ascomedic.dz\/wp-content\/uploads\/2025\/12\/Untitled-1-scaled.png\",\"contentUrl\":\"https:\/\/ascomedic.dz\/wp-content\/uploads\/2025\/12\/Untitled-1-scaled.png\",\"width\":2560,\"height\":1786},{\"@type\":\"BreadcrumbList\",\"@id\":\"https:\/\/ascomedic.dz\/produit\/gel-card-centrifuge-txk4\/#breadcrumb\",\"itemListElement\":[{\"@type\":\"ListItem\",\"position\":1,\"name\":\"Accueil\",\"item\":\"https:\/\/ascomedic.dz\/\"},{\"@type\":\"ListItem\",\"position\":2,\"name\":\"Boutique\",\"item\":\"https:\/\/ascomedic.dz\/boutique\/\"},{\"@type\":\"ListItem\",\"position\":3,\"name\":\"Gel Card Centrifuge ( TXK4 )\"}]},{\"@type\":\"WebSite\",\"@id\":\"https:\/\/ascomedic.dz\/#website\",\"url\":\"https:\/\/ascomedic.dz\/\",\"name\":\"\",\"description\":\"\",\"potentialAction\":[{\"@type\":\"SearchAction\",\"target\":{\"@type\":\"EntryPoint\",\"urlTemplate\":\"https:\/\/ascomedic.dz\/?s={search_term_string}\"},\"query-input\":{\"@type\":\"PropertyValueSpecification\",\"valueRequired\":true,\"valueName\":\"search_term_string\"}}],\"inLanguage\":\"en-GB\"}]}<\/script>\n<!-- \/ Yoast SEO plugin. -->","yoast_head_json":{"title":"Gel Card Centrifuge ( TXK4 ) -","description":"Gel Card Centrifuge TXK4 Medcaptain : centrifugeuse sp\u00e9cialis\u00e9e pour cartes gel en immuno-h\u00e9matologie, id\u00e9ale pour groupage sanguin et tests de compatibilit\u00e9.","robots":{"index":"index","follow":"follow","max-snippet":"max-snippet:-1","max-image-preview":"max-image-preview:large","max-video-preview":"max-video-preview:-1"},"canonical":"https:\/\/ascomedic.dz\/en\/product\/gel-card-centrifuge-txk4\/","og_locale":"en_GB","og_type":"article","og_title":"Gel Card Centrifuge ( TXK4 ) -","og_description":"Gel Card Centrifuge TXK4 Medcaptain : centrifugeuse sp\u00e9cialis\u00e9e pour cartes gel en immuno-h\u00e9matologie, id\u00e9ale pour groupage sanguin et tests de compatibilit\u00e9.","og_url":"https:\/\/ascomedic.dz\/en\/product\/gel-card-centrifuge-txk4\/","article_modified_time":"2026-03-08T01:41:18+00:00","og_image":[{"width":2560,"height":1786,"url":"https:\/\/ascomedic.dz\/wp-content\/uploads\/2025\/12\/Untitled-1-scaled.png","type":"image\/png"}],"twitter_card":"summary_large_image","twitter_misc":{"Estimated reading time":"2 minutes"},"schema":{"@context":"https:\/\/schema.org","@graph":[{"@type":"WebPage","@id":"https:\/\/ascomedic.dz\/produit\/gel-card-centrifuge-txk4\/","url":"https:\/\/ascomedic.dz\/produit\/gel-card-centrifuge-txk4\/","name":"Gel Card Centrifuge ( TXK4 ) -","isPartOf":{"@id":"https:\/\/ascomedic.dz\/#website"},"primaryImageOfPage":{"@id":"https:\/\/ascomedic.dz\/produit\/gel-card-centrifuge-txk4\/#primaryimage"},"image":{"@id":"https:\/\/ascomedic.dz\/produit\/gel-card-centrifuge-txk4\/#primaryimage"},"thumbnailUrl":"https:\/\/ascomedic.dz\/wp-content\/uploads\/2025\/12\/Untitled-1-scaled.png","datePublished":"2025-12-14T21:46:42+00:00","dateModified":"2026-03-08T01:41:18+00:00","description":"Gel Card Centrifuge TXK4 Medcaptain : centrifugeuse sp\u00e9cialis\u00e9e pour cartes gel en immuno-h\u00e9matologie, id\u00e9ale pour groupage sanguin et tests de compatibilit\u00e9.","breadcrumb":{"@id":"https:\/\/ascomedic.dz\/produit\/gel-card-centrifuge-txk4\/#breadcrumb"},"inLanguage":"en-GB","potentialAction":[{"@type":"ReadAction","target":["https:\/\/ascomedic.dz\/produit\/gel-card-centrifuge-txk4\/"]}]},{"@type":"ImageObject","inLanguage":"en-GB","@id":"https:\/\/ascomedic.dz\/produit\/gel-card-centrifuge-txk4\/#primaryimage","url":"https:\/\/ascomedic.dz\/wp-content\/uploads\/2025\/12\/Untitled-1-scaled.png","contentUrl":"https:\/\/ascomedic.dz\/wp-content\/uploads\/2025\/12\/Untitled-1-scaled.png","width":2560,"height":1786},{"@type":"BreadcrumbList","@id":"https:\/\/ascomedic.dz\/produit\/gel-card-centrifuge-txk4\/#breadcrumb","itemListElement":[{"@type":"ListItem","position":1,"name":"Accueil","item":"https:\/\/ascomedic.dz\/"},{"@type":"ListItem","position":2,"name":"Boutique","item":"https:\/\/ascomedic.dz\/boutique\/"},{"@type":"ListItem","position":3,"name":"Gel Card Centrifuge ( TXK4 )"}]},{"@type":"WebSite","@id":"https:\/\/ascomedic.dz\/#website","url":"https:\/\/ascomedic.dz\/","name":"","description":"","potentialAction":[{"@type":"SearchAction","target":{"@type":"EntryPoint","urlTemplate":"https:\/\/ascomedic.dz\/?s={search_term_string}"},"query-input":{"@type":"PropertyValueSpecification","valueRequired":true,"valueName":"search_term_string"}}],"inLanguage":"en-GB"}]}},"_links":{"self":[{"href":"https:\/\/ascomedic.dz\/en\/wp-json\/wp\/v2\/product\/5756","targetHints":{"allow":["GET"]}}],"collection":[{"href":"https:\/\/ascomedic.dz\/en\/wp-json\/wp\/v2\/product"}],"about":[{"href":"https:\/\/ascomedic.dz\/en\/wp-json\/wp\/v2\/types\/product"}],"replies":[{"embeddable":true,"href":"https:\/\/ascomedic.dz\/en\/wp-json\/wp\/v2\/comments?post=5756"}],"version-history":[{"count":5,"href":"https:\/\/ascomedic.dz\/en\/wp-json\/wp\/v2\/product\/5756\/revisions"}],"predecessor-version":[{"id":5773,"href":"https:\/\/ascomedic.dz\/en\/wp-json\/wp\/v2\/product\/5756\/revisions\/5773"}],"wp:featuredmedia":[{"embeddable":true,"href":"https:\/\/ascomedic.dz\/en\/wp-json\/wp\/v2\/media\/5757"}],"wp:attachment":[{"href":"https:\/\/ascomedic.dz\/en\/wp-json\/wp\/v2\/media?parent=5756"}],"wp:term":[{"taxonomy":"product_brand","embeddable":true,"href":"https:\/\/ascomedic.dz\/en\/wp-json\/wp\/v2\/product_brand?post=5756"},{"taxonomy":"product_cat","embeddable":true,"href":"https:\/\/ascomedic.dz\/en\/wp-json\/wp\/v2\/product_cat?post=5756"},{"taxonomy":"product_tag","embeddable":true,"href":"https:\/\/ascomedic.dz\/en\/wp-json\/wp\/v2\/product_tag?post=5756"}],"curies":[{"name":"wp","href":"https:\/\/api.w.org\/{rel}","templated":true}]}}