{"id":5715,"date":"2025-09-20T17:08:28","date_gmt":"2025-09-20T15:08:28","guid":{"rendered":"https:\/\/ascomedic.dz\/?post_type=product&#038;p=5715"},"modified":"2026-03-08T02:38:25","modified_gmt":"2026-03-08T01:38:25","slug":"analyseur-dhemoglobine-laffinite-02-systeme-01","status":"publish","type":"product","link":"https:\/\/ascomedic.dz\/en\/product\/analyseur-dhemoglobine-laffinite-02-systeme-01\/","title":{"rendered":"Laffinite 02 \u2013 Syst\u00e8me 01"},"content":{"rendered":"<h3 data-start=\"159\" data-end=\"248\">Automate de Diagnostic M\u00e9dical IVD \u2013 HPLC (Chromatographie Liquide Haute Performance)<\/h3>\n<hr data-start=\"250\" data-end=\"253\" \/>\n<h2 data-start=\"255\" data-end=\"285\"><strong data-start=\"258\" data-end=\"283\">Pr\u00e9sentation G\u00e9n\u00e9rale<\/strong><\/h2>\n<p data-start=\"286\" data-end=\"717\">L\u2019<strong data-start=\"288\" data-end=\"341\">analyseur d\u2019h\u00e9moglobine Laffinite 02 \u2013 Syst\u00e8me 01<\/strong> est un automate de diagnostic <strong data-start=\"372\" data-end=\"390\">In Vitro (IVD)<\/strong> de haute pr\u00e9cision, bas\u00e9 sur la technologie <strong data-start=\"435\" data-end=\"443\">HPLC<\/strong> (High Performance Liquid Chromatography).<br data-start=\"485\" data-end=\"488\" \/>Il est con\u00e7u pour la d\u00e9tection et la quantification des diff\u00e9rentes fractions d\u2019h\u00e9moglobine (HbA1c, HbF, HbA0, Hb variante), permettant le diagnostic et le suivi du <strong data-start=\"653\" data-end=\"664\">diab\u00e8te<\/strong> ainsi que le d\u00e9pistage des <strong data-start=\"692\" data-end=\"714\">h\u00e9moglobinopathies<\/strong>.<\/p>\n<h2 data-start=\"724\" data-end=\"746\"><strong data-start=\"727\" data-end=\"746\">Fiche Technique<\/strong><\/h2>\n<h3 data-start=\"748\" data-end=\"784\"><strong data-start=\"752\" data-end=\"784\">Caract\u00e9ristiques g\u00e9n\u00e9rales :<\/strong><\/h3>\n<ul data-start=\"785\" data-end=\"1147\">\n<li data-start=\"785\" data-end=\"855\">\n<p data-start=\"787\" data-end=\"855\"><strong data-start=\"787\" data-end=\"802\">Technologie<\/strong> : HPLC (Chromatographie Liquide Haute Performance).<\/p>\n<\/li>\n<li data-start=\"856\" data-end=\"909\">\n<p data-start=\"858\" data-end=\"909\"><strong data-start=\"858\" data-end=\"866\">Type<\/strong> : Analyseur d\u2019h\u00e9moglobine IVD automatis\u00e9.<\/p>\n<\/li>\n<li data-start=\"910\" data-end=\"952\">\n<p data-start=\"912\" data-end=\"952\"><strong data-start=\"912\" data-end=\"922\">Mod\u00e8le<\/strong> : Laffinite 02 \u2013 Syst\u00e8me 01.<\/p>\n<\/li>\n<li data-start=\"953\" data-end=\"1147\">\n<p data-start=\"955\" data-end=\"988\"><strong data-start=\"955\" data-end=\"984\">Modes de test disponibles<\/strong> :<\/p>\n<ol data-start=\"991\" data-end=\"1147\">\n<li data-start=\"991\" data-end=\"1029\">\n<p data-start=\"994\" data-end=\"1029\">Mode <strong data-start=\"999\" data-end=\"1010\">Routine<\/strong> (HbA1c standard).<\/p>\n<\/li>\n<li data-start=\"1032\" data-end=\"1077\">\n<p data-start=\"1035\" data-end=\"1077\">Mode <strong data-start=\"1040\" data-end=\"1050\">Rapide<\/strong> (d\u00e9pistage rapide HbA1c).<\/p>\n<\/li>\n<li data-start=\"1080\" data-end=\"1147\">\n<p data-start=\"1083\" data-end=\"1147\">Mode <strong data-start=\"1088\" data-end=\"1109\">Diagnostic \u00e9tendu<\/strong> (h\u00e9moglobinopathies, variants, HbF).<\/p>\n<\/li>\n<\/ol>\n<\/li>\n<\/ul>\n<hr data-start=\"1149\" data-end=\"1152\" \/>\n<h3 data-start=\"1154\" data-end=\"1185\"><strong data-start=\"1158\" data-end=\"1185\">Param\u00e8tres techniques :<\/strong><\/h3>\n<ul data-start=\"1186\" data-end=\"1922\">\n<li data-start=\"1186\" data-end=\"1228\">\n<p data-start=\"1188\" data-end=\"1228\"><strong data-start=\"1188\" data-end=\"1213\">Plage de mesure HbA1c<\/strong> : 3 % \u2013 18 %<\/p>\n<\/li>\n<li data-start=\"1229\" data-end=\"1257\">\n<p data-start=\"1231\" data-end=\"1257\"><strong data-start=\"1231\" data-end=\"1244\">Pr\u00e9cision<\/strong> : CV \u2264 2 %<\/p>\n<\/li>\n<li data-start=\"1258\" data-end=\"1320\">\n<p data-start=\"1260\" data-end=\"1320\"><strong data-start=\"1260\" data-end=\"1286\">M\u00e9thode de calibration<\/strong> : Standard certifi\u00e9 NGSP \/ IFCC<\/p>\n<\/li>\n<li data-start=\"1321\" data-end=\"1497\">\n<p data-start=\"1323\" data-end=\"1346\"><strong data-start=\"1323\" data-end=\"1342\">Temps d\u2019analyse<\/strong> :<\/p>\n<ul data-start=\"1349\" data-end=\"1497\">\n<li data-start=\"1349\" data-end=\"1392\">\n<p data-start=\"1351\" data-end=\"1392\">Mode rapide : \u2264 3 minutes \/ \u00e9chantillon.<\/p>\n<\/li>\n<li data-start=\"1395\" data-end=\"1437\">\n<p data-start=\"1397\" data-end=\"1437\">Mode routine : 5 minutes \/ \u00e9chantillon..<\/p>\n<\/li>\n<li data-start=\"1440\" data-end=\"1497\">\n<p data-start=\"1442\" data-end=\"1497\">Mode diagnostic \u00e9tendu : 8 \u00e0 10 minutes \/ \u00e9chantillon.<\/p>\n<\/li>\n<\/ul>\n<\/li>\n<li data-start=\"1498\" data-end=\"1565\">\n<p data-start=\"1500\" data-end=\"1565\"><strong data-start=\"1500\" data-end=\"1526\">Capacit\u00e9 de chargement<\/strong> : 60 \u2013 100 \u00e9chantillons (selon rack).<\/p>\n<\/li>\n<li data-start=\"1566\" data-end=\"1634\">\n<p data-start=\"1568\" data-end=\"1634\"><strong data-start=\"1568\" data-end=\"1599\">Volume d\u2019\u00e9chantillon requis<\/strong> : 5 \u2013 10 \u00b5L de sang total (EDTA).<\/p>\n<\/li>\n<li data-start=\"1635\" data-end=\"1702\">\n<p data-start=\"1637\" data-end=\"1702\"><strong data-start=\"1637\" data-end=\"1658\">D\u00e9bit de la pompe<\/strong> : 0.5 \u2013 1.0 mL\/min (ajustable selon mode).<\/p>\n<\/li>\n<li data-start=\"1703\" data-end=\"1776\">\n<p data-start=\"1705\" data-end=\"1776\"><strong data-start=\"1705\" data-end=\"1721\">Colonne HPLC<\/strong> : Phase \u00e9changeuse de cations, temp\u00e9rature contr\u00f4l\u00e9e.<\/p>\n<\/li>\n<li data-start=\"1777\" data-end=\"1844\">\n<p data-start=\"1779\" data-end=\"1844\"><strong data-start=\"1779\" data-end=\"1792\">D\u00e9tection<\/strong> : Photom\u00e9trie \u00e0 415 nm (absorbance sp\u00e9cifique Hb).<\/p>\n<\/li>\n<li data-start=\"1845\" data-end=\"1922\">\n<p data-start=\"1847\" data-end=\"1922\"><strong data-start=\"1847\" data-end=\"1869\">Syst\u00e8me de rin\u00e7age<\/strong> : Automatique pour \u00e9viter la contamination crois\u00e9e.<\/p>\n<\/li>\n<\/ul>\n<hr data-start=\"1924\" data-end=\"1927\" \/>\n<h3 data-start=\"1929\" data-end=\"1960\"><strong data-start=\"1933\" data-end=\"1960\">Interface et Logiciel :<\/strong><\/h3>\n<ul data-start=\"1961\" data-end=\"2292\">\n<li data-start=\"1961\" data-end=\"2005\">\n<p data-start=\"1963\" data-end=\"2005\"><strong data-start=\"1963\" data-end=\"1972\">\u00c9cran<\/strong> : \u00c9cran tactile couleur 10,1\u2019\u2019.<\/p>\n<\/li>\n<li data-start=\"2006\" data-end=\"2101\">\n<p data-start=\"2008\" data-end=\"2101\"><strong data-start=\"2008\" data-end=\"2028\">Logiciel int\u00e9gr\u00e9<\/strong> : Interface intuitive avec affichage des chromatogrammes en temps r\u00e9el.<\/p>\n<\/li>\n<li data-start=\"2102\" data-end=\"2183\">\n<p data-start=\"2104\" data-end=\"2183\"><strong data-start=\"2104\" data-end=\"2127\">Gestion des donn\u00e9es<\/strong> : Sauvegarde locale + exportation via USB \/ LIS \/ HL7.<\/p>\n<\/li>\n<li data-start=\"2184\" data-end=\"2237\">\n<p data-start=\"2186\" data-end=\"2237\"><strong data-start=\"2186\" data-end=\"2212\">Connexion informatique<\/strong> : Ethernet, RS232, USB.<\/p>\n<\/li>\n<li data-start=\"2238\" data-end=\"2292\">\n<p data-start=\"2240\" data-end=\"2292\"><strong data-start=\"2240\" data-end=\"2253\">Archivage<\/strong> : Jusqu\u2019\u00e0 100 000 r\u00e9sultats patients.<\/p>\n<\/li>\n<\/ul>\n<hr data-start=\"2294\" data-end=\"2297\" \/>\n<h3 data-start=\"2299\" data-end=\"2333\"><strong data-start=\"2303\" data-end=\"2333\">Conditions d\u2019utilisation :<\/strong><\/h3>\n<ul data-start=\"2334\" data-end=\"2579\">\n<li data-start=\"2334\" data-end=\"2393\">\n<p data-start=\"2336\" data-end=\"2393\"><strong data-start=\"2336\" data-end=\"2363\">Alimentation \u00e9lectrique<\/strong> : AC 220 V \u00b1 10 %, 50\/60 Hz.<\/p>\n<\/li>\n<li data-start=\"2394\" data-end=\"2447\">\n<p data-start=\"2396\" data-end=\"2447\"><strong data-start=\"2396\" data-end=\"2429\">Temp\u00e9rature de fonctionnement<\/strong> : 15 \u00b0C \u2013 30 \u00b0C.<\/p>\n<\/li>\n<li data-start=\"2448\" data-end=\"2502\">\n<p data-start=\"2450\" data-end=\"2502\"><strong data-start=\"2450\" data-end=\"2471\">Humidit\u00e9 relative<\/strong> : \u2264 80 % (sans condensation).<\/p>\n<\/li>\n<li data-start=\"2503\" data-end=\"2548\">\n<p data-start=\"2505\" data-end=\"2548\"><strong data-start=\"2505\" data-end=\"2519\">Dimensions<\/strong> : 540 mm \u00d7 480 mm \u00d7 420 mm.<\/p>\n<\/li>\n<li data-start=\"2549\" data-end=\"2579\">\n<p data-start=\"2551\" data-end=\"2579\"><strong data-start=\"2551\" data-end=\"2564\">Poids net<\/strong> : 35 \u2013 40 kg.<\/p>\n<\/li>\n<\/ul>\n<hr data-start=\"2581\" data-end=\"2584\" \/>\n<h3 data-start=\"2586\" data-end=\"2617\"><strong data-start=\"2590\" data-end=\"2617\">Conformit\u00e9 &amp; S\u00e9curit\u00e9 :<\/strong><\/h3>\n<ul data-start=\"2618\" data-end=\"2789\">\n<li data-start=\"2618\" data-end=\"2666\">\n<p data-start=\"2620\" data-end=\"2666\">Conforme aux normes <strong data-start=\"2640\" data-end=\"2664\">IVD Directive CE-IVD.<\/strong><\/p>\n<\/li>\n<li data-start=\"2667\" data-end=\"2698\">\n<p data-start=\"2669\" data-end=\"2698\">Certification <strong data-start=\"2683\" data-end=\"2696\">ISO 13485.<\/strong><\/p>\n<\/li>\n<li data-start=\"2699\" data-end=\"2743\">\n<p data-start=\"2701\" data-end=\"2743\">Calibration et contr\u00f4le qualit\u00e9 int\u00e9gr\u00e9s.<\/p>\n<\/li>\n<li data-start=\"2744\" data-end=\"2789\">\n<p data-start=\"2746\" data-end=\"2789\">Maintenance et autodiagnostic automatique.<\/p>\n<\/li>\n<\/ul>\n<hr data-start=\"2791\" data-end=\"2794\" \/>\n<h2 data-start=\"2796\" data-end=\"2817\"><strong data-start=\"2799\" data-end=\"2817\">Points Forts :<\/strong><\/h2>\n<p data-start=\"2818\" data-end=\"3107\">\u2714 Haute pr\u00e9cision bas\u00e9e sur la technologie HPLC certifi\u00e9e NGSP\/IFCC.<br data-start=\"2885\" data-end=\"2888\" \/>\u2714 3 modes de test adapt\u00e9s aux besoins (rapide, routine, diagnostic \u00e9tendu).<br data-start=\"2962\" data-end=\"2965\" \/>\u2714 D\u00e9tection fiable des variants d\u2019h\u00e9moglobine et HbF.<br data-start=\"3017\" data-end=\"3020\" \/>\u2714 Interface conviviale et connectivit\u00e9 LIS\/HL7.<br data-start=\"3066\" data-end=\"3069\" \/>\u2714 Faible volume d\u2019\u00e9chantillon requis.<\/p>","protected":false},"excerpt":{"rendered":"<h3 data-start=\"159\" data-end=\"248\">Automate de Diagnostic M\u00e9dical IVD \u2013 HPLC (Chromatographie Liquide Haute Performance)<\/h3>\n<hr data-start=\"250\" data-end=\"253\" \/>\n<h2 data-start=\"255\" data-end=\"285\"><strong data-start=\"258\" data-end=\"283\">Pr\u00e9sentation G\u00e9n\u00e9rale<\/strong><\/h2>\n<p data-start=\"286\" data-end=\"717\">L\u2019<strong data-start=\"288\" data-end=\"341\">analyseur d\u2019h\u00e9moglobine Laffinite 02 \u2013 Syst\u00e8me 01<\/strong> est un automate de diagnostic <strong data-start=\"372\" data-end=\"390\">In Vitro (IVD)<\/strong> de haute pr\u00e9cision, bas\u00e9 sur la technologie <strong data-start=\"435\" data-end=\"443\">HPLC<\/strong> (High Performance Liquid Chromatography).<br data-start=\"485\" data-end=\"488\" \/>Il est con\u00e7u pour la d\u00e9tection et la quantification des diff\u00e9rentes fractions d\u2019h\u00e9moglobine (HbA1c, HbF, HbA0, Hb variante), permettant le diagnostic et le suivi du <strong data-start=\"653\" data-end=\"664\">diab\u00e8te<\/strong> ainsi que le d\u00e9pistage des <strong data-start=\"692\" data-end=\"714\">h\u00e9moglobinopathies<\/strong>.<\/p>\n<p data-start=\"286\" data-end=\"717\"><strong>T\u00e9l\u00e9chargement de la fiche technique :<\/strong> <a href=\"https:\/\/mega.nz\/file\/rwwhSJiR#xMdfg05N758v9xMA_viU1Ho3EzHQj5zXYCfUr8yi5ZI\"><strong>Cliquez ici<\/strong><\/a><\/p>\n<p data-start=\"286\" data-end=\"717\">","protected":false},"featured_media":5720,"comment_status":"open","ping_status":"closed","template":"","meta":{"content-type":"","site-sidebar-layout":"default","site-content-layout":"","ast-site-content-layout":"default","site-content-style":"default","site-sidebar-style":"default","ast-global-header-display":"","ast-banner-title-visibility":"","ast-main-header-display":"","ast-hfb-above-header-display":"","ast-hfb-below-header-display":"","ast-hfb-mobile-header-display":"","site-post-title":"","ast-breadcrumbs-content":"","ast-featured-img":"","footer-sml-layout":"","theme-transparent-header-meta":"default","adv-header-id-meta":"","stick-header-meta":"","header-above-stick-meta":"","header-main-stick-meta":"","header-below-stick-meta":"","astra-migrate-meta-layouts":"set","ast-page-background-enabled":"default","ast-page-background-meta":{"desktop":{"background-color":"","background-image":"","background-repeat":"repeat","background-position":"center center","background-size":"auto","background-attachment":"scroll","background-type":"","background-media":"","overlay-type":"","overlay-color":"","overlay-opacity":"","overlay-gradient":""},"tablet":{"background-color":"","background-image":"","background-repeat":"repeat","background-position":"center center","background-size":"auto","background-attachment":"scroll","background-type":"","background-media":"","overlay-type":"","overlay-color":"","overlay-opacity":"","overlay-gradient":""},"mobile":{"background-color":"","background-image":"","background-repeat":"repeat","background-position":"center center","background-size":"auto","background-attachment":"scroll","background-type":"","background-media":"","overlay-type":"","overlay-color":"","overlay-opacity":"","overlay-gradient":""}},"ast-content-background-meta":{"desktop":{"background-color":"var(--ast-global-color-5)","background-image":"","background-repeat":"repeat","background-position":"center center","background-size":"auto","background-attachment":"scroll","background-type":"","background-media":"","overlay-type":"","overlay-color":"","overlay-opacity":"","overlay-gradient":""},"tablet":{"background-color":"var(--ast-global-color-5)","background-image":"","background-repeat":"repeat","background-position":"center center","background-size":"auto","background-attachment":"scroll","background-type":"","background-media":"","overlay-type":"","overlay-color":"","overlay-opacity":"","overlay-gradient":""},"mobile":{"background-color":"var(--ast-global-color-5)","background-image":"","background-repeat":"repeat","background-position":"center center","background-size":"auto","background-attachment":"scroll","background-type":"","background-media":"","overlay-type":"","overlay-color":"","overlay-opacity":"","overlay-gradient":""}}},"product_brand":[],"product_cat":[214],"product_tag":[],"class_list":{"0":"post-5715","1":"product","2":"type-product","3":"status-publish","4":"has-post-thumbnail","6":"product_cat-hemoglobine-glyquee","7":"desktop-align-left","8":"tablet-align-left","9":"mobile-align-left","11":"first","12":"instock","13":"featured","14":"taxable","15":"shipping-taxable","16":"product-type-simple"},"yoast_head":"<!-- This site is optimized with the Yoast SEO plugin v25.4 - https:\/\/yoast.com\/wordpress\/plugins\/seo\/ -->\n<title>Laffinite 02 \u2013 Syst\u00e8me 01 -<\/title>\n<meta name=\"description\" content=\"Analyseur d\u2019h\u00e9moglobine Laffinite 02 \u2013 Syst\u00e8me 01. Automate IVD HPLC, 3 modes de test HbA1c et h\u00e9moglobinopathies. Pr\u00e9cision, rapidit\u00e9 et fiabilit\u00e9.\" \/>\n<meta name=\"robots\" content=\"index, follow, max-snippet:-1, max-image-preview:large, max-video-preview:-1\" \/>\n<link rel=\"canonical\" href=\"https:\/\/ascomedic.dz\/en\/product\/analyseur-dhemoglobine-laffinite-02-systeme-01\/\" \/>\n<meta property=\"og:locale\" content=\"en_GB\" \/>\n<meta property=\"og:type\" content=\"article\" \/>\n<meta property=\"og:title\" content=\"Laffinite 02 \u2013 Syst\u00e8me 01 -\" \/>\n<meta property=\"og:description\" content=\"Analyseur d\u2019h\u00e9moglobine Laffinite 02 \u2013 Syst\u00e8me 01. Automate IVD HPLC, 3 modes de test HbA1c et h\u00e9moglobinopathies. Pr\u00e9cision, rapidit\u00e9 et fiabilit\u00e9.\" \/>\n<meta property=\"og:url\" content=\"https:\/\/ascomedic.dz\/en\/product\/analyseur-dhemoglobine-laffinite-02-systeme-01\/\" \/>\n<meta property=\"article:modified_time\" content=\"2026-03-08T01:38:25+00:00\" \/>\n<meta property=\"og:image\" content=\"https:\/\/ascomedic.dz\/wp-content\/uploads\/2025\/09\/Products-4-scaled.jpg\" \/>\n\t<meta property=\"og:image:width\" content=\"2560\" \/>\n\t<meta property=\"og:image:height\" content=\"2560\" \/>\n\t<meta property=\"og:image:type\" content=\"image\/jpeg\" \/>\n<meta name=\"twitter:card\" content=\"summary_large_image\" \/>\n<meta name=\"twitter:label1\" content=\"Estimated reading time\" \/>\n\t<meta name=\"twitter:data1\" content=\"3 minutes\" \/>\n<script type=\"application\/ld+json\" class=\"yoast-schema-graph\">{\"@context\":\"https:\/\/schema.org\",\"@graph\":[{\"@type\":\"WebPage\",\"@id\":\"https:\/\/ascomedic.dz\/produit\/analyseur-dhemoglobine-laffinite-02-systeme-01\/\",\"url\":\"https:\/\/ascomedic.dz\/produit\/analyseur-dhemoglobine-laffinite-02-systeme-01\/\",\"name\":\"Laffinite 02 \u2013 Syst\u00e8me 01 -\",\"isPartOf\":{\"@id\":\"https:\/\/ascomedic.dz\/#website\"},\"primaryImageOfPage\":{\"@id\":\"https:\/\/ascomedic.dz\/produit\/analyseur-dhemoglobine-laffinite-02-systeme-01\/#primaryimage\"},\"image\":{\"@id\":\"https:\/\/ascomedic.dz\/produit\/analyseur-dhemoglobine-laffinite-02-systeme-01\/#primaryimage\"},\"thumbnailUrl\":\"https:\/\/ascomedic.dz\/wp-content\/uploads\/2025\/09\/Products-4-scaled.jpg\",\"datePublished\":\"2025-09-20T15:08:28+00:00\",\"dateModified\":\"2026-03-08T01:38:25+00:00\",\"description\":\"Analyseur d\u2019h\u00e9moglobine Laffinite 02 \u2013 Syst\u00e8me 01. Automate IVD HPLC, 3 modes de test HbA1c et h\u00e9moglobinopathies. Pr\u00e9cision, rapidit\u00e9 et fiabilit\u00e9.\",\"breadcrumb\":{\"@id\":\"https:\/\/ascomedic.dz\/produit\/analyseur-dhemoglobine-laffinite-02-systeme-01\/#breadcrumb\"},\"inLanguage\":\"en-GB\",\"potentialAction\":[{\"@type\":\"ReadAction\",\"target\":[\"https:\/\/ascomedic.dz\/produit\/analyseur-dhemoglobine-laffinite-02-systeme-01\/\"]}]},{\"@type\":\"ImageObject\",\"inLanguage\":\"en-GB\",\"@id\":\"https:\/\/ascomedic.dz\/produit\/analyseur-dhemoglobine-laffinite-02-systeme-01\/#primaryimage\",\"url\":\"https:\/\/ascomedic.dz\/wp-content\/uploads\/2025\/09\/Products-4-scaled.jpg\",\"contentUrl\":\"https:\/\/ascomedic.dz\/wp-content\/uploads\/2025\/09\/Products-4-scaled.jpg\",\"width\":2560,\"height\":2560},{\"@type\":\"BreadcrumbList\",\"@id\":\"https:\/\/ascomedic.dz\/produit\/analyseur-dhemoglobine-laffinite-02-systeme-01\/#breadcrumb\",\"itemListElement\":[{\"@type\":\"ListItem\",\"position\":1,\"name\":\"Accueil\",\"item\":\"https:\/\/ascomedic.dz\/\"},{\"@type\":\"ListItem\",\"position\":2,\"name\":\"Boutique\",\"item\":\"https:\/\/ascomedic.dz\/boutique\/\"},{\"@type\":\"ListItem\",\"position\":3,\"name\":\"Laffinite 02 \u2013 Syst\u00e8me 01\"}]},{\"@type\":\"WebSite\",\"@id\":\"https:\/\/ascomedic.dz\/#website\",\"url\":\"https:\/\/ascomedic.dz\/\",\"name\":\"\",\"description\":\"\",\"potentialAction\":[{\"@type\":\"SearchAction\",\"target\":{\"@type\":\"EntryPoint\",\"urlTemplate\":\"https:\/\/ascomedic.dz\/?s={search_term_string}\"},\"query-input\":{\"@type\":\"PropertyValueSpecification\",\"valueRequired\":true,\"valueName\":\"search_term_string\"}}],\"inLanguage\":\"en-GB\"}]}<\/script>\n<!-- \/ Yoast SEO plugin. -->","yoast_head_json":{"title":"Laffinite 02 \u2013 Syst\u00e8me 01 -","description":"Analyseur d\u2019h\u00e9moglobine Laffinite 02 \u2013 Syst\u00e8me 01. Automate IVD HPLC, 3 modes de test HbA1c et h\u00e9moglobinopathies. Pr\u00e9cision, rapidit\u00e9 et fiabilit\u00e9.","robots":{"index":"index","follow":"follow","max-snippet":"max-snippet:-1","max-image-preview":"max-image-preview:large","max-video-preview":"max-video-preview:-1"},"canonical":"https:\/\/ascomedic.dz\/en\/product\/analyseur-dhemoglobine-laffinite-02-systeme-01\/","og_locale":"en_GB","og_type":"article","og_title":"Laffinite 02 \u2013 Syst\u00e8me 01 -","og_description":"Analyseur d\u2019h\u00e9moglobine Laffinite 02 \u2013 Syst\u00e8me 01. Automate IVD HPLC, 3 modes de test HbA1c et h\u00e9moglobinopathies. Pr\u00e9cision, rapidit\u00e9 et fiabilit\u00e9.","og_url":"https:\/\/ascomedic.dz\/en\/product\/analyseur-dhemoglobine-laffinite-02-systeme-01\/","article_modified_time":"2026-03-08T01:38:25+00:00","og_image":[{"width":2560,"height":2560,"url":"https:\/\/ascomedic.dz\/wp-content\/uploads\/2025\/09\/Products-4-scaled.jpg","type":"image\/jpeg"}],"twitter_card":"summary_large_image","twitter_misc":{"Estimated reading time":"3 minutes"},"schema":{"@context":"https:\/\/schema.org","@graph":[{"@type":"WebPage","@id":"https:\/\/ascomedic.dz\/produit\/analyseur-dhemoglobine-laffinite-02-systeme-01\/","url":"https:\/\/ascomedic.dz\/produit\/analyseur-dhemoglobine-laffinite-02-systeme-01\/","name":"Laffinite 02 \u2013 Syst\u00e8me 01 -","isPartOf":{"@id":"https:\/\/ascomedic.dz\/#website"},"primaryImageOfPage":{"@id":"https:\/\/ascomedic.dz\/produit\/analyseur-dhemoglobine-laffinite-02-systeme-01\/#primaryimage"},"image":{"@id":"https:\/\/ascomedic.dz\/produit\/analyseur-dhemoglobine-laffinite-02-systeme-01\/#primaryimage"},"thumbnailUrl":"https:\/\/ascomedic.dz\/wp-content\/uploads\/2025\/09\/Products-4-scaled.jpg","datePublished":"2025-09-20T15:08:28+00:00","dateModified":"2026-03-08T01:38:25+00:00","description":"Analyseur d\u2019h\u00e9moglobine Laffinite 02 \u2013 Syst\u00e8me 01. Automate IVD HPLC, 3 modes de test HbA1c et h\u00e9moglobinopathies. Pr\u00e9cision, rapidit\u00e9 et fiabilit\u00e9.","breadcrumb":{"@id":"https:\/\/ascomedic.dz\/produit\/analyseur-dhemoglobine-laffinite-02-systeme-01\/#breadcrumb"},"inLanguage":"en-GB","potentialAction":[{"@type":"ReadAction","target":["https:\/\/ascomedic.dz\/produit\/analyseur-dhemoglobine-laffinite-02-systeme-01\/"]}]},{"@type":"ImageObject","inLanguage":"en-GB","@id":"https:\/\/ascomedic.dz\/produit\/analyseur-dhemoglobine-laffinite-02-systeme-01\/#primaryimage","url":"https:\/\/ascomedic.dz\/wp-content\/uploads\/2025\/09\/Products-4-scaled.jpg","contentUrl":"https:\/\/ascomedic.dz\/wp-content\/uploads\/2025\/09\/Products-4-scaled.jpg","width":2560,"height":2560},{"@type":"BreadcrumbList","@id":"https:\/\/ascomedic.dz\/produit\/analyseur-dhemoglobine-laffinite-02-systeme-01\/#breadcrumb","itemListElement":[{"@type":"ListItem","position":1,"name":"Accueil","item":"https:\/\/ascomedic.dz\/"},{"@type":"ListItem","position":2,"name":"Boutique","item":"https:\/\/ascomedic.dz\/boutique\/"},{"@type":"ListItem","position":3,"name":"Laffinite 02 \u2013 Syst\u00e8me 01"}]},{"@type":"WebSite","@id":"https:\/\/ascomedic.dz\/#website","url":"https:\/\/ascomedic.dz\/","name":"","description":"","potentialAction":[{"@type":"SearchAction","target":{"@type":"EntryPoint","urlTemplate":"https:\/\/ascomedic.dz\/?s={search_term_string}"},"query-input":{"@type":"PropertyValueSpecification","valueRequired":true,"valueName":"search_term_string"}}],"inLanguage":"en-GB"}]}},"_links":{"self":[{"href":"https:\/\/ascomedic.dz\/en\/wp-json\/wp\/v2\/product\/5715","targetHints":{"allow":["GET"]}}],"collection":[{"href":"https:\/\/ascomedic.dz\/en\/wp-json\/wp\/v2\/product"}],"about":[{"href":"https:\/\/ascomedic.dz\/en\/wp-json\/wp\/v2\/types\/product"}],"replies":[{"embeddable":true,"href":"https:\/\/ascomedic.dz\/en\/wp-json\/wp\/v2\/comments?post=5715"}],"version-history":[{"count":8,"href":"https:\/\/ascomedic.dz\/en\/wp-json\/wp\/v2\/product\/5715\/revisions"}],"predecessor-version":[{"id":5848,"href":"https:\/\/ascomedic.dz\/en\/wp-json\/wp\/v2\/product\/5715\/revisions\/5848"}],"wp:featuredmedia":[{"embeddable":true,"href":"https:\/\/ascomedic.dz\/en\/wp-json\/wp\/v2\/media\/5720"}],"wp:attachment":[{"href":"https:\/\/ascomedic.dz\/en\/wp-json\/wp\/v2\/media?parent=5715"}],"wp:term":[{"taxonomy":"product_brand","embeddable":true,"href":"https:\/\/ascomedic.dz\/en\/wp-json\/wp\/v2\/product_brand?post=5715"},{"taxonomy":"product_cat","embeddable":true,"href":"https:\/\/ascomedic.dz\/en\/wp-json\/wp\/v2\/product_cat?post=5715"},{"taxonomy":"product_tag","embeddable":true,"href":"https:\/\/ascomedic.dz\/en\/wp-json\/wp\/v2\/product_tag?post=5715"}],"curies":[{"name":"wp","href":"https:\/\/api.w.org\/{rel}","templated":true}]}}