{"id":362,"date":"2025-07-27T23:45:53","date_gmt":"2025-07-27T21:45:53","guid":{"rendered":"https:\/\/ascomedic.dz\/produit\/dnk-yellow-shoes\/"},"modified":"2026-03-08T02:41:00","modified_gmt":"2026-03-08T01:41:00","slug":"dnk-yellow-shoes","status":"publish","type":"product","link":"https:\/\/ascomedic.dz\/en\/product\/dnk-yellow-shoes\/","title":{"rendered":"BC 720"},"content":{"rendered":"<div data-elementor-type=\"wp-post\" data-elementor-id=\"362\" class=\"elementor elementor-362\">\n\t\t\t\t\t\t<section class=\"elementor-section elementor-top-section elementor-element elementor-element-49918af elementor-section-stretched elementor-section-boxed elementor-section-height-default elementor-section-height-default\" data-id=\"49918af\" data-element_type=\"section\" data-settings=\"{&quot;stretch_section&quot;:&quot;section-stretched&quot;}\">\n\t\t\t\t\t\t<div class=\"elementor-container elementor-column-gap-no\">\n\t\t\t\t\t<div class=\"elementor-column elementor-col-100 elementor-top-column elementor-element elementor-element-28eea9e\" data-id=\"28eea9e\" data-element_type=\"column\">\n\t\t\t<div class=\"elementor-widget-wrap elementor-element-populated\">\n\t\t\t\t\t\t<section class=\"elementor-section elementor-inner-section elementor-element elementor-element-cccfd55 elementor-section-boxed elementor-section-height-default elementor-section-height-default\" data-id=\"cccfd55\" data-element_type=\"section\">\n\t\t\t\t\t\t<div class=\"elementor-container elementor-column-gap-no\">\n\t\t\t\t\t<div class=\"elementor-column elementor-col-100 elementor-inner-column elementor-element elementor-element-04b37fc\" data-id=\"04b37fc\" data-element_type=\"column\">\n\t\t\t<div class=\"elementor-widget-wrap elementor-element-populated\">\n\t\t\t\t\t\t<div class=\"elementor-element elementor-element-110dffb elementor-widget elementor-widget-heading\" data-id=\"110dffb\" data-element_type=\"widget\" data-widget_type=\"heading.default\">\n\t\t\t\t<div class=\"elementor-widget-container\">\n\t\t\t\t\t<h3 class=\"elementor-heading-title elementor-size-default\">Product description<\/h3>\t\t\t\t<\/div>\n\t\t\t\t<\/div>\n\t\t\t\t<div class=\"elementor-element elementor-element-81bd9f2 elementor-widget elementor-widget-text-editor\" data-id=\"81bd9f2\" data-element_type=\"widget\" data-widget_type=\"text-editor.default\">\n\t\t\t\t<div class=\"elementor-widget-container\">\n\t\t\t\t\t\t\t\t\t<p><b>D\u00e9bit : <\/b>Jusqu&rsquo;\u00e0 80 tests\/heure (CBC), 45 tests\/heure (CBC+RET), 40 tests\/heure (CBC+ESR).<\/p><p><b>Particularit\u00e9s : <\/b>Compact, adapt\u00e9 aux laboratoires avec espace restreint.<\/p><p><b>R\u00e9actifs pour les automates haut de gamme.<\/b><\/p><p><b>Diluant DS : <\/b><span style=\"font-weight: 400;\">Fournit un environnement stable pour le comptage et l&rsquo;\u00e9valuation de la taille des cellules sanguines. <\/span><\/p><p><b>Lyse 6LH, 6LD, 6LB : D<\/b><span style=\"font-weight: 400;\">iff\u00e9rents types de lyse utilis\u00e9s pour des applications sp\u00e9cifiques, notamment la diff\u00e9renciation des globules blancs et la d\u00e9termination de l&rsquo;h\u00e9moglobine.<\/span><\/p><p><b>Colorant 6FD : <\/b><span style=\"font-weight: 400;\">Utilis\u00e9 pour la coloration des cellules, facilitant leur identification et comptage.<\/span><\/p><p><b>Nettoyant pour sonde :<\/b><span style=\"font-weight: 400;\"> Assure le nettoyage des sondes d&rsquo;aspiration pour maintenir la pr\u00e9cision des analyses. <\/span><\/p>\t\t\t\t\t\t\t\t<\/div>\n\t\t\t\t<\/div>\n\t\t\t\t\t<\/div>\n\t\t<\/div>\n\t\t\t\t\t<\/div>\n\t\t<\/section>\n\t\t\t\t\t<\/div>\n\t\t<\/div>\n\t\t\t\t\t<\/div>\n\t\t<\/section>\n\t\t\t\t<\/div>","protected":false},"excerpt":{"rendered":"<ul>\n<li aria-level=\"1\"><b>Caract\u00e9ristique : <\/b>BC-720<\/li>\n<li aria-level=\"1\"><b>Diff\u00e9renciation leucocytaire : <\/b>5 populations (Neu, Lym, Mon, Eos, Bas).<\/li>\n<li aria-level=\"1\"><b>Technologie :<\/b> SF Cube (analyse 3D par diffusion et fluorescence).<\/li>\n<li aria-level=\"1\"><b>Param\u00e8tres mesur\u00e9s : <\/b>109 en sang total, 18 en liquides biologiques, 41 rapportables.<\/li>\n<li aria-level=\"1\"><b>Volume d&rsquo;\u00e9chantillon : <\/b>23 \u00b5L (sang total), 160 \u00b5L (avec ESR).<\/li>\n<\/ul>\n<p><strong>Fiche technique :<\/strong> <a href=\"https:\/\/mega.nz\/file\/DwBgAJAQ#UhYn8rrB9_Dt64YPLrJ9cxv2qleJVD26QRcSRBc8SPI\">T\u00e9l\u00e9charger ici\u00a0<\/a><\/p>","protected":false},"featured_media":4724,"comment_status":"open","ping_status":"closed","template":"","meta":{"content-type":"","site-sidebar-layout":"default","site-content-layout":"default","ast-site-content-layout":"default","site-content-style":"default","site-sidebar-style":"default","ast-global-header-display":"","ast-banner-title-visibility":"","ast-main-header-display":"","ast-hfb-above-header-display":"","ast-hfb-below-header-display":"","ast-hfb-mobile-header-display":"","site-post-title":"","ast-breadcrumbs-content":"","ast-featured-img":"","footer-sml-layout":"","theme-transparent-header-meta":"default","adv-header-id-meta":"","stick-header-meta":"","header-above-stick-meta":"","header-main-stick-meta":"","header-below-stick-meta":"","astra-migrate-meta-layouts":"set","ast-page-background-enabled":"default","ast-page-background-meta":{"desktop":{"background-color":"","background-image":"","background-repeat":"repeat","background-position":"center center","background-size":"auto","background-attachment":"scroll","background-type":"","background-media":"","overlay-type":"","overlay-color":"","overlay-opacity":"","overlay-gradient":""},"tablet":{"background-color":"","background-image":"","background-repeat":"repeat","background-position":"center center","background-size":"auto","background-attachment":"scroll","background-type":"","background-media":"","overlay-type":"","overlay-color":"","overlay-opacity":"","overlay-gradient":""},"mobile":{"background-color":"","background-image":"","background-repeat":"repeat","background-position":"center center","background-size":"auto","background-attachment":"scroll","background-type":"","background-media":"","overlay-type":"","overlay-color":"","overlay-opacity":"","overlay-gradient":""}},"ast-content-background-meta":{"desktop":{"background-color":"var(--ast-global-color-5)","background-image":"","background-repeat":"repeat","background-position":"center center","background-size":"auto","background-attachment":"scroll","background-type":"","background-media":"","overlay-type":"","overlay-color":"","overlay-opacity":"","overlay-gradient":""},"tablet":{"background-color":"var(--ast-global-color-5)","background-image":"","background-repeat":"repeat","background-position":"center center","background-size":"auto","background-attachment":"scroll","background-type":"","background-media":"","overlay-type":"","overlay-color":"","overlay-opacity":"","overlay-gradient":""},"mobile":{"background-color":"var(--ast-global-color-5)","background-image":"","background-repeat":"repeat","background-position":"center center","background-size":"auto","background-attachment":"scroll","background-type":"","background-media":"","overlay-type":"","overlay-color":"","overlay-opacity":"","overlay-gradient":""}}},"product_brand":[],"product_cat":[213],"product_tag":[],"class_list":{"0":"post-362","1":"product","2":"type-product","3":"status-publish","4":"has-post-thumbnail","6":"product_cat-hematologie","7":"desktop-align-left","8":"tablet-align-left","9":"mobile-align-left","11":"first","12":"instock","13":"featured","14":"taxable","15":"shipping-taxable","16":"product-type-simple"},"yoast_head":"<!-- This site is optimized with the Yoast SEO plugin v25.4 - https:\/\/yoast.com\/wordpress\/plugins\/seo\/ -->\n<title>BC 720 -<\/title>\n<meta name=\"description\" content=\"Le BC-720 : analyseur h\u00e9matologique compact 5 populations, pr\u00e9cis et adapt\u00e9 aux laboratoires \u00e0 espace r\u00e9duit.\" \/>\n<meta name=\"robots\" content=\"index, follow, max-snippet:-1, max-image-preview:large, max-video-preview:-1\" \/>\n<link rel=\"canonical\" href=\"https:\/\/ascomedic.dz\/en\/product\/dnk-yellow-shoes\/\" \/>\n<meta property=\"og:locale\" content=\"en_GB\" \/>\n<meta property=\"og:type\" content=\"article\" \/>\n<meta property=\"og:title\" content=\"BC 720 -\" \/>\n<meta property=\"og:description\" content=\"Le BC-720 : analyseur h\u00e9matologique compact 5 populations, pr\u00e9cis et adapt\u00e9 aux laboratoires \u00e0 espace r\u00e9duit.\" \/>\n<meta property=\"og:url\" content=\"https:\/\/ascomedic.dz\/en\/product\/dnk-yellow-shoes\/\" \/>\n<meta property=\"article:modified_time\" content=\"2026-03-08T01:41:00+00:00\" \/>\n<meta property=\"og:image\" content=\"https:\/\/ascomedic.dz\/wp-content\/uploads\/2025\/07\/images-1.jpeg\" \/>\n\t<meta property=\"og:image:width\" content=\"275\" \/>\n\t<meta property=\"og:image:height\" content=\"183\" \/>\n\t<meta property=\"og:image:type\" content=\"image\/jpeg\" \/>\n<meta name=\"twitter:card\" content=\"summary_large_image\" \/>\n<meta name=\"twitter:label1\" content=\"Estimated reading time\" \/>\n\t<meta name=\"twitter:data1\" content=\"1 minute\" \/>\n<script type=\"application\/ld+json\" class=\"yoast-schema-graph\">{\"@context\":\"https:\/\/schema.org\",\"@graph\":[{\"@type\":\"WebPage\",\"@id\":\"https:\/\/ascomedic.dz\/produit\/dnk-yellow-shoes\/\",\"url\":\"https:\/\/ascomedic.dz\/produit\/dnk-yellow-shoes\/\",\"name\":\"BC 720 -\",\"isPartOf\":{\"@id\":\"https:\/\/ascomedic.dz\/#website\"},\"primaryImageOfPage\":{\"@id\":\"https:\/\/ascomedic.dz\/produit\/dnk-yellow-shoes\/#primaryimage\"},\"image\":{\"@id\":\"https:\/\/ascomedic.dz\/produit\/dnk-yellow-shoes\/#primaryimage\"},\"thumbnailUrl\":\"https:\/\/ascomedic.dz\/wp-content\/uploads\/2025\/07\/images-1.jpeg\",\"datePublished\":\"2025-07-27T21:45:53+00:00\",\"dateModified\":\"2026-03-08T01:41:00+00:00\",\"description\":\"Le BC-720 : analyseur h\u00e9matologique compact 5 populations, pr\u00e9cis et adapt\u00e9 aux laboratoires \u00e0 espace r\u00e9duit.\",\"breadcrumb\":{\"@id\":\"https:\/\/ascomedic.dz\/produit\/dnk-yellow-shoes\/#breadcrumb\"},\"inLanguage\":\"en-GB\",\"potentialAction\":[{\"@type\":\"ReadAction\",\"target\":[\"https:\/\/ascomedic.dz\/produit\/dnk-yellow-shoes\/\"]}]},{\"@type\":\"ImageObject\",\"inLanguage\":\"en-GB\",\"@id\":\"https:\/\/ascomedic.dz\/produit\/dnk-yellow-shoes\/#primaryimage\",\"url\":\"https:\/\/ascomedic.dz\/wp-content\/uploads\/2025\/07\/images-1.jpeg\",\"contentUrl\":\"https:\/\/ascomedic.dz\/wp-content\/uploads\/2025\/07\/images-1.jpeg\",\"width\":275,\"height\":183},{\"@type\":\"BreadcrumbList\",\"@id\":\"https:\/\/ascomedic.dz\/produit\/dnk-yellow-shoes\/#breadcrumb\",\"itemListElement\":[{\"@type\":\"ListItem\",\"position\":1,\"name\":\"Accueil\",\"item\":\"https:\/\/ascomedic.dz\/\"},{\"@type\":\"ListItem\",\"position\":2,\"name\":\"Boutique\",\"item\":\"https:\/\/ascomedic.dz\/boutique\/\"},{\"@type\":\"ListItem\",\"position\":3,\"name\":\"BC 720\"}]},{\"@type\":\"WebSite\",\"@id\":\"https:\/\/ascomedic.dz\/#website\",\"url\":\"https:\/\/ascomedic.dz\/\",\"name\":\"\",\"description\":\"\",\"potentialAction\":[{\"@type\":\"SearchAction\",\"target\":{\"@type\":\"EntryPoint\",\"urlTemplate\":\"https:\/\/ascomedic.dz\/?s={search_term_string}\"},\"query-input\":{\"@type\":\"PropertyValueSpecification\",\"valueRequired\":true,\"valueName\":\"search_term_string\"}}],\"inLanguage\":\"en-GB\"}]}<\/script>\n<!-- \/ Yoast SEO plugin. -->","yoast_head_json":{"title":"BC 720 -","description":"Le BC-720 : analyseur h\u00e9matologique compact 5 populations, pr\u00e9cis et adapt\u00e9 aux laboratoires \u00e0 espace r\u00e9duit.","robots":{"index":"index","follow":"follow","max-snippet":"max-snippet:-1","max-image-preview":"max-image-preview:large","max-video-preview":"max-video-preview:-1"},"canonical":"https:\/\/ascomedic.dz\/en\/product\/dnk-yellow-shoes\/","og_locale":"en_GB","og_type":"article","og_title":"BC 720 -","og_description":"Le BC-720 : analyseur h\u00e9matologique compact 5 populations, pr\u00e9cis et adapt\u00e9 aux laboratoires \u00e0 espace r\u00e9duit.","og_url":"https:\/\/ascomedic.dz\/en\/product\/dnk-yellow-shoes\/","article_modified_time":"2026-03-08T01:41:00+00:00","og_image":[{"width":275,"height":183,"url":"https:\/\/ascomedic.dz\/wp-content\/uploads\/2025\/07\/images-1.jpeg","type":"image\/jpeg"}],"twitter_card":"summary_large_image","twitter_misc":{"Estimated reading time":"1 minute"},"schema":{"@context":"https:\/\/schema.org","@graph":[{"@type":"WebPage","@id":"https:\/\/ascomedic.dz\/produit\/dnk-yellow-shoes\/","url":"https:\/\/ascomedic.dz\/produit\/dnk-yellow-shoes\/","name":"BC 720 -","isPartOf":{"@id":"https:\/\/ascomedic.dz\/#website"},"primaryImageOfPage":{"@id":"https:\/\/ascomedic.dz\/produit\/dnk-yellow-shoes\/#primaryimage"},"image":{"@id":"https:\/\/ascomedic.dz\/produit\/dnk-yellow-shoes\/#primaryimage"},"thumbnailUrl":"https:\/\/ascomedic.dz\/wp-content\/uploads\/2025\/07\/images-1.jpeg","datePublished":"2025-07-27T21:45:53+00:00","dateModified":"2026-03-08T01:41:00+00:00","description":"Le BC-720 : analyseur h\u00e9matologique compact 5 populations, pr\u00e9cis et adapt\u00e9 aux laboratoires \u00e0 espace r\u00e9duit.","breadcrumb":{"@id":"https:\/\/ascomedic.dz\/produit\/dnk-yellow-shoes\/#breadcrumb"},"inLanguage":"en-GB","potentialAction":[{"@type":"ReadAction","target":["https:\/\/ascomedic.dz\/produit\/dnk-yellow-shoes\/"]}]},{"@type":"ImageObject","inLanguage":"en-GB","@id":"https:\/\/ascomedic.dz\/produit\/dnk-yellow-shoes\/#primaryimage","url":"https:\/\/ascomedic.dz\/wp-content\/uploads\/2025\/07\/images-1.jpeg","contentUrl":"https:\/\/ascomedic.dz\/wp-content\/uploads\/2025\/07\/images-1.jpeg","width":275,"height":183},{"@type":"BreadcrumbList","@id":"https:\/\/ascomedic.dz\/produit\/dnk-yellow-shoes\/#breadcrumb","itemListElement":[{"@type":"ListItem","position":1,"name":"Accueil","item":"https:\/\/ascomedic.dz\/"},{"@type":"ListItem","position":2,"name":"Boutique","item":"https:\/\/ascomedic.dz\/boutique\/"},{"@type":"ListItem","position":3,"name":"BC 720"}]},{"@type":"WebSite","@id":"https:\/\/ascomedic.dz\/#website","url":"https:\/\/ascomedic.dz\/","name":"","description":"","potentialAction":[{"@type":"SearchAction","target":{"@type":"EntryPoint","urlTemplate":"https:\/\/ascomedic.dz\/?s={search_term_string}"},"query-input":{"@type":"PropertyValueSpecification","valueRequired":true,"valueName":"search_term_string"}}],"inLanguage":"en-GB"}]}},"_links":{"self":[{"href":"https:\/\/ascomedic.dz\/en\/wp-json\/wp\/v2\/product\/362","targetHints":{"allow":["GET"]}}],"collection":[{"href":"https:\/\/ascomedic.dz\/en\/wp-json\/wp\/v2\/product"}],"about":[{"href":"https:\/\/ascomedic.dz\/en\/wp-json\/wp\/v2\/types\/product"}],"replies":[{"embeddable":true,"href":"https:\/\/ascomedic.dz\/en\/wp-json\/wp\/v2\/comments?post=362"}],"version-history":[{"count":9,"href":"https:\/\/ascomedic.dz\/en\/wp-json\/wp\/v2\/product\/362\/revisions"}],"predecessor-version":[{"id":4723,"href":"https:\/\/ascomedic.dz\/en\/wp-json\/wp\/v2\/product\/362\/revisions\/4723"}],"wp:featuredmedia":[{"embeddable":true,"href":"https:\/\/ascomedic.dz\/en\/wp-json\/wp\/v2\/media\/4724"}],"wp:attachment":[{"href":"https:\/\/ascomedic.dz\/en\/wp-json\/wp\/v2\/media?parent=362"}],"wp:term":[{"taxonomy":"product_brand","embeddable":true,"href":"https:\/\/ascomedic.dz\/en\/wp-json\/wp\/v2\/product_brand?post=362"},{"taxonomy":"product_cat","embeddable":true,"href":"https:\/\/ascomedic.dz\/en\/wp-json\/wp\/v2\/product_cat?post=362"},{"taxonomy":"product_tag","embeddable":true,"href":"https:\/\/ascomedic.dz\/en\/wp-json\/wp\/v2\/product_tag?post=362"}],"curies":[{"name":"wp","href":"https:\/\/api.w.org\/{rel}","templated":true}]}}