{"id":361,"date":"2025-07-27T23:45:52","date_gmt":"2025-07-27T21:45:52","guid":{"rendered":"https:\/\/ascomedic.dz\/produit\/dnk-red-shoes\/"},"modified":"2026-01-27T19:29:35","modified_gmt":"2026-01-27T18:29:35","slug":"bc-5380","status":"publish","type":"product","link":"https:\/\/ascomedic.dz\/en\/product\/bc-5380\/","title":{"rendered":"BC 5380"},"content":{"rendered":"<div data-elementor-type=\"wp-post\" data-elementor-id=\"361\" class=\"elementor elementor-361\">\n\t\t\t\t\t\t<section class=\"elementor-section elementor-top-section elementor-element elementor-element-2aa125b elementor-section-stretched elementor-section-boxed elementor-section-height-default elementor-section-height-default\" data-id=\"2aa125b\" data-element_type=\"section\" data-settings=\"{&quot;stretch_section&quot;:&quot;section-stretched&quot;}\">\n\t\t\t\t\t\t<div class=\"elementor-container elementor-column-gap-no\">\n\t\t\t\t\t<div class=\"elementor-column elementor-col-100 elementor-top-column elementor-element elementor-element-f92e2c3\" data-id=\"f92e2c3\" data-element_type=\"column\">\n\t\t\t<div class=\"elementor-widget-wrap elementor-element-populated\">\n\t\t\t\t\t\t<section class=\"elementor-section elementor-inner-section elementor-element elementor-element-a01628e elementor-section-boxed elementor-section-height-default elementor-section-height-default\" data-id=\"a01628e\" data-element_type=\"section\">\n\t\t\t\t\t\t<div class=\"elementor-container elementor-column-gap-no\">\n\t\t\t\t\t<div class=\"elementor-column elementor-col-100 elementor-inner-column elementor-element elementor-element-7c79964\" data-id=\"7c79964\" data-element_type=\"column\">\n\t\t\t<div class=\"elementor-widget-wrap elementor-element-populated\">\n\t\t\t\t\t\t<div class=\"elementor-element elementor-element-081a75a elementor-widget elementor-widget-heading\" data-id=\"081a75a\" data-element_type=\"widget\" data-widget_type=\"heading.default\">\n\t\t\t\t<div class=\"elementor-widget-container\">\n\t\t\t\t\t<h3 class=\"elementor-heading-title elementor-size-default\">Product description<\/h3>\t\t\t\t<\/div>\n\t\t\t\t<\/div>\n\t\t\t\t<div class=\"elementor-element elementor-element-728d380 elementor-widget elementor-widget-text-editor\" data-id=\"728d380\" data-element_type=\"widget\" data-widget_type=\"text-editor.default\">\n\t\t\t\t<div class=\"elementor-widget-container\">\n\t\t\t\t\t\t\t\t\t<p><strong>D\u00e9bit :<\/strong> 60 tests\/h<\/p><p><strong>\u00c9chantillonnage :<\/strong> flacon ouvert<\/p><p><strong>Volume \u00e9chantillon :<\/strong> 20 \u00b5L<\/p><p><strong>Panel :<\/strong> Analytes disponibles<\/p><p><strong>Fonction h\u00e9patique :<\/strong> ALT, AST, GGT, ALP, ALB, TP, PA, TBA, CHE, Bilirubine directe (DBI-D\/DBI-V), Bilirubine totale (TBI-D\/TBI-V),<\/p><p><strong>Fonction r\u00e9nale :<\/strong> Cr\u00e9atinine (CREA-J, CREA-S), Ur\u00e9e, Acide urique (UA), Microalbumine (MALB), Cystatine C (Cys-C), \u03b22-Microglobuline (\u03b22-MG), Prot\u00e9ine de liaison au r\u00e9tinol (RBP), CO\u2082<\/p><p><strong>Profil lipidique :<\/strong> Cholest\u00e9rol total (TC), HDL-C, LDL-C, Apolipoprot\u00e9ine A1 (Apo-A1), Apolipoprot\u00e9ine B (Apo-B), Triglyc\u00e9rides (TG), Lipoprot\u00e9ine (a) [Lp(a)]<\/p><p><strong>Marqueurs cardiaques :<\/strong> CK, CK-MB, \u03b1-HBDH, Homocyst\u00e9ine (HCY), Prot\u00e9ine C-r\u00e9active ultrasensible (HS-CRP), Myoglobine (MYO), D-Dim\u00e8res, LDH<\/p><p><strong>Diab\u00e8te :<\/strong> HbA1c, Fructosamine (FUN), Glucose (m\u00e9thodes GOD-POD et HK), \u03b2-Hydroxybutyrate (\u03b2-HB)<\/p><p><strong>An\u00e9mie :<\/strong> Transferrine (TRF), Ferritine (FER), Capacit\u00e9 de fixation du fer non satur\u00e9e (UIBC), Fer (Fe), G6PD<\/p><p>Pancr\u00e9as \u03b1-Amylase (\u03b1-AMY), Lipase (LIP)<\/p><p><strong>\u00c9lectrolytes :<\/strong> Na\u207a, K\u207a, Cl\u207b (via module ISE int\u00e9gr\u00e9)<\/p><p><strong>Immunologie :<\/strong> Compl\u00e9ments C3, C4, IgA, IgG, IgM, IgE<\/p><p><strong>Rhumatologie :<\/strong> Facteur rhumato\u00efde (RF), ASO, CRP<\/p><p><strong>Pulmonaire :<\/strong> Ad\u00e9nosine d\u00e9saminase (ADA), Enzyme de conversion de l\u2019angiotensine (ACE)<\/p>\t\t\t\t\t\t\t\t<\/div>\n\t\t\t\t<\/div>\n\t\t\t\t\t<\/div>\n\t\t<\/div>\n\t\t\t\t\t<\/div>\n\t\t<\/section>\n\t\t\t\t\t<\/div>\n\t\t<\/div>\n\t\t\t\t\t<\/div>\n\t\t<\/section>\n\t\t\t\t<\/div>","protected":false},"excerpt":{"rendered":"<p><b>Marque : <\/b><span style=\"font-weight: 400;\">Mindray<\/span><\/p>\n<p><b>Mod\u00e8le : <\/b><span style=\"font-weight: 400;\">BC-5380<\/span><\/p>\n<p><b>Param\u00e8tres : <\/b><span style=\"font-weight: 400;\">27 5-DIFF<\/span><\/p>\n<p><strong>Fiche technique :<\/strong> <a href=\"https:\/\/mega.nz\/file\/etw0ib7L#1cGDM361uyf0NggVnNSDlutJMmcEMFaIuOTfaR7kMfQ\">T\u00e9l\u00e9charger ici\u00a0<\/a><\/p>","protected":false},"featured_media":4728,"comment_status":"open","ping_status":"closed","template":"","meta":{"content-type":"","site-sidebar-layout":"default","site-content-layout":"default","ast-site-content-layout":"default","site-content-style":"default","site-sidebar-style":"default","ast-global-header-display":"","ast-banner-title-visibility":"","ast-main-header-display":"","ast-hfb-above-header-display":"","ast-hfb-below-header-display":"","ast-hfb-mobile-header-display":"","site-post-title":"","ast-breadcrumbs-content":"","ast-featured-img":"","footer-sml-layout":"","theme-transparent-header-meta":"default","adv-header-id-meta":"","stick-header-meta":"","header-above-stick-meta":"","header-main-stick-meta":"","header-below-stick-meta":"","astra-migrate-meta-layouts":"set","ast-page-background-enabled":"default","ast-page-background-meta":{"desktop":{"background-color":"","background-image":"","background-repeat":"repeat","background-position":"center center","background-size":"auto","background-attachment":"scroll","background-type":"","background-media":"","overlay-type":"","overlay-color":"","overlay-opacity":"","overlay-gradient":""},"tablet":{"background-color":"","background-image":"","background-repeat":"repeat","background-position":"center center","background-size":"auto","background-attachment":"scroll","background-type":"","background-media":"","overlay-type":"","overlay-color":"","overlay-opacity":"","overlay-gradient":""},"mobile":{"background-color":"","background-image":"","background-repeat":"repeat","background-position":"center center","background-size":"auto","background-attachment":"scroll","background-type":"","background-media":"","overlay-type":"","overlay-color":"","overlay-opacity":"","overlay-gradient":""}},"ast-content-background-meta":{"desktop":{"background-color":"var(--ast-global-color-5)","background-image":"","background-repeat":"repeat","background-position":"center center","background-size":"auto","background-attachment":"scroll","background-type":"","background-media":"","overlay-type":"","overlay-color":"","overlay-opacity":"","overlay-gradient":""},"tablet":{"background-color":"var(--ast-global-color-5)","background-image":"","background-repeat":"repeat","background-position":"center center","background-size":"auto","background-attachment":"scroll","background-type":"","background-media":"","overlay-type":"","overlay-color":"","overlay-opacity":"","overlay-gradient":""},"mobile":{"background-color":"var(--ast-global-color-5)","background-image":"","background-repeat":"repeat","background-position":"center center","background-size":"auto","background-attachment":"scroll","background-type":"","background-media":"","overlay-type":"","overlay-color":"","overlay-opacity":"","overlay-gradient":""}}},"product_brand":[],"product_cat":[213],"product_tag":[],"class_list":{"0":"post-361","1":"product","2":"type-product","3":"status-publish","4":"has-post-thumbnail","6":"product_cat-hematologie","7":"desktop-align-left","8":"tablet-align-left","9":"mobile-align-left","11":"first","12":"instock","13":"taxable","14":"shipping-taxable","15":"product-type-simple"},"yoast_head":"<!-- This site is optimized with the Yoast SEO plugin v25.4 - https:\/\/yoast.com\/wordpress\/plugins\/seo\/ -->\n<title>BC 5380 -<\/title>\n<meta name=\"description\" content=\"Le BC-5380 : analyseur Mindray 5-DIFF performant, id\u00e9al pour une analyse h\u00e9matologique compl\u00e8te et pr\u00e9cise.\" \/>\n<meta name=\"robots\" content=\"index, follow, max-snippet:-1, max-image-preview:large, max-video-preview:-1\" \/>\n<link rel=\"canonical\" href=\"https:\/\/ascomedic.dz\/en\/product\/bc-5380\/\" \/>\n<meta property=\"og:locale\" content=\"en_GB\" \/>\n<meta property=\"og:type\" content=\"article\" \/>\n<meta property=\"og:title\" content=\"BC 5380 -\" \/>\n<meta property=\"og:description\" content=\"Le BC-5380 : analyseur Mindray 5-DIFF performant, id\u00e9al pour une analyse h\u00e9matologique compl\u00e8te et pr\u00e9cise.\" \/>\n<meta property=\"og:url\" content=\"https:\/\/ascomedic.dz\/en\/product\/bc-5380\/\" \/>\n<meta property=\"article:modified_time\" content=\"2026-01-27T18:29:35+00:00\" \/>\n<meta property=\"og:image\" content=\"https:\/\/ascomedic.dz\/wp-content\/uploads\/2025\/07\/Screenshot-2025-07-19-170751.png\" \/>\n\t<meta property=\"og:image:width\" content=\"783\" \/>\n\t<meta property=\"og:image:height\" content=\"562\" \/>\n\t<meta property=\"og:image:type\" content=\"image\/png\" \/>\n<meta name=\"twitter:card\" content=\"summary_large_image\" \/>\n<meta name=\"twitter:label1\" content=\"Estimated reading time\" \/>\n\t<meta name=\"twitter:data1\" content=\"1 minute\" \/>\n<script type=\"application\/ld+json\" class=\"yoast-schema-graph\">{\"@context\":\"https:\/\/schema.org\",\"@graph\":[{\"@type\":\"WebPage\",\"@id\":\"https:\/\/ascomedic.dz\/produit\/bc-5380\/\",\"url\":\"https:\/\/ascomedic.dz\/produit\/bc-5380\/\",\"name\":\"BC 5380 -\",\"isPartOf\":{\"@id\":\"https:\/\/ascomedic.dz\/#website\"},\"primaryImageOfPage\":{\"@id\":\"https:\/\/ascomedic.dz\/produit\/bc-5380\/#primaryimage\"},\"image\":{\"@id\":\"https:\/\/ascomedic.dz\/produit\/bc-5380\/#primaryimage\"},\"thumbnailUrl\":\"https:\/\/ascomedic.dz\/wp-content\/uploads\/2025\/07\/Screenshot-2025-07-19-170751.png\",\"datePublished\":\"2025-07-27T21:45:52+00:00\",\"dateModified\":\"2026-01-27T18:29:35+00:00\",\"description\":\"Le BC-5380 : analyseur Mindray 5-DIFF performant, id\u00e9al pour une analyse h\u00e9matologique compl\u00e8te et pr\u00e9cise.\",\"breadcrumb\":{\"@id\":\"https:\/\/ascomedic.dz\/produit\/bc-5380\/#breadcrumb\"},\"inLanguage\":\"en-GB\",\"potentialAction\":[{\"@type\":\"ReadAction\",\"target\":[\"https:\/\/ascomedic.dz\/produit\/bc-5380\/\"]}]},{\"@type\":\"ImageObject\",\"inLanguage\":\"en-GB\",\"@id\":\"https:\/\/ascomedic.dz\/produit\/bc-5380\/#primaryimage\",\"url\":\"https:\/\/ascomedic.dz\/wp-content\/uploads\/2025\/07\/Screenshot-2025-07-19-170751.png\",\"contentUrl\":\"https:\/\/ascomedic.dz\/wp-content\/uploads\/2025\/07\/Screenshot-2025-07-19-170751.png\",\"width\":783,\"height\":562},{\"@type\":\"BreadcrumbList\",\"@id\":\"https:\/\/ascomedic.dz\/produit\/bc-5380\/#breadcrumb\",\"itemListElement\":[{\"@type\":\"ListItem\",\"position\":1,\"name\":\"Accueil\",\"item\":\"https:\/\/ascomedic.dz\/\"},{\"@type\":\"ListItem\",\"position\":2,\"name\":\"Boutique\",\"item\":\"https:\/\/ascomedic.dz\/boutique\/\"},{\"@type\":\"ListItem\",\"position\":3,\"name\":\"BC 5380\"}]},{\"@type\":\"WebSite\",\"@id\":\"https:\/\/ascomedic.dz\/#website\",\"url\":\"https:\/\/ascomedic.dz\/\",\"name\":\"\",\"description\":\"\",\"potentialAction\":[{\"@type\":\"SearchAction\",\"target\":{\"@type\":\"EntryPoint\",\"urlTemplate\":\"https:\/\/ascomedic.dz\/?s={search_term_string}\"},\"query-input\":{\"@type\":\"PropertyValueSpecification\",\"valueRequired\":true,\"valueName\":\"search_term_string\"}}],\"inLanguage\":\"en-GB\"}]}<\/script>\n<!-- \/ Yoast SEO plugin. -->","yoast_head_json":{"title":"BC 5380 -","description":"Le BC-5380 : analyseur Mindray 5-DIFF performant, id\u00e9al pour une analyse h\u00e9matologique compl\u00e8te et pr\u00e9cise.","robots":{"index":"index","follow":"follow","max-snippet":"max-snippet:-1","max-image-preview":"max-image-preview:large","max-video-preview":"max-video-preview:-1"},"canonical":"https:\/\/ascomedic.dz\/en\/product\/bc-5380\/","og_locale":"en_GB","og_type":"article","og_title":"BC 5380 -","og_description":"Le BC-5380 : analyseur Mindray 5-DIFF performant, id\u00e9al pour une analyse h\u00e9matologique compl\u00e8te et pr\u00e9cise.","og_url":"https:\/\/ascomedic.dz\/en\/product\/bc-5380\/","article_modified_time":"2026-01-27T18:29:35+00:00","og_image":[{"width":783,"height":562,"url":"https:\/\/ascomedic.dz\/wp-content\/uploads\/2025\/07\/Screenshot-2025-07-19-170751.png","type":"image\/png"}],"twitter_card":"summary_large_image","twitter_misc":{"Estimated reading time":"1 minute"},"schema":{"@context":"https:\/\/schema.org","@graph":[{"@type":"WebPage","@id":"https:\/\/ascomedic.dz\/produit\/bc-5380\/","url":"https:\/\/ascomedic.dz\/produit\/bc-5380\/","name":"BC 5380 -","isPartOf":{"@id":"https:\/\/ascomedic.dz\/#website"},"primaryImageOfPage":{"@id":"https:\/\/ascomedic.dz\/produit\/bc-5380\/#primaryimage"},"image":{"@id":"https:\/\/ascomedic.dz\/produit\/bc-5380\/#primaryimage"},"thumbnailUrl":"https:\/\/ascomedic.dz\/wp-content\/uploads\/2025\/07\/Screenshot-2025-07-19-170751.png","datePublished":"2025-07-27T21:45:52+00:00","dateModified":"2026-01-27T18:29:35+00:00","description":"Le BC-5380 : analyseur Mindray 5-DIFF performant, id\u00e9al pour une analyse h\u00e9matologique compl\u00e8te et pr\u00e9cise.","breadcrumb":{"@id":"https:\/\/ascomedic.dz\/produit\/bc-5380\/#breadcrumb"},"inLanguage":"en-GB","potentialAction":[{"@type":"ReadAction","target":["https:\/\/ascomedic.dz\/produit\/bc-5380\/"]}]},{"@type":"ImageObject","inLanguage":"en-GB","@id":"https:\/\/ascomedic.dz\/produit\/bc-5380\/#primaryimage","url":"https:\/\/ascomedic.dz\/wp-content\/uploads\/2025\/07\/Screenshot-2025-07-19-170751.png","contentUrl":"https:\/\/ascomedic.dz\/wp-content\/uploads\/2025\/07\/Screenshot-2025-07-19-170751.png","width":783,"height":562},{"@type":"BreadcrumbList","@id":"https:\/\/ascomedic.dz\/produit\/bc-5380\/#breadcrumb","itemListElement":[{"@type":"ListItem","position":1,"name":"Accueil","item":"https:\/\/ascomedic.dz\/"},{"@type":"ListItem","position":2,"name":"Boutique","item":"https:\/\/ascomedic.dz\/boutique\/"},{"@type":"ListItem","position":3,"name":"BC 5380"}]},{"@type":"WebSite","@id":"https:\/\/ascomedic.dz\/#website","url":"https:\/\/ascomedic.dz\/","name":"","description":"","potentialAction":[{"@type":"SearchAction","target":{"@type":"EntryPoint","urlTemplate":"https:\/\/ascomedic.dz\/?s={search_term_string}"},"query-input":{"@type":"PropertyValueSpecification","valueRequired":true,"valueName":"search_term_string"}}],"inLanguage":"en-GB"}]}},"_links":{"self":[{"href":"https:\/\/ascomedic.dz\/en\/wp-json\/wp\/v2\/product\/361","targetHints":{"allow":["GET"]}}],"collection":[{"href":"https:\/\/ascomedic.dz\/en\/wp-json\/wp\/v2\/product"}],"about":[{"href":"https:\/\/ascomedic.dz\/en\/wp-json\/wp\/v2\/types\/product"}],"replies":[{"embeddable":true,"href":"https:\/\/ascomedic.dz\/en\/wp-json\/wp\/v2\/comments?post=361"}],"version-history":[{"count":9,"href":"https:\/\/ascomedic.dz\/en\/wp-json\/wp\/v2\/product\/361\/revisions"}],"predecessor-version":[{"id":5243,"href":"https:\/\/ascomedic.dz\/en\/wp-json\/wp\/v2\/product\/361\/revisions\/5243"}],"wp:featuredmedia":[{"embeddable":true,"href":"https:\/\/ascomedic.dz\/en\/wp-json\/wp\/v2\/media\/4728"}],"wp:attachment":[{"href":"https:\/\/ascomedic.dz\/en\/wp-json\/wp\/v2\/media?parent=361"}],"wp:term":[{"taxonomy":"product_brand","embeddable":true,"href":"https:\/\/ascomedic.dz\/en\/wp-json\/wp\/v2\/product_brand?post=361"},{"taxonomy":"product_cat","embeddable":true,"href":"https:\/\/ascomedic.dz\/en\/wp-json\/wp\/v2\/product_cat?post=361"},{"taxonomy":"product_tag","embeddable":true,"href":"https:\/\/ascomedic.dz\/en\/wp-json\/wp\/v2\/product_tag?post=361"}],"curies":[{"name":"wp","href":"https:\/\/api.w.org\/{rel}","templated":true}]}}