{"id":360,"date":"2025-07-27T23:45:52","date_gmt":"2025-07-27T21:45:52","guid":{"rendered":"https:\/\/ascomedic.dz\/produit\/dnk-blue-shoes\/"},"modified":"2026-01-27T19:30:22","modified_gmt":"2026-01-27T18:30:22","slug":"bc-5150","status":"publish","type":"product","link":"https:\/\/ascomedic.dz\/en\/product\/bc-5150\/","title":{"rendered":"BC 5150"},"content":{"rendered":"<div data-elementor-type=\"wp-post\" data-elementor-id=\"360\" class=\"elementor elementor-360\">\n\t\t\t\t\t\t<section class=\"elementor-section elementor-top-section elementor-element elementor-element-d0f7a27 elementor-section-stretched elementor-section-boxed elementor-section-height-default elementor-section-height-default\" data-id=\"d0f7a27\" data-element_type=\"section\" data-settings=\"{&quot;stretch_section&quot;:&quot;section-stretched&quot;}\">\n\t\t\t\t\t\t<div class=\"elementor-container elementor-column-gap-no\">\n\t\t\t\t\t<div class=\"elementor-column elementor-col-100 elementor-top-column elementor-element elementor-element-01cf0f7\" data-id=\"01cf0f7\" data-element_type=\"column\">\n\t\t\t<div class=\"elementor-widget-wrap elementor-element-populated\">\n\t\t\t\t\t\t<section class=\"elementor-section elementor-inner-section elementor-element elementor-element-9b41289 elementor-section-boxed elementor-section-height-default elementor-section-height-default\" data-id=\"9b41289\" data-element_type=\"section\">\n\t\t\t\t\t\t<div class=\"elementor-container elementor-column-gap-no\">\n\t\t\t\t\t<div class=\"elementor-column elementor-col-100 elementor-inner-column elementor-element elementor-element-de583a8\" data-id=\"de583a8\" data-element_type=\"column\">\n\t\t\t<div class=\"elementor-widget-wrap elementor-element-populated\">\n\t\t\t\t\t\t<div class=\"elementor-element elementor-element-f439e36 elementor-widget elementor-widget-heading\" data-id=\"f439e36\" data-element_type=\"widget\" data-widget_type=\"heading.default\">\n\t\t\t\t<div class=\"elementor-widget-container\">\n\t\t\t\t\t<h3 class=\"elementor-heading-title elementor-size-default\">Description du produit :<\/h3>\t\t\t\t<\/div>\n\t\t\t\t<\/div>\n\t\t\t\t<div class=\"elementor-element elementor-element-4e2c4ac elementor-widget elementor-widget-text-editor\" data-id=\"4e2c4ac\" data-element_type=\"widget\" data-widget_type=\"text-editor.default\">\n\t\t\t\t<div class=\"elementor-widget-container\">\n\t\t\t\t\t\t\t\t\t<p><b>D\u00e9bit :\u00a0<\/b>60 tests\/h<\/p><p><b>\u00c9chantillonnage :\u00a0<\/b>Flacon ouvert<\/p><p><b>Volume \u00e9chantillon :\u00a0<\/b>20 \u00b5L<\/p><p><b>Panel :\u00a0<\/b>Analytes disponibles<\/p><p><b>Fonction h\u00e9patique :\u00a0<\/b>ALT, AST, GGT, ALP, ALB, TP, PA, TBA, CHE, Bilirubine directe (DBI-D\/DBI-V), Bilirubine totale (TBI-D\/TBI-V),<\/p><p><b>Fonction r\u00e9nale :\u00a0<\/b>Cr\u00e9atinine (CREA-J, CREA-S), Ur\u00e9e, Acide urique (UA), Microalbumine (MALB), Cystatine C (Cys-C), \u03b22-Microglobuline (\u03b22-MG), Prot\u00e9ine de liaison au r\u00e9tinol (RBP), CO\u2082<\/p><p><b>Profil lipidique :\u00a0<\/b>Cholest\u00e9rol total (TC), HDL-C, LDL-C, Apolipoprot\u00e9ine A1 (Apo-A1), Apolipoprot\u00e9ine B (Apo-B), Triglyc\u00e9rides (TG), Lipoprot\u00e9ine (a) [Lp(a)]<\/p><p><b>Marqueurs cardiaques<\/b>\u00a0<b>:\u00a0<\/b>CK, CK-MB, \u03b1-HBDH, Homocyst\u00e9ine (HCY), Prot\u00e9ine C-r\u00e9active ultrasensible (HS-CRP), Myoglobine (MYO), D-Dim\u00e8res, LDH<\/p><p><b>Diab\u00e8te :\u00a0<\/b>HbA1c, Fructosamine (FUN), Glucose (m\u00e9thodes GOD-POD et HK), \u03b2-Hydroxybutyrate (\u03b2-HB)<\/p><p><b>An\u00e9mie :\u00a0<\/b>Transferrine (TRF), Ferritine (FER), Capacit\u00e9 de fixation du fer non satur\u00e9e (UIBC), Fer (Fe), G6PD<\/p><p><b>Pancr\u00e9as<\/b>\u00a0<b>\u03b1-Amylase (\u03b1-AMY), Lipase (LIP)<\/b><\/p><p><b>\u00c9lectrolytes :\u00a0<\/b>Na\u207a, K\u207a, Cl\u207b (via module ISE int\u00e9gr\u00e9)<\/p><p><b>Immunologie :\u00a0<\/b>Compl\u00e9ments C3, C4, IgA, IgG, IgM, IgE<\/p><p><b>Rhumatologie :\u00a0<\/b>Facteur rhumato\u00efde (RF), ASO, CRP<\/p><p><b>Pulmonaire :\u00a0<\/b>Ad\u00e9nosine d\u00e9saminase (ADA), Enzyme de conversion de l\u2019angiotensine (ACE)<\/p>\t\t\t\t\t\t\t\t<\/div>\n\t\t\t\t<\/div>\n\t\t\t\t\t<\/div>\n\t\t<\/div>\n\t\t\t\t\t<\/div>\n\t\t<\/section>\n\t\t\t\t<section class=\"elementor-section elementor-inner-section elementor-element elementor-element-76a8cfe elementor-section-boxed elementor-section-height-default elementor-section-height-default\" data-id=\"76a8cfe\" data-element_type=\"section\">\n\t\t\t\t\t\t<div class=\"elementor-container elementor-column-gap-no\">\n\t\t\t\t\t<div class=\"elementor-column elementor-col-100 elementor-inner-column elementor-element elementor-element-8db3826\" data-id=\"8db3826\" data-element_type=\"column\">\n\t\t\t<div class=\"elementor-widget-wrap elementor-element-populated\">\n\t\t\t\t\t\t<div class=\"elementor-element elementor-element-96215ed elementor-widget elementor-widget-image\" data-id=\"96215ed\" data-element_type=\"widget\" data-widget_type=\"image.default\">\n\t\t\t\t<div class=\"elementor-widget-container\">\n\t\t\t\t\t\t\t\t\t\t\t\t\t\t\t<img decoding=\"async\" src=\"https:\/\/ascomedic.dz\/wp-content\/uploads\/2025\/07\/product-about-01.jpg\" title=\"\" alt=\"\" loading=\"lazy\" \/>\t\t\t\t\t\t\t\t\t\t\t\t\t\t\t<\/div>\n\t\t\t\t<\/div>\n\t\t\t\t\t<\/div>\n\t\t<\/div>\n\t\t\t\t\t<\/div>\n\t\t<\/section>\n\t\t\t\t\t<\/div>\n\t\t<\/div>\n\t\t\t\t\t<\/div>\n\t\t<\/section>\n\t\t\t\t<\/div>","protected":false},"excerpt":{"rendered":"<p><strong>Marque :<\/strong> Mindray<\/p>\n<p><strong>Mod\u00e8le :<\/strong> BC-5150<\/p>\n<p><strong>Param\u00e8tres :<\/strong> CBC + 5-DIFF<\/p>\n<p><strong>Fiche technique :<\/strong> <a href=\"https:\/\/mega.nz\/file\/GgxzzKLb#UjhYepn-da3xa406QUo1KtbCFCK_OnhhCpaS0rBwPBU\">T\u00e9l\u00e9charger ici\u00a0<\/a><\/p>","protected":false},"featured_media":4730,"comment_status":"open","ping_status":"closed","template":"","meta":{"content-type":"","site-sidebar-layout":"default","site-content-layout":"default","ast-site-content-layout":"default","site-content-style":"default","site-sidebar-style":"default","ast-global-header-display":"","ast-banner-title-visibility":"","ast-main-header-display":"","ast-hfb-above-header-display":"","ast-hfb-below-header-display":"","ast-hfb-mobile-header-display":"","site-post-title":"","ast-breadcrumbs-content":"","ast-featured-img":"","footer-sml-layout":"","theme-transparent-header-meta":"default","adv-header-id-meta":"","stick-header-meta":"","header-above-stick-meta":"","header-main-stick-meta":"","header-below-stick-meta":"","astra-migrate-meta-layouts":"set","ast-page-background-enabled":"default","ast-page-background-meta":{"desktop":{"background-color":"","background-image":"","background-repeat":"repeat","background-position":"center center","background-size":"auto","background-attachment":"scroll","background-type":"","background-media":"","overlay-type":"","overlay-color":"","overlay-opacity":"","overlay-gradient":""},"tablet":{"background-color":"","background-image":"","background-repeat":"repeat","background-position":"center center","background-size":"auto","background-attachment":"scroll","background-type":"","background-media":"","overlay-type":"","overlay-color":"","overlay-opacity":"","overlay-gradient":""},"mobile":{"background-color":"","background-image":"","background-repeat":"repeat","background-position":"center center","background-size":"auto","background-attachment":"scroll","background-type":"","background-media":"","overlay-type":"","overlay-color":"","overlay-opacity":"","overlay-gradient":""}},"ast-content-background-meta":{"desktop":{"background-color":"var(--ast-global-color-5)","background-image":"","background-repeat":"repeat","background-position":"center center","background-size":"auto","background-attachment":"scroll","background-type":"","background-media":"","overlay-type":"","overlay-color":"","overlay-opacity":"","overlay-gradient":""},"tablet":{"background-color":"var(--ast-global-color-5)","background-image":"","background-repeat":"repeat","background-position":"center center","background-size":"auto","background-attachment":"scroll","background-type":"","background-media":"","overlay-type":"","overlay-color":"","overlay-opacity":"","overlay-gradient":""},"mobile":{"background-color":"var(--ast-global-color-5)","background-image":"","background-repeat":"repeat","background-position":"center center","background-size":"auto","background-attachment":"scroll","background-type":"","background-media":"","overlay-type":"","overlay-color":"","overlay-opacity":"","overlay-gradient":""}}},"product_brand":[],"product_cat":[213],"product_tag":[],"class_list":{"0":"post-360","1":"product","2":"type-product","3":"status-publish","4":"has-post-thumbnail","6":"product_cat-hematologie","7":"desktop-align-left","8":"tablet-align-left","9":"mobile-align-left","11":"first","12":"instock","13":"product-type-simple"},"yoast_head":"<!-- This site is optimized with the Yoast SEO plugin v25.4 - https:\/\/yoast.com\/wordpress\/plugins\/seo\/ -->\n<title>BC 5150 -<\/title>\n<meta name=\"description\" content=\"Le BC-5150 : analyseur Mindray CBC + 5-DIFF compact et pr\u00e9cis, id\u00e9al pour laboratoires modernes.\" \/>\n<meta name=\"robots\" content=\"index, follow, max-snippet:-1, max-image-preview:large, max-video-preview:-1\" \/>\n<link rel=\"canonical\" href=\"https:\/\/ascomedic.dz\/en\/product\/bc-5150\/\" \/>\n<meta property=\"og:locale\" content=\"en_GB\" \/>\n<meta property=\"og:type\" content=\"article\" \/>\n<meta property=\"og:title\" content=\"BC 5150 -\" \/>\n<meta property=\"og:description\" content=\"Le BC-5150 : analyseur Mindray CBC + 5-DIFF compact et pr\u00e9cis, id\u00e9al pour laboratoires modernes.\" \/>\n<meta property=\"og:url\" content=\"https:\/\/ascomedic.dz\/en\/product\/bc-5150\/\" \/>\n<meta property=\"article:modified_time\" content=\"2026-01-27T18:30:22+00:00\" \/>\n<meta property=\"og:image\" content=\"https:\/\/ascomedic.dz\/wp-content\/uploads\/2025\/07\/glp13_img1.jpg\" \/>\n\t<meta property=\"og:image:width\" content=\"894\" \/>\n\t<meta property=\"og:image:height\" content=\"671\" \/>\n\t<meta property=\"og:image:type\" content=\"image\/jpeg\" \/>\n<meta name=\"twitter:card\" content=\"summary_large_image\" \/>\n<meta name=\"twitter:label1\" content=\"Estimated reading time\" \/>\n\t<meta name=\"twitter:data1\" content=\"1 minute\" \/>\n<script type=\"application\/ld+json\" class=\"yoast-schema-graph\">{\"@context\":\"https:\/\/schema.org\",\"@graph\":[{\"@type\":\"WebPage\",\"@id\":\"https:\/\/ascomedic.dz\/produit\/bc-5150\/\",\"url\":\"https:\/\/ascomedic.dz\/produit\/bc-5150\/\",\"name\":\"BC 5150 -\",\"isPartOf\":{\"@id\":\"https:\/\/ascomedic.dz\/#website\"},\"primaryImageOfPage\":{\"@id\":\"https:\/\/ascomedic.dz\/produit\/bc-5150\/#primaryimage\"},\"image\":{\"@id\":\"https:\/\/ascomedic.dz\/produit\/bc-5150\/#primaryimage\"},\"thumbnailUrl\":\"https:\/\/ascomedic.dz\/wp-content\/uploads\/2025\/07\/glp13_img1.jpg\",\"datePublished\":\"2025-07-27T21:45:52+00:00\",\"dateModified\":\"2026-01-27T18:30:22+00:00\",\"description\":\"Le BC-5150 : analyseur Mindray CBC + 5-DIFF compact et pr\u00e9cis, id\u00e9al pour laboratoires modernes.\",\"breadcrumb\":{\"@id\":\"https:\/\/ascomedic.dz\/produit\/bc-5150\/#breadcrumb\"},\"inLanguage\":\"en-GB\",\"potentialAction\":[{\"@type\":\"ReadAction\",\"target\":[\"https:\/\/ascomedic.dz\/produit\/bc-5150\/\"]}]},{\"@type\":\"ImageObject\",\"inLanguage\":\"en-GB\",\"@id\":\"https:\/\/ascomedic.dz\/produit\/bc-5150\/#primaryimage\",\"url\":\"https:\/\/ascomedic.dz\/wp-content\/uploads\/2025\/07\/glp13_img1.jpg\",\"contentUrl\":\"https:\/\/ascomedic.dz\/wp-content\/uploads\/2025\/07\/glp13_img1.jpg\",\"width\":894,\"height\":671},{\"@type\":\"BreadcrumbList\",\"@id\":\"https:\/\/ascomedic.dz\/produit\/bc-5150\/#breadcrumb\",\"itemListElement\":[{\"@type\":\"ListItem\",\"position\":1,\"name\":\"Accueil\",\"item\":\"https:\/\/ascomedic.dz\/\"},{\"@type\":\"ListItem\",\"position\":2,\"name\":\"Boutique\",\"item\":\"https:\/\/ascomedic.dz\/boutique\/\"},{\"@type\":\"ListItem\",\"position\":3,\"name\":\"BC 5150\"}]},{\"@type\":\"WebSite\",\"@id\":\"https:\/\/ascomedic.dz\/#website\",\"url\":\"https:\/\/ascomedic.dz\/\",\"name\":\"\",\"description\":\"\",\"potentialAction\":[{\"@type\":\"SearchAction\",\"target\":{\"@type\":\"EntryPoint\",\"urlTemplate\":\"https:\/\/ascomedic.dz\/?s={search_term_string}\"},\"query-input\":{\"@type\":\"PropertyValueSpecification\",\"valueRequired\":true,\"valueName\":\"search_term_string\"}}],\"inLanguage\":\"en-GB\"}]}<\/script>\n<!-- \/ Yoast SEO plugin. -->","yoast_head_json":{"title":"BC 5150 -","description":"Le BC-5150 : analyseur Mindray CBC + 5-DIFF compact et pr\u00e9cis, id\u00e9al pour laboratoires modernes.","robots":{"index":"index","follow":"follow","max-snippet":"max-snippet:-1","max-image-preview":"max-image-preview:large","max-video-preview":"max-video-preview:-1"},"canonical":"https:\/\/ascomedic.dz\/en\/product\/bc-5150\/","og_locale":"en_GB","og_type":"article","og_title":"BC 5150 -","og_description":"Le BC-5150 : analyseur Mindray CBC + 5-DIFF compact et pr\u00e9cis, id\u00e9al pour laboratoires modernes.","og_url":"https:\/\/ascomedic.dz\/en\/product\/bc-5150\/","article_modified_time":"2026-01-27T18:30:22+00:00","og_image":[{"width":894,"height":671,"url":"https:\/\/ascomedic.dz\/wp-content\/uploads\/2025\/07\/glp13_img1.jpg","type":"image\/jpeg"}],"twitter_card":"summary_large_image","twitter_misc":{"Estimated reading time":"1 minute"},"schema":{"@context":"https:\/\/schema.org","@graph":[{"@type":"WebPage","@id":"https:\/\/ascomedic.dz\/produit\/bc-5150\/","url":"https:\/\/ascomedic.dz\/produit\/bc-5150\/","name":"BC 5150 -","isPartOf":{"@id":"https:\/\/ascomedic.dz\/#website"},"primaryImageOfPage":{"@id":"https:\/\/ascomedic.dz\/produit\/bc-5150\/#primaryimage"},"image":{"@id":"https:\/\/ascomedic.dz\/produit\/bc-5150\/#primaryimage"},"thumbnailUrl":"https:\/\/ascomedic.dz\/wp-content\/uploads\/2025\/07\/glp13_img1.jpg","datePublished":"2025-07-27T21:45:52+00:00","dateModified":"2026-01-27T18:30:22+00:00","description":"Le BC-5150 : analyseur Mindray CBC + 5-DIFF compact et pr\u00e9cis, id\u00e9al pour laboratoires modernes.","breadcrumb":{"@id":"https:\/\/ascomedic.dz\/produit\/bc-5150\/#breadcrumb"},"inLanguage":"en-GB","potentialAction":[{"@type":"ReadAction","target":["https:\/\/ascomedic.dz\/produit\/bc-5150\/"]}]},{"@type":"ImageObject","inLanguage":"en-GB","@id":"https:\/\/ascomedic.dz\/produit\/bc-5150\/#primaryimage","url":"https:\/\/ascomedic.dz\/wp-content\/uploads\/2025\/07\/glp13_img1.jpg","contentUrl":"https:\/\/ascomedic.dz\/wp-content\/uploads\/2025\/07\/glp13_img1.jpg","width":894,"height":671},{"@type":"BreadcrumbList","@id":"https:\/\/ascomedic.dz\/produit\/bc-5150\/#breadcrumb","itemListElement":[{"@type":"ListItem","position":1,"name":"Accueil","item":"https:\/\/ascomedic.dz\/"},{"@type":"ListItem","position":2,"name":"Boutique","item":"https:\/\/ascomedic.dz\/boutique\/"},{"@type":"ListItem","position":3,"name":"BC 5150"}]},{"@type":"WebSite","@id":"https:\/\/ascomedic.dz\/#website","url":"https:\/\/ascomedic.dz\/","name":"","description":"","potentialAction":[{"@type":"SearchAction","target":{"@type":"EntryPoint","urlTemplate":"https:\/\/ascomedic.dz\/?s={search_term_string}"},"query-input":{"@type":"PropertyValueSpecification","valueRequired":true,"valueName":"search_term_string"}}],"inLanguage":"en-GB"}]}},"_links":{"self":[{"href":"https:\/\/ascomedic.dz\/en\/wp-json\/wp\/v2\/product\/360","targetHints":{"allow":["GET"]}}],"collection":[{"href":"https:\/\/ascomedic.dz\/en\/wp-json\/wp\/v2\/product"}],"about":[{"href":"https:\/\/ascomedic.dz\/en\/wp-json\/wp\/v2\/types\/product"}],"replies":[{"embeddable":true,"href":"https:\/\/ascomedic.dz\/en\/wp-json\/wp\/v2\/comments?post=360"}],"version-history":[{"count":12,"href":"https:\/\/ascomedic.dz\/en\/wp-json\/wp\/v2\/product\/360\/revisions"}],"predecessor-version":[{"id":5241,"href":"https:\/\/ascomedic.dz\/en\/wp-json\/wp\/v2\/product\/360\/revisions\/5241"}],"wp:featuredmedia":[{"embeddable":true,"href":"https:\/\/ascomedic.dz\/en\/wp-json\/wp\/v2\/media\/4730"}],"wp:attachment":[{"href":"https:\/\/ascomedic.dz\/en\/wp-json\/wp\/v2\/media?parent=360"}],"wp:term":[{"taxonomy":"product_brand","embeddable":true,"href":"https:\/\/ascomedic.dz\/en\/wp-json\/wp\/v2\/product_brand?post=360"},{"taxonomy":"product_cat","embeddable":true,"href":"https:\/\/ascomedic.dz\/en\/wp-json\/wp\/v2\/product_cat?post=360"},{"taxonomy":"product_tag","embeddable":true,"href":"https:\/\/ascomedic.dz\/en\/wp-json\/wp\/v2\/product_tag?post=360"}],"curies":[{"name":"wp","href":"https:\/\/api.w.org\/{rel}","templated":true}]}}