{"id":324,"date":"2025-07-27T23:45:51","date_gmt":"2025-07-27T21:45:51","guid":{"rendered":"https:\/\/ascomedic.dz\/produit\/dark-gray-jeans\/"},"modified":"2026-01-20T22:56:40","modified_gmt":"2026-01-20T21:56:40","slug":"bc-20","status":"publish","type":"product","link":"https:\/\/ascomedic.dz\/en\/product\/bc-20\/","title":{"rendered":"BC-20"},"content":{"rendered":"<div data-elementor-type=\"wp-post\" data-elementor-id=\"324\" class=\"elementor elementor-324\">\n\t\t\t\t\t\t<section class=\"elementor-section elementor-top-section elementor-element elementor-element-3461e48 elementor-section-stretched elementor-section-boxed elementor-section-height-default elementor-section-height-default\" data-id=\"3461e48\" data-element_type=\"section\" data-settings=\"{&quot;stretch_section&quot;:&quot;section-stretched&quot;}\">\n\t\t\t\t\t\t<div class=\"elementor-container elementor-column-gap-no\">\n\t\t\t\t\t<div class=\"elementor-column elementor-col-100 elementor-top-column elementor-element elementor-element-1646e07\" data-id=\"1646e07\" data-element_type=\"column\">\n\t\t\t<div class=\"elementor-widget-wrap elementor-element-populated\">\n\t\t\t\t\t\t<section class=\"elementor-section elementor-inner-section elementor-element elementor-element-3e7fe83 elementor-section-boxed elementor-section-height-default elementor-section-height-default\" data-id=\"3e7fe83\" data-element_type=\"section\">\n\t\t\t\t\t\t<div class=\"elementor-container elementor-column-gap-no\">\n\t\t\t\t\t<div class=\"elementor-column elementor-col-100 elementor-inner-column elementor-element elementor-element-ff4053a\" data-id=\"ff4053a\" data-element_type=\"column\">\n\t\t\t<div class=\"elementor-widget-wrap elementor-element-populated\">\n\t\t\t\t\t\t<div class=\"elementor-element elementor-element-b85c6ef elementor-widget elementor-widget-heading\" data-id=\"b85c6ef\" data-element_type=\"widget\" data-widget_type=\"heading.default\">\n\t\t\t\t<div class=\"elementor-widget-container\">\n\t\t\t\t\t<h3 class=\"elementor-heading-title elementor-size-default\">Description du produit<\/h3>\t\t\t\t<\/div>\n\t\t\t\t<\/div>\n\t\t\t\t<div class=\"elementor-element elementor-element-4eff561 elementor-widget elementor-widget-text-editor\" data-id=\"4eff561\" data-element_type=\"widget\" data-widget_type=\"text-editor.default\">\n\t\t\t\t<div class=\"elementor-widget-container\">\n\t\t\t\t\t\t\t\t\t<p><strong>D\u00e9bit :<\/strong>\u00a040 tests\/h<\/p><p><strong>\u00c9chantillonnage :<\/strong>\u00a0Flacon ouvert<\/p><p><strong>Volume \u00e9chantillon :<\/strong>\u00a020 \u00b5L<\/p><p><b>R\u00e9actifs pour les automates 3-part (diff\u00e9renciation en 3 parties)<\/b><\/p><p><b>Adapt\u00e9s aux mod\u00e8les tels que BC-20, BC-20s, BC-30s, ..<\/b><\/p><p><b>Diluant M-30D :\u00a0<\/b>Fournit un environnement stable pour le comptage et l\u2019\u00e9valuation de la taille des cellules sanguines.<\/p><p><b>Lyse M-30CFL :\u00a0<\/b>Formul\u00e9e pour lyser les globules rouges et transformer l\u2019h\u00e9moglobine lib\u00e9r\u00e9e, utilis\u00e9e pour le comptage des globules blancs et la d\u00e9termination de l\u2019h\u00e9moglobine.<\/p><p><b>Rin\u00e7age :<\/b>\u00a0Utilis\u00e9 pour nettoyer les circuits fluidiques de l\u2019analyseur.<\/p><p><b>Nettoyant pour sonde :\u00a0<\/b>Assure le nettoyage des sondes d\u2019aspiration pour \u00e9viter les obstructions.<\/p><p><b>R\u00e9actifs pour les automates 5-part (diff\u00e9renciation en 5 parties)<\/b><\/p><p><b>Adapt\u00e9s aux mod\u00e8les tels que BC-5150, BC-5380<\/b><\/p><p><b>Diluant :\u00a0<\/b>Fournit un environnement stable pour le comptage et l\u2019\u00e9valuation de la taille des cellules sanguines.<\/p><p><b>Lyse EO-I et EO-II :\u00a0<\/b>Utilis\u00e9es conjointement pour d\u00e9composer les globules rouges et diff\u00e9rencier les globules blancs en 5 parties.<\/p><p><b>Lyse LH :\u00a0<\/b>Sp\u00e9cifique pour certaines analyses, notamment la d\u00e9termination de l\u2019h\u00e9moglobine.<\/p><p><b>Nettoyant pour sonde :\u00a0<\/b>Assure le nettoyage des sondes d\u2019aspiration pour maintenir la pr\u00e9cision des analyses.<\/p>\t\t\t\t\t\t\t\t<\/div>\n\t\t\t\t<\/div>\n\t\t\t\t\t<\/div>\n\t\t<\/div>\n\t\t\t\t\t<\/div>\n\t\t<\/section>\n\t\t\t\t\t<\/div>\n\t\t<\/div>\n\t\t\t\t\t<\/div>\n\t\t<\/section>\n\t\t\t\t<\/div>","protected":false},"excerpt":{"rendered":"<p><strong>Marque :<\/strong> Mindray<\/p>\n<p><strong>Mod\u00e8le :<\/strong> BC-20<\/p>\n<p><strong>Param\u00e8tres :<\/strong> 20 3-DIFF<\/p>\n<p><strong>Fiche technique :<\/strong> <a href=\"https:\/\/mega.nz\/file\/DsJiSKBK#-vejmhSIiEs9CS9MWo5vIKRU_jid-4w2LqxCkRILMno\">T\u00e9l\u00e9charger ici\u00a0<\/a><\/p>","protected":false},"featured_media":4741,"comment_status":"open","ping_status":"closed","template":"","meta":{"content-type":"","site-sidebar-layout":"default","site-content-layout":"default","ast-site-content-layout":"default","site-content-style":"default","site-sidebar-style":"default","ast-global-header-display":"","ast-banner-title-visibility":"","ast-main-header-display":"","ast-hfb-above-header-display":"","ast-hfb-below-header-display":"","ast-hfb-mobile-header-display":"","site-post-title":"","ast-breadcrumbs-content":"","ast-featured-img":"","footer-sml-layout":"","theme-transparent-header-meta":"default","adv-header-id-meta":"","stick-header-meta":"","header-above-stick-meta":"","header-main-stick-meta":"","header-below-stick-meta":"","astra-migrate-meta-layouts":"set","ast-page-background-enabled":"default","ast-page-background-meta":{"desktop":{"background-color":"","background-image":"","background-repeat":"repeat","background-position":"center center","background-size":"auto","background-attachment":"scroll","background-type":"","background-media":"","overlay-type":"","overlay-color":"","overlay-opacity":"","overlay-gradient":""},"tablet":{"background-color":"","background-image":"","background-repeat":"repeat","background-position":"center center","background-size":"auto","background-attachment":"scroll","background-type":"","background-media":"","overlay-type":"","overlay-color":"","overlay-opacity":"","overlay-gradient":""},"mobile":{"background-color":"","background-image":"","background-repeat":"repeat","background-position":"center center","background-size":"auto","background-attachment":"scroll","background-type":"","background-media":"","overlay-type":"","overlay-color":"","overlay-opacity":"","overlay-gradient":""}},"ast-content-background-meta":{"desktop":{"background-color":"var(--ast-global-color-5)","background-image":"","background-repeat":"repeat","background-position":"center center","background-size":"auto","background-attachment":"scroll","background-type":"","background-media":"","overlay-type":"","overlay-color":"","overlay-opacity":"","overlay-gradient":""},"tablet":{"background-color":"var(--ast-global-color-5)","background-image":"","background-repeat":"repeat","background-position":"center center","background-size":"auto","background-attachment":"scroll","background-type":"","background-media":"","overlay-type":"","overlay-color":"","overlay-opacity":"","overlay-gradient":""},"mobile":{"background-color":"var(--ast-global-color-5)","background-image":"","background-repeat":"repeat","background-position":"center center","background-size":"auto","background-attachment":"scroll","background-type":"","background-media":"","overlay-type":"","overlay-color":"","overlay-opacity":"","overlay-gradient":""}}},"product_brand":[],"product_cat":[213],"product_tag":[],"class_list":{"0":"post-324","1":"product","2":"type-product","3":"status-publish","4":"has-post-thumbnail","6":"product_cat-hematologie","7":"desktop-align-left","8":"tablet-align-left","9":"mobile-align-left","11":"first","12":"instock","13":"taxable","14":"shipping-taxable","15":"product-type-simple"},"yoast_head":"<!-- This site is optimized with the Yoast SEO plugin v25.4 - https:\/\/yoast.com\/wordpress\/plugins\/seo\/ -->\n<title>BC-20 -<\/title>\n<meta name=\"description\" content=\"Mindray BC-20 \u2013 Analyseur d\u2019h\u00e9matologie 3-DIFF compact, 40 tests\/h, fiable et facile \u00e0 utiliser. Livraison gratuite.\" \/>\n<meta name=\"robots\" content=\"index, follow, max-snippet:-1, max-image-preview:large, max-video-preview:-1\" \/>\n<link rel=\"canonical\" href=\"https:\/\/ascomedic.dz\/en\/product\/bc-20\/\" \/>\n<meta property=\"og:locale\" content=\"en_GB\" \/>\n<meta property=\"og:type\" content=\"article\" \/>\n<meta property=\"og:title\" content=\"BC-20 -\" \/>\n<meta property=\"og:description\" content=\"Mindray BC-20 \u2013 Analyseur d\u2019h\u00e9matologie 3-DIFF compact, 40 tests\/h, fiable et facile \u00e0 utiliser. Livraison gratuite.\" \/>\n<meta property=\"og:url\" content=\"https:\/\/ascomedic.dz\/en\/product\/bc-20\/\" \/>\n<meta property=\"article:modified_time\" content=\"2026-01-20T21:56:40+00:00\" \/>\n<meta property=\"og:image\" content=\"https:\/\/ascomedic.dz\/wp-content\/uploads\/2025\/07\/Screenshot-2025-07-18-235006.png\" \/>\n\t<meta property=\"og:image:width\" content=\"655\" \/>\n\t<meta property=\"og:image:height\" content=\"556\" \/>\n\t<meta property=\"og:image:type\" content=\"image\/png\" \/>\n<meta name=\"twitter:card\" content=\"summary_large_image\" \/>\n<meta name=\"twitter:label1\" content=\"Estimated reading time\" \/>\n\t<meta name=\"twitter:data1\" content=\"2 minutes\" \/>\n<script type=\"application\/ld+json\" class=\"yoast-schema-graph\">{\"@context\":\"https:\/\/schema.org\",\"@graph\":[{\"@type\":\"WebPage\",\"@id\":\"https:\/\/ascomedic.dz\/produit\/bc-20\/\",\"url\":\"https:\/\/ascomedic.dz\/produit\/bc-20\/\",\"name\":\"BC-20 -\",\"isPartOf\":{\"@id\":\"https:\/\/ascomedic.dz\/#website\"},\"primaryImageOfPage\":{\"@id\":\"https:\/\/ascomedic.dz\/produit\/bc-20\/#primaryimage\"},\"image\":{\"@id\":\"https:\/\/ascomedic.dz\/produit\/bc-20\/#primaryimage\"},\"thumbnailUrl\":\"https:\/\/ascomedic.dz\/wp-content\/uploads\/2025\/07\/Screenshot-2025-07-18-235006.png\",\"datePublished\":\"2025-07-27T21:45:51+00:00\",\"dateModified\":\"2026-01-20T21:56:40+00:00\",\"description\":\"Mindray BC-20 \u2013 Analyseur d\u2019h\u00e9matologie 3-DIFF compact, 40 tests\/h, fiable et facile \u00e0 utiliser. Livraison gratuite.\",\"breadcrumb\":{\"@id\":\"https:\/\/ascomedic.dz\/produit\/bc-20\/#breadcrumb\"},\"inLanguage\":\"en-GB\",\"potentialAction\":[{\"@type\":\"ReadAction\",\"target\":[\"https:\/\/ascomedic.dz\/produit\/bc-20\/\"]}]},{\"@type\":\"ImageObject\",\"inLanguage\":\"en-GB\",\"@id\":\"https:\/\/ascomedic.dz\/produit\/bc-20\/#primaryimage\",\"url\":\"https:\/\/ascomedic.dz\/wp-content\/uploads\/2025\/07\/Screenshot-2025-07-18-235006.png\",\"contentUrl\":\"https:\/\/ascomedic.dz\/wp-content\/uploads\/2025\/07\/Screenshot-2025-07-18-235006.png\",\"width\":655,\"height\":556},{\"@type\":\"BreadcrumbList\",\"@id\":\"https:\/\/ascomedic.dz\/produit\/bc-20\/#breadcrumb\",\"itemListElement\":[{\"@type\":\"ListItem\",\"position\":1,\"name\":\"Accueil\",\"item\":\"https:\/\/ascomedic.dz\/\"},{\"@type\":\"ListItem\",\"position\":2,\"name\":\"Boutique\",\"item\":\"https:\/\/ascomedic.dz\/boutique\/\"},{\"@type\":\"ListItem\",\"position\":3,\"name\":\"BC-20\"}]},{\"@type\":\"WebSite\",\"@id\":\"https:\/\/ascomedic.dz\/#website\",\"url\":\"https:\/\/ascomedic.dz\/\",\"name\":\"\",\"description\":\"\",\"potentialAction\":[{\"@type\":\"SearchAction\",\"target\":{\"@type\":\"EntryPoint\",\"urlTemplate\":\"https:\/\/ascomedic.dz\/?s={search_term_string}\"},\"query-input\":{\"@type\":\"PropertyValueSpecification\",\"valueRequired\":true,\"valueName\":\"search_term_string\"}}],\"inLanguage\":\"en-GB\"}]}<\/script>\n<!-- \/ Yoast SEO plugin. -->","yoast_head_json":{"title":"BC-20 -","description":"Mindray BC-20 \u2013 Analyseur d\u2019h\u00e9matologie 3-DIFF compact, 40 tests\/h, fiable et facile \u00e0 utiliser. Livraison gratuite.","robots":{"index":"index","follow":"follow","max-snippet":"max-snippet:-1","max-image-preview":"max-image-preview:large","max-video-preview":"max-video-preview:-1"},"canonical":"https:\/\/ascomedic.dz\/en\/product\/bc-20\/","og_locale":"en_GB","og_type":"article","og_title":"BC-20 -","og_description":"Mindray BC-20 \u2013 Analyseur d\u2019h\u00e9matologie 3-DIFF compact, 40 tests\/h, fiable et facile \u00e0 utiliser. Livraison gratuite.","og_url":"https:\/\/ascomedic.dz\/en\/product\/bc-20\/","article_modified_time":"2026-01-20T21:56:40+00:00","og_image":[{"width":655,"height":556,"url":"https:\/\/ascomedic.dz\/wp-content\/uploads\/2025\/07\/Screenshot-2025-07-18-235006.png","type":"image\/png"}],"twitter_card":"summary_large_image","twitter_misc":{"Estimated reading time":"2 minutes"},"schema":{"@context":"https:\/\/schema.org","@graph":[{"@type":"WebPage","@id":"https:\/\/ascomedic.dz\/produit\/bc-20\/","url":"https:\/\/ascomedic.dz\/produit\/bc-20\/","name":"BC-20 -","isPartOf":{"@id":"https:\/\/ascomedic.dz\/#website"},"primaryImageOfPage":{"@id":"https:\/\/ascomedic.dz\/produit\/bc-20\/#primaryimage"},"image":{"@id":"https:\/\/ascomedic.dz\/produit\/bc-20\/#primaryimage"},"thumbnailUrl":"https:\/\/ascomedic.dz\/wp-content\/uploads\/2025\/07\/Screenshot-2025-07-18-235006.png","datePublished":"2025-07-27T21:45:51+00:00","dateModified":"2026-01-20T21:56:40+00:00","description":"Mindray BC-20 \u2013 Analyseur d\u2019h\u00e9matologie 3-DIFF compact, 40 tests\/h, fiable et facile \u00e0 utiliser. Livraison gratuite.","breadcrumb":{"@id":"https:\/\/ascomedic.dz\/produit\/bc-20\/#breadcrumb"},"inLanguage":"en-GB","potentialAction":[{"@type":"ReadAction","target":["https:\/\/ascomedic.dz\/produit\/bc-20\/"]}]},{"@type":"ImageObject","inLanguage":"en-GB","@id":"https:\/\/ascomedic.dz\/produit\/bc-20\/#primaryimage","url":"https:\/\/ascomedic.dz\/wp-content\/uploads\/2025\/07\/Screenshot-2025-07-18-235006.png","contentUrl":"https:\/\/ascomedic.dz\/wp-content\/uploads\/2025\/07\/Screenshot-2025-07-18-235006.png","width":655,"height":556},{"@type":"BreadcrumbList","@id":"https:\/\/ascomedic.dz\/produit\/bc-20\/#breadcrumb","itemListElement":[{"@type":"ListItem","position":1,"name":"Accueil","item":"https:\/\/ascomedic.dz\/"},{"@type":"ListItem","position":2,"name":"Boutique","item":"https:\/\/ascomedic.dz\/boutique\/"},{"@type":"ListItem","position":3,"name":"BC-20"}]},{"@type":"WebSite","@id":"https:\/\/ascomedic.dz\/#website","url":"https:\/\/ascomedic.dz\/","name":"","description":"","potentialAction":[{"@type":"SearchAction","target":{"@type":"EntryPoint","urlTemplate":"https:\/\/ascomedic.dz\/?s={search_term_string}"},"query-input":{"@type":"PropertyValueSpecification","valueRequired":true,"valueName":"search_term_string"}}],"inLanguage":"en-GB"}]}},"_links":{"self":[{"href":"https:\/\/ascomedic.dz\/en\/wp-json\/wp\/v2\/product\/324","targetHints":{"allow":["GET"]}}],"collection":[{"href":"https:\/\/ascomedic.dz\/en\/wp-json\/wp\/v2\/product"}],"about":[{"href":"https:\/\/ascomedic.dz\/en\/wp-json\/wp\/v2\/types\/product"}],"replies":[{"embeddable":true,"href":"https:\/\/ascomedic.dz\/en\/wp-json\/wp\/v2\/comments?post=324"}],"version-history":[{"count":11,"href":"https:\/\/ascomedic.dz\/en\/wp-json\/wp\/v2\/product\/324\/revisions"}],"predecessor-version":[{"id":5819,"href":"https:\/\/ascomedic.dz\/en\/wp-json\/wp\/v2\/product\/324\/revisions\/5819"}],"wp:featuredmedia":[{"embeddable":true,"href":"https:\/\/ascomedic.dz\/en\/wp-json\/wp\/v2\/media\/4741"}],"wp:attachment":[{"href":"https:\/\/ascomedic.dz\/en\/wp-json\/wp\/v2\/media?parent=324"}],"wp:term":[{"taxonomy":"product_brand","embeddable":true,"href":"https:\/\/ascomedic.dz\/en\/wp-json\/wp\/v2\/product_brand?post=324"},{"taxonomy":"product_cat","embeddable":true,"href":"https:\/\/ascomedic.dz\/en\/wp-json\/wp\/v2\/product_cat?post=324"},{"taxonomy":"product_tag","embeddable":true,"href":"https:\/\/ascomedic.dz\/en\/wp-json\/wp\/v2\/product_tag?post=324"}],"curies":[{"name":"wp","href":"https:\/\/api.w.org\/{rel}","templated":true}]}}