{"id":229,"date":"2025-07-27T23:45:50","date_gmt":"2025-07-27T21:45:50","guid":{"rendered":"https:\/\/ascomedic.dz\/produit\/blue-denim-shorts\/"},"modified":"2026-01-27T19:32:06","modified_gmt":"2026-01-27T18:32:06","slug":"bs-480","status":"publish","type":"product","link":"https:\/\/ascomedic.dz\/en\/product\/bs-480\/","title":{"rendered":"BS-480"},"content":{"rendered":"<div data-elementor-type=\"wp-post\" data-elementor-id=\"229\" class=\"elementor elementor-229\">\n\t\t\t\t\t\t<section class=\"elementor-section elementor-top-section elementor-element elementor-element-a6caa66 elementor-section-stretched elementor-section-boxed elementor-section-height-default elementor-section-height-default\" data-id=\"a6caa66\" data-element_type=\"section\" data-settings=\"{&quot;stretch_section&quot;:&quot;section-stretched&quot;}\">\n\t\t\t\t\t\t<div class=\"elementor-container elementor-column-gap-no\">\n\t\t\t\t\t<div class=\"elementor-column elementor-col-100 elementor-top-column elementor-element elementor-element-5ba7e32\" data-id=\"5ba7e32\" data-element_type=\"column\">\n\t\t\t<div class=\"elementor-widget-wrap elementor-element-populated\">\n\t\t\t\t\t\t<section class=\"elementor-section elementor-inner-section elementor-element elementor-element-ca42a86 elementor-section-boxed elementor-section-height-default elementor-section-height-default\" data-id=\"ca42a86\" data-element_type=\"section\">\n\t\t\t\t\t\t<div class=\"elementor-container elementor-column-gap-no\">\n\t\t\t\t\t<div class=\"elementor-column elementor-col-100 elementor-inner-column elementor-element elementor-element-99d8f41\" data-id=\"99d8f41\" data-element_type=\"column\">\n\t\t\t<div class=\"elementor-widget-wrap elementor-element-populated\">\n\t\t\t\t\t\t<div class=\"elementor-element elementor-element-7a046a5 elementor-widget elementor-widget-heading\" data-id=\"7a046a5\" data-element_type=\"widget\" data-widget_type=\"heading.default\">\n\t\t\t\t<div class=\"elementor-widget-container\">\n\t\t\t\t\t<h3 class=\"elementor-heading-title elementor-size-default\">Description du produit<\/h3>\t\t\t\t<\/div>\n\t\t\t\t<\/div>\n\t\t\t\t<div class=\"elementor-element elementor-element-c7f4264 elementor-widget elementor-widget-text-editor\" data-id=\"c7f4264\" data-element_type=\"widget\" data-widget_type=\"text-editor.default\">\n\t\t\t\t<div class=\"elementor-widget-container\">\n\t\t\t\t\t\t\t\t\t<p><b>Volume \u00e9chantillon : <\/b>1\u201335 \u00b5L<\/p><p><b>M\u00e9thodes de mesure : <\/b>Colorim\u00e9trie, photom\u00e9trie<\/p><p><b>Description : <\/b>Tr\u00e8s haute capacit\u00e9, pour les laboratoires \u00e0 fort volume.<\/p><p><b>R\u00e9actifs : <\/b>Syst\u00e8me Ouvert.<\/p><p><b>Panel : <\/b>Analytes disponibles<\/p><p><b>Fonction h\u00e9patique : <\/b>ALT, AST, GGT, ALP, ALB, TP, PA, TBA, CHE, Bilirubine directe (DBI-D\/DBI-V), Bilirubine totale (TBI-D\/TBI-V),<\/p><p><b>Fonction r\u00e9nale : <\/b>Cr\u00e9atinine (CREA-J, CREA-S), Ur\u00e9e, Acide urique (UA), Microalbumine (MALB), Cystatine C (Cys-C), \u03b22-Microglobuline (\u03b22-MG), Prot\u00e9ine de liaison au r\u00e9tinol (RBP), CO\u2082<\/p><p><b>Profil lipidique : <\/b>Cholest\u00e9rol total (TC), HDL-C, LDL-C, Apolipoprot\u00e9ine A1 (Apo-A1), Apolipoprot\u00e9ine B (Apo-B), Triglyc\u00e9rides (TG), Lipoprot\u00e9ine (a) [Lp(a)]<\/p><p><b>Marqueurs cardiaques<\/b> <b>: <\/b>CK, CK-MB, \u03b1-HBDH, Homocyst\u00e9ine (HCY), Prot\u00e9ine C-r\u00e9active ultrasensible (HS-CRP), Myoglobine (MYO), D-Dim\u00e8res, LDH<\/p><p><b>Diab\u00e8te : <\/b>HbA1c, Fructosamine (FUN), Glucose (m\u00e9thodes GOD-POD et HK), \u03b2-Hydroxybutyrate (\u03b2-HB)<\/p><p><b>An\u00e9mie : <\/b>Transferrine (TRF), Ferritine (FER), Capacit\u00e9 de fixation du fer non satur\u00e9e (UIBC), Fer (Fe), G6PD<\/p><p><b>Pancr\u00e9as<\/b> <b>\u03b1-Amylase (\u03b1-AMY), Lipase (LIP)<\/b><\/p><p><b>\u00c9lectrolytes : <\/b>Na\u207a, K\u207a, Cl\u207b (via module ISE int\u00e9gr\u00e9)<\/p><p><b>Immunologie : <\/b>Compl\u00e9ments C3, C4, IgA, IgG, IgM, IgE<\/p><p><b>Rhumatologie : <\/b>Facteur rhumato\u00efde (RF), ASO, CRP<\/p><p><b>Pulmonaire : <\/b>Ad\u00e9nosine d\u00e9saminase (ADA), Enzyme de conversion de l&rsquo;angiotensine (ACE)<\/p>\t\t\t\t\t\t\t\t<\/div>\n\t\t\t\t<\/div>\n\t\t\t\t\t<\/div>\n\t\t<\/div>\n\t\t\t\t\t<\/div>\n\t\t<\/section>\n\t\t\t\t\t<\/div>\n\t\t<\/div>\n\t\t\t\t\t<\/div>\n\t\t<\/section>\n\t\t\t\t<\/div>","protected":false},"excerpt":{"rendered":"<p><b>Marque : <\/b>Mindray<\/p>\n<p><b>Mod\u00e8le : <\/b>BS-480<\/p>\n<p><b>Type d\u2019analyseur : <\/b>Biochimie clinique<\/p>\n<p><b>Nombre de tests\/h : <\/b>800<\/p>\n<p><strong>Fiche technique :<\/strong> <a href=\"https:\/\/mega.nz\/file\/S8ZC2aoQ#xJmzrLjPArNuUCUaxy7hO7mJTuJ7h2FTqtjgd6NG8wM\">T\u00e9l\u00e9charger ici\u00a0<\/a><\/p>","protected":false},"featured_media":4759,"comment_status":"open","ping_status":"closed","template":"","meta":{"content-type":"","site-sidebar-layout":"default","site-content-layout":"default","ast-site-content-layout":"default","site-content-style":"default","site-sidebar-style":"default","ast-global-header-display":"","ast-banner-title-visibility":"","ast-main-header-display":"","ast-hfb-above-header-display":"","ast-hfb-below-header-display":"","ast-hfb-mobile-header-display":"","site-post-title":"","ast-breadcrumbs-content":"","ast-featured-img":"","footer-sml-layout":"","theme-transparent-header-meta":"default","adv-header-id-meta":"","stick-header-meta":"default","header-above-stick-meta":"","header-main-stick-meta":"","header-below-stick-meta":"","astra-migrate-meta-layouts":"set","ast-page-background-enabled":"default","ast-page-background-meta":{"desktop":{"background-color":"","background-image":"","background-repeat":"repeat","background-position":"center center","background-size":"auto","background-attachment":"scroll","background-type":"","background-media":"","overlay-type":"","overlay-color":"","overlay-opacity":"","overlay-gradient":""},"tablet":{"background-color":"","background-image":"","background-repeat":"repeat","background-position":"center center","background-size":"auto","background-attachment":"scroll","background-type":"","background-media":"","overlay-type":"","overlay-color":"","overlay-opacity":"","overlay-gradient":""},"mobile":{"background-color":"","background-image":"","background-repeat":"repeat","background-position":"center center","background-size":"auto","background-attachment":"scroll","background-type":"","background-media":"","overlay-type":"","overlay-color":"","overlay-opacity":"","overlay-gradient":""}},"ast-content-background-meta":{"desktop":{"background-color":"var(--ast-global-color-5)","background-image":"","background-repeat":"repeat","background-position":"center center","background-size":"auto","background-attachment":"scroll","background-type":"","background-media":"","overlay-type":"","overlay-color":"","overlay-opacity":"","overlay-gradient":""},"tablet":{"background-color":"var(--ast-global-color-5)","background-image":"","background-repeat":"repeat","background-position":"center center","background-size":"auto","background-attachment":"scroll","background-type":"","background-media":"","overlay-type":"","overlay-color":"","overlay-opacity":"","overlay-gradient":""},"mobile":{"background-color":"var(--ast-global-color-5)","background-image":"","background-repeat":"repeat","background-position":"center center","background-size":"auto","background-attachment":"scroll","background-type":"","background-media":"","overlay-type":"","overlay-color":"","overlay-opacity":"","overlay-gradient":""}}},"product_brand":[],"product_cat":[212],"product_tag":[],"class_list":{"0":"post-229","1":"product","2":"type-product","3":"status-publish","4":"has-post-thumbnail","6":"product_cat-biochimie","7":"desktop-align-left","8":"tablet-align-left","9":"mobile-align-left","11":"first","12":"instock","13":"taxable","14":"shipping-taxable","15":"product-type-simple"},"yoast_head":"<!-- This site is optimized with the Yoast SEO plugin v25.4 - https:\/\/yoast.com\/wordpress\/plugins\/seo\/ -->\n<title>BS-480 -<\/title>\n<meta name=\"description\" content=\"Mindray BS-480 \u2013 Analyseur de biochimie clinique haute capacit\u00e9, jusqu\u2019\u00e0 800 tests\/h, id\u00e9al pour laboratoires \u00e0 fort volume. Livraison gratuite.\" \/>\n<meta name=\"robots\" content=\"index, follow, max-snippet:-1, max-image-preview:large, max-video-preview:-1\" \/>\n<link rel=\"canonical\" href=\"https:\/\/ascomedic.dz\/en\/product\/bs-480\/\" \/>\n<meta property=\"og:locale\" content=\"en_GB\" \/>\n<meta property=\"og:type\" content=\"article\" \/>\n<meta property=\"og:title\" content=\"BS-480 -\" \/>\n<meta property=\"og:description\" content=\"Mindray BS-480 \u2013 Analyseur de biochimie clinique haute capacit\u00e9, jusqu\u2019\u00e0 800 tests\/h, id\u00e9al pour laboratoires \u00e0 fort volume. Livraison gratuite.\" \/>\n<meta property=\"og:url\" content=\"https:\/\/ascomedic.dz\/en\/product\/bs-480\/\" \/>\n<meta property=\"article:modified_time\" content=\"2026-01-27T18:32:06+00:00\" \/>\n<meta property=\"og:image\" content=\"https:\/\/ascomedic.dz\/wp-content\/uploads\/2025\/07\/images-3.jpeg\" \/>\n\t<meta property=\"og:image:width\" content=\"220\" \/>\n\t<meta property=\"og:image:height\" content=\"230\" \/>\n\t<meta property=\"og:image:type\" content=\"image\/jpeg\" \/>\n<meta name=\"twitter:card\" content=\"summary_large_image\" \/>\n<meta name=\"twitter:label1\" content=\"Estimated reading time\" \/>\n\t<meta name=\"twitter:data1\" content=\"2 minutes\" \/>\n<script type=\"application\/ld+json\" class=\"yoast-schema-graph\">{\"@context\":\"https:\/\/schema.org\",\"@graph\":[{\"@type\":\"WebPage\",\"@id\":\"https:\/\/ascomedic.dz\/produit\/bs-480\/\",\"url\":\"https:\/\/ascomedic.dz\/produit\/bs-480\/\",\"name\":\"BS-480 -\",\"isPartOf\":{\"@id\":\"https:\/\/ascomedic.dz\/#website\"},\"primaryImageOfPage\":{\"@id\":\"https:\/\/ascomedic.dz\/produit\/bs-480\/#primaryimage\"},\"image\":{\"@id\":\"https:\/\/ascomedic.dz\/produit\/bs-480\/#primaryimage\"},\"thumbnailUrl\":\"https:\/\/ascomedic.dz\/wp-content\/uploads\/2025\/07\/images-3.jpeg\",\"datePublished\":\"2025-07-27T21:45:50+00:00\",\"dateModified\":\"2026-01-27T18:32:06+00:00\",\"description\":\"Mindray BS-480 \u2013 Analyseur de biochimie clinique haute capacit\u00e9, jusqu\u2019\u00e0 800 tests\/h, id\u00e9al pour laboratoires \u00e0 fort volume. Livraison gratuite.\",\"breadcrumb\":{\"@id\":\"https:\/\/ascomedic.dz\/produit\/bs-480\/#breadcrumb\"},\"inLanguage\":\"en-GB\",\"potentialAction\":[{\"@type\":\"ReadAction\",\"target\":[\"https:\/\/ascomedic.dz\/produit\/bs-480\/\"]}]},{\"@type\":\"ImageObject\",\"inLanguage\":\"en-GB\",\"@id\":\"https:\/\/ascomedic.dz\/produit\/bs-480\/#primaryimage\",\"url\":\"https:\/\/ascomedic.dz\/wp-content\/uploads\/2025\/07\/images-3.jpeg\",\"contentUrl\":\"https:\/\/ascomedic.dz\/wp-content\/uploads\/2025\/07\/images-3.jpeg\",\"width\":220,\"height\":230},{\"@type\":\"BreadcrumbList\",\"@id\":\"https:\/\/ascomedic.dz\/produit\/bs-480\/#breadcrumb\",\"itemListElement\":[{\"@type\":\"ListItem\",\"position\":1,\"name\":\"Accueil\",\"item\":\"https:\/\/ascomedic.dz\/\"},{\"@type\":\"ListItem\",\"position\":2,\"name\":\"Boutique\",\"item\":\"https:\/\/ascomedic.dz\/boutique\/\"},{\"@type\":\"ListItem\",\"position\":3,\"name\":\"BS-480\"}]},{\"@type\":\"WebSite\",\"@id\":\"https:\/\/ascomedic.dz\/#website\",\"url\":\"https:\/\/ascomedic.dz\/\",\"name\":\"\",\"description\":\"\",\"potentialAction\":[{\"@type\":\"SearchAction\",\"target\":{\"@type\":\"EntryPoint\",\"urlTemplate\":\"https:\/\/ascomedic.dz\/?s={search_term_string}\"},\"query-input\":{\"@type\":\"PropertyValueSpecification\",\"valueRequired\":true,\"valueName\":\"search_term_string\"}}],\"inLanguage\":\"en-GB\"}]}<\/script>\n<!-- \/ Yoast SEO plugin. -->","yoast_head_json":{"title":"BS-480 -","description":"Mindray BS-480 \u2013 Analyseur de biochimie clinique haute capacit\u00e9, jusqu\u2019\u00e0 800 tests\/h, id\u00e9al pour laboratoires \u00e0 fort volume. Livraison gratuite.","robots":{"index":"index","follow":"follow","max-snippet":"max-snippet:-1","max-image-preview":"max-image-preview:large","max-video-preview":"max-video-preview:-1"},"canonical":"https:\/\/ascomedic.dz\/en\/product\/bs-480\/","og_locale":"en_GB","og_type":"article","og_title":"BS-480 -","og_description":"Mindray BS-480 \u2013 Analyseur de biochimie clinique haute capacit\u00e9, jusqu\u2019\u00e0 800 tests\/h, id\u00e9al pour laboratoires \u00e0 fort volume. Livraison gratuite.","og_url":"https:\/\/ascomedic.dz\/en\/product\/bs-480\/","article_modified_time":"2026-01-27T18:32:06+00:00","og_image":[{"width":220,"height":230,"url":"https:\/\/ascomedic.dz\/wp-content\/uploads\/2025\/07\/images-3.jpeg","type":"image\/jpeg"}],"twitter_card":"summary_large_image","twitter_misc":{"Estimated reading time":"2 minutes"},"schema":{"@context":"https:\/\/schema.org","@graph":[{"@type":"WebPage","@id":"https:\/\/ascomedic.dz\/produit\/bs-480\/","url":"https:\/\/ascomedic.dz\/produit\/bs-480\/","name":"BS-480 -","isPartOf":{"@id":"https:\/\/ascomedic.dz\/#website"},"primaryImageOfPage":{"@id":"https:\/\/ascomedic.dz\/produit\/bs-480\/#primaryimage"},"image":{"@id":"https:\/\/ascomedic.dz\/produit\/bs-480\/#primaryimage"},"thumbnailUrl":"https:\/\/ascomedic.dz\/wp-content\/uploads\/2025\/07\/images-3.jpeg","datePublished":"2025-07-27T21:45:50+00:00","dateModified":"2026-01-27T18:32:06+00:00","description":"Mindray BS-480 \u2013 Analyseur de biochimie clinique haute capacit\u00e9, jusqu\u2019\u00e0 800 tests\/h, id\u00e9al pour laboratoires \u00e0 fort volume. Livraison gratuite.","breadcrumb":{"@id":"https:\/\/ascomedic.dz\/produit\/bs-480\/#breadcrumb"},"inLanguage":"en-GB","potentialAction":[{"@type":"ReadAction","target":["https:\/\/ascomedic.dz\/produit\/bs-480\/"]}]},{"@type":"ImageObject","inLanguage":"en-GB","@id":"https:\/\/ascomedic.dz\/produit\/bs-480\/#primaryimage","url":"https:\/\/ascomedic.dz\/wp-content\/uploads\/2025\/07\/images-3.jpeg","contentUrl":"https:\/\/ascomedic.dz\/wp-content\/uploads\/2025\/07\/images-3.jpeg","width":220,"height":230},{"@type":"BreadcrumbList","@id":"https:\/\/ascomedic.dz\/produit\/bs-480\/#breadcrumb","itemListElement":[{"@type":"ListItem","position":1,"name":"Accueil","item":"https:\/\/ascomedic.dz\/"},{"@type":"ListItem","position":2,"name":"Boutique","item":"https:\/\/ascomedic.dz\/boutique\/"},{"@type":"ListItem","position":3,"name":"BS-480"}]},{"@type":"WebSite","@id":"https:\/\/ascomedic.dz\/#website","url":"https:\/\/ascomedic.dz\/","name":"","description":"","potentialAction":[{"@type":"SearchAction","target":{"@type":"EntryPoint","urlTemplate":"https:\/\/ascomedic.dz\/?s={search_term_string}"},"query-input":{"@type":"PropertyValueSpecification","valueRequired":true,"valueName":"search_term_string"}}],"inLanguage":"en-GB"}]}},"_links":{"self":[{"href":"https:\/\/ascomedic.dz\/en\/wp-json\/wp\/v2\/product\/229","targetHints":{"allow":["GET"]}}],"collection":[{"href":"https:\/\/ascomedic.dz\/en\/wp-json\/wp\/v2\/product"}],"about":[{"href":"https:\/\/ascomedic.dz\/en\/wp-json\/wp\/v2\/types\/product"}],"replies":[{"embeddable":true,"href":"https:\/\/ascomedic.dz\/en\/wp-json\/wp\/v2\/comments?post=229"}],"version-history":[{"count":9,"href":"https:\/\/ascomedic.dz\/en\/wp-json\/wp\/v2\/product\/229\/revisions"}],"predecessor-version":[{"id":5826,"href":"https:\/\/ascomedic.dz\/en\/wp-json\/wp\/v2\/product\/229\/revisions\/5826"}],"wp:featuredmedia":[{"embeddable":true,"href":"https:\/\/ascomedic.dz\/en\/wp-json\/wp\/v2\/media\/4759"}],"wp:attachment":[{"href":"https:\/\/ascomedic.dz\/en\/wp-json\/wp\/v2\/media?parent=229"}],"wp:term":[{"taxonomy":"product_brand","embeddable":true,"href":"https:\/\/ascomedic.dz\/en\/wp-json\/wp\/v2\/product_brand?post=229"},{"taxonomy":"product_cat","embeddable":true,"href":"https:\/\/ascomedic.dz\/en\/wp-json\/wp\/v2\/product_cat?post=229"},{"taxonomy":"product_tag","embeddable":true,"href":"https:\/\/ascomedic.dz\/en\/wp-json\/wp\/v2\/product_tag?post=229"}],"curies":[{"name":"wp","href":"https:\/\/api.w.org\/{rel}","templated":true}]}}