{"id":121,"date":"2025-07-27T23:45:46","date_gmt":"2025-07-27T21:45:46","guid":{"rendered":"https:\/\/ascomedic.dz\/produit\/red-hoodie\/"},"modified":"2026-01-20T22:47:52","modified_gmt":"2026-01-20T21:47:52","slug":"maglumi-x6","status":"publish","type":"product","link":"https:\/\/ascomedic.dz\/en\/product\/maglumi-x6\/","title":{"rendered":"MAGLUMI X6"},"content":{"rendered":"<div data-elementor-type=\"wp-post\" data-elementor-id=\"121\" class=\"elementor elementor-121\">\n\t\t\t\t\t\t<section class=\"elementor-section elementor-top-section elementor-element elementor-element-cbe19d4 elementor-section-stretched elementor-section-boxed elementor-section-height-default elementor-section-height-default\" data-id=\"cbe19d4\" data-element_type=\"section\" data-settings=\"{&quot;stretch_section&quot;:&quot;section-stretched&quot;}\">\n\t\t\t\t\t\t<div class=\"elementor-container elementor-column-gap-no\">\n\t\t\t\t\t<div class=\"elementor-column elementor-col-100 elementor-top-column elementor-element elementor-element-0d4ca69\" data-id=\"0d4ca69\" data-element_type=\"column\">\n\t\t\t<div class=\"elementor-widget-wrap elementor-element-populated\">\n\t\t\t\t\t\t<section class=\"elementor-section elementor-inner-section elementor-element elementor-element-e98ea25 elementor-section-boxed elementor-section-height-default elementor-section-height-default\" data-id=\"e98ea25\" data-element_type=\"section\">\n\t\t\t\t\t\t<div class=\"elementor-container elementor-column-gap-no\">\n\t\t\t\t\t<div class=\"elementor-column elementor-col-100 elementor-inner-column elementor-element elementor-element-8a81ecd\" data-id=\"8a81ecd\" data-element_type=\"column\">\n\t\t\t<div class=\"elementor-widget-wrap elementor-element-populated\">\n\t\t\t\t\t\t<div class=\"elementor-element elementor-element-8bd3abd elementor-widget elementor-widget-heading\" data-id=\"8bd3abd\" data-element_type=\"widget\" data-widget_type=\"heading.default\">\n\t\t\t\t<div class=\"elementor-widget-container\">\n\t\t\t\t\t<h3 class=\"elementor-heading-title elementor-size-default\">Description du produit<\/h3>\t\t\t\t<\/div>\n\t\t\t\t<\/div>\n\t\t\t\t<div class=\"elementor-element elementor-element-feae9df elementor-widget elementor-widget-text-editor\" data-id=\"feae9df\" data-element_type=\"widget\" data-widget_type=\"text-editor.default\">\n\t\t\t\t<div class=\"elementor-widget-container\">\n\t\t\t\t\t\t\t\t\t<p><strong>Publique cible :<\/strong>\u00a0Moyens\/grands labos<\/p><p><strong>Remarque :<\/strong>\u00a0Extensible, compatible TLA<\/p><p><strong>R\u00e9actifs d\u2019hormonologie MAGLUMI \u2013 D\u00e9tails par cat\u00e9gorie<\/strong><\/p><p><strong>Fonction thyro\u00efdienne :<\/strong><\/p><ul><li>TSH (Thyroid Stimulating Hormone)<\/li><li>T3, T4 (formes totales)<\/li><li>FT3, FT4 (formes libres)<\/li><li>Thyroglobuline (Tg)<\/li><li>Anti-TPO (anticorps anti-thyroperoxydase)<\/li><li>Anti-Tg (anticorps anti-thyroglobuline)<\/li><li>TRAb (anticorps anti-r\u00e9cepteur de la TSH)<\/li><\/ul><p><b>Fonction reproductive :<\/b><\/p><ul><li>FSH (Hormone folliculo-stimulante)<\/li><li>LH (Hormone lut\u00e9inisante)<\/li><li>HCG\/\u03b2-HCG (Gonadotrophine chorionique humaine)<\/li><li>Prolactine (PRL)<\/li><li>Estradiol (E2)<\/li><li>Testost\u00e9rone (totale et libre)<\/li><li>DHEA-S (D\u00e9hydro\u00e9piandrost\u00e9rone sulfate)<\/li><li>Progest\u00e9rone<\/li><li>Estriol libre<\/li><li>17-OH Progest\u00e9rone<\/li><li>AMH (Hormone antim\u00fcll\u00e9rienne)<\/li><li>SHBG (Sex Hormone Binding Globulin)<\/li><li>Androst\u00e8nedione<\/li><li>Inhibine A et B<\/li><\/ul><p><b>Fonction surr\u00e9nalienne :<\/b><\/p><ul><li>Cortisol<\/li><li>ACTH (Hormone corticotrope)<\/li><li>Aldost\u00e9rone<\/li><li>R\u00e9nine directe<\/li><li>Angiotensine I et II<\/li><\/ul><p><b>Hormones de croissance et m\u00e9tabolisme :<\/b><\/p><ul><li>GH (Hormone de croissance)<\/li><li>IGF-1 (Insulin-like Growth Factor 1)<\/li><li>IGFBP-3 (Insulin-like Growth Factor Binding Protein 3)<\/li><li>Insuline<\/li><li>C-peptide<\/li><li>Proinsuline<\/li><li>Vitamine D (25-OH)<\/li><li>PTH intacte (Parathormone)<\/li><li>Calcitonine<\/li><li>Ost\u00e9ocalcine<\/li><\/ul><p><b>Autres marqueurs hormonaux :<\/b><\/p><ul><li>Ferritine<\/li><li>Vitamine B12<\/li><li>Folate<\/li><li>Folate \u00e9rythrocytaire (RBC Folate)<\/li><li>EPO (\u00c9rythropo\u00ef\u00e9tine)<\/li><\/ul><p><b>Facteurs tumoraux \/ Marqueurs tumoraux :<\/b><\/p><ul><li>AFP (Alpha-f\u0153toprot\u00e9ine)<\/li><li>CEA (Antig\u00e9ne carcino-embryonnaire)<\/li><li>CA 19-9 (Antig\u00e8ne carbohydrate 19-9)<\/li><li>CA 125 (Antig\u00e8ne carbohydrate 125)<\/li><li>CA 15-3 (Antig\u00e8ne carbohydrate 15-3)<\/li><li>CA 72-4 (Antig\u00e8ne carbohydrate 72-4)<\/li><li>NSE (Enolase sp\u00e9cifique des neurones)<\/li><li>SCCA (Antig\u00e8ne du carcinome spinocellulaire)<\/li><li>PSA total (Antig\u00e8ne prostatique sp\u00e9cifique total)<\/li><li>PSA libre<\/li><li>fPSA\/PSA ratio<\/li><li>\u03b22-Microglobuline<\/li><\/ul>\t\t\t\t\t\t\t\t<\/div>\n\t\t\t\t<\/div>\n\t\t\t\t\t<\/div>\n\t\t<\/div>\n\t\t\t\t\t<\/div>\n\t\t<\/section>\n\t\t\t\t\t<\/div>\n\t\t<\/div>\n\t\t\t\t\t<\/div>\n\t\t<\/section>\n\t\t\t\t<\/div>","protected":false},"excerpt":{"rendered":"<p><strong>Mod\u00e8le :<\/strong> MAGLUMI X6<\/p>\n<p><strong>D\u00e9bit (tests\/heure) :<\/strong> 450<\/p>\n<p><strong>Capacit\u00e9 \u00e9chantillons :<\/strong> 412<\/p>\n<p><strong>Capacit\u00e9 r\u00e9actifs :<\/strong> 30<\/p>\n<p><strong>Fiche technique :<\/strong><a href=\"https:\/\/mega.nz\/file\/ag4iXZDD#_jqhOhBYQvB0K4ex-L_zfK--14g6UvmHTsKC_58WVqs\"> T\u00e9l\u00e9charger ici\u00a0<\/a><\/p>","protected":false},"featured_media":4827,"comment_status":"open","ping_status":"closed","template":"","meta":{"content-type":"","site-sidebar-layout":"default","site-content-layout":"default","ast-site-content-layout":"default","site-content-style":"default","site-sidebar-style":"default","ast-global-header-display":"","ast-banner-title-visibility":"","ast-main-header-display":"","ast-hfb-above-header-display":"","ast-hfb-below-header-display":"","ast-hfb-mobile-header-display":"","site-post-title":"","ast-breadcrumbs-content":"","ast-featured-img":"","footer-sml-layout":"","theme-transparent-header-meta":"default","adv-header-id-meta":"","stick-header-meta":"default","header-above-stick-meta":"","header-main-stick-meta":"","header-below-stick-meta":"","astra-migrate-meta-layouts":"set","ast-page-background-enabled":"default","ast-page-background-meta":{"desktop":{"background-color":"","background-image":"","background-repeat":"repeat","background-position":"center center","background-size":"auto","background-attachment":"scroll","background-type":"","background-media":"","overlay-type":"","overlay-color":"","overlay-opacity":"","overlay-gradient":""},"tablet":{"background-color":"","background-image":"","background-repeat":"repeat","background-position":"center center","background-size":"auto","background-attachment":"scroll","background-type":"","background-media":"","overlay-type":"","overlay-color":"","overlay-opacity":"","overlay-gradient":""},"mobile":{"background-color":"","background-image":"","background-repeat":"repeat","background-position":"center center","background-size":"auto","background-attachment":"scroll","background-type":"","background-media":"","overlay-type":"","overlay-color":"","overlay-opacity":"","overlay-gradient":""}},"ast-content-background-meta":{"desktop":{"background-color":"var(--ast-global-color-5)","background-image":"","background-repeat":"repeat","background-position":"center center","background-size":"auto","background-attachment":"scroll","background-type":"","background-media":"","overlay-type":"","overlay-color":"","overlay-opacity":"","overlay-gradient":""},"tablet":{"background-color":"var(--ast-global-color-5)","background-image":"","background-repeat":"repeat","background-position":"center center","background-size":"auto","background-attachment":"scroll","background-type":"","background-media":"","overlay-type":"","overlay-color":"","overlay-opacity":"","overlay-gradient":""},"mobile":{"background-color":"var(--ast-global-color-5)","background-image":"","background-repeat":"repeat","background-position":"center center","background-size":"auto","background-attachment":"scroll","background-type":"","background-media":"","overlay-type":"","overlay-color":"","overlay-opacity":"","overlay-gradient":""}}},"product_brand":[],"product_cat":[215],"product_tag":[],"class_list":{"0":"post-121","1":"product","2":"type-product","3":"status-publish","4":"has-post-thumbnail","6":"product_cat-immuno-essaie","7":"desktop-align-left","8":"tablet-align-left","9":"mobile-align-left","11":"first","12":"instock","13":"taxable","14":"shipping-taxable","15":"product-type-simple"},"yoast_head":"<!-- This site is optimized with the Yoast SEO plugin v25.4 - https:\/\/yoast.com\/wordpress\/plugins\/seo\/ -->\n<title>MAGLUMI X6 -<\/title>\n<meta name=\"description\" content=\"MAGLUMI X6 \u2013 Analyseur immunoessai CLIA haut d\u00e9bit, 450 tests\/h, 412 \u00e9chantillons, 30 r\u00e9actifs, extensible et compatible TLA. Livraison gratuite\" \/>\n<meta name=\"robots\" content=\"index, follow, max-snippet:-1, max-image-preview:large, max-video-preview:-1\" \/>\n<link rel=\"canonical\" href=\"https:\/\/ascomedic.dz\/en\/product\/maglumi-x6\/\" \/>\n<meta property=\"og:locale\" content=\"en_GB\" \/>\n<meta property=\"og:type\" content=\"article\" \/>\n<meta property=\"og:title\" content=\"MAGLUMI X6 -\" \/>\n<meta property=\"og:description\" content=\"MAGLUMI X6 \u2013 Analyseur immunoessai CLIA haut d\u00e9bit, 450 tests\/h, 412 \u00e9chantillons, 30 r\u00e9actifs, extensible et compatible TLA. Livraison gratuite\" \/>\n<meta property=\"og:url\" content=\"https:\/\/ascomedic.dz\/en\/product\/maglumi-x6\/\" \/>\n<meta property=\"article:modified_time\" content=\"2026-01-20T21:47:52+00:00\" \/>\n<meta property=\"og:image\" content=\"https:\/\/ascomedic.dz\/wp-content\/uploads\/2025\/07\/images.jpg\" \/>\n\t<meta property=\"og:image:width\" content=\"259\" \/>\n\t<meta property=\"og:image:height\" content=\"195\" \/>\n\t<meta property=\"og:image:type\" content=\"image\/jpeg\" \/>\n<meta name=\"twitter:card\" content=\"summary_large_image\" \/>\n<meta name=\"twitter:label1\" content=\"Estimated reading time\" \/>\n\t<meta name=\"twitter:data1\" content=\"2 minutes\" \/>\n<script type=\"application\/ld+json\" class=\"yoast-schema-graph\">{\"@context\":\"https:\/\/schema.org\",\"@graph\":[{\"@type\":\"WebPage\",\"@id\":\"https:\/\/ascomedic.dz\/produit\/maglumi-x6\/\",\"url\":\"https:\/\/ascomedic.dz\/produit\/maglumi-x6\/\",\"name\":\"MAGLUMI X6 -\",\"isPartOf\":{\"@id\":\"https:\/\/ascomedic.dz\/#website\"},\"primaryImageOfPage\":{\"@id\":\"https:\/\/ascomedic.dz\/produit\/maglumi-x6\/#primaryimage\"},\"image\":{\"@id\":\"https:\/\/ascomedic.dz\/produit\/maglumi-x6\/#primaryimage\"},\"thumbnailUrl\":\"https:\/\/ascomedic.dz\/wp-content\/uploads\/2025\/07\/images.jpg\",\"datePublished\":\"2025-07-27T21:45:46+00:00\",\"dateModified\":\"2026-01-20T21:47:52+00:00\",\"description\":\"MAGLUMI X6 \u2013 Analyseur immunoessai CLIA haut d\u00e9bit, 450 tests\/h, 412 \u00e9chantillons, 30 r\u00e9actifs, extensible et compatible TLA. Livraison gratuite\",\"breadcrumb\":{\"@id\":\"https:\/\/ascomedic.dz\/produit\/maglumi-x6\/#breadcrumb\"},\"inLanguage\":\"en-GB\",\"potentialAction\":[{\"@type\":\"ReadAction\",\"target\":[\"https:\/\/ascomedic.dz\/produit\/maglumi-x6\/\"]}]},{\"@type\":\"ImageObject\",\"inLanguage\":\"en-GB\",\"@id\":\"https:\/\/ascomedic.dz\/produit\/maglumi-x6\/#primaryimage\",\"url\":\"https:\/\/ascomedic.dz\/wp-content\/uploads\/2025\/07\/images.jpg\",\"contentUrl\":\"https:\/\/ascomedic.dz\/wp-content\/uploads\/2025\/07\/images.jpg\",\"width\":259,\"height\":195},{\"@type\":\"BreadcrumbList\",\"@id\":\"https:\/\/ascomedic.dz\/produit\/maglumi-x6\/#breadcrumb\",\"itemListElement\":[{\"@type\":\"ListItem\",\"position\":1,\"name\":\"Accueil\",\"item\":\"https:\/\/ascomedic.dz\/\"},{\"@type\":\"ListItem\",\"position\":2,\"name\":\"Boutique\",\"item\":\"https:\/\/ascomedic.dz\/boutique\/\"},{\"@type\":\"ListItem\",\"position\":3,\"name\":\"MAGLUMI X6\"}]},{\"@type\":\"WebSite\",\"@id\":\"https:\/\/ascomedic.dz\/#website\",\"url\":\"https:\/\/ascomedic.dz\/\",\"name\":\"\",\"description\":\"\",\"potentialAction\":[{\"@type\":\"SearchAction\",\"target\":{\"@type\":\"EntryPoint\",\"urlTemplate\":\"https:\/\/ascomedic.dz\/?s={search_term_string}\"},\"query-input\":{\"@type\":\"PropertyValueSpecification\",\"valueRequired\":true,\"valueName\":\"search_term_string\"}}],\"inLanguage\":\"en-GB\"}]}<\/script>\n<!-- \/ Yoast SEO plugin. -->","yoast_head_json":{"title":"MAGLUMI X6 -","description":"MAGLUMI X6 \u2013 Analyseur immunoessai CLIA haut d\u00e9bit, 450 tests\/h, 412 \u00e9chantillons, 30 r\u00e9actifs, extensible et compatible TLA. Livraison gratuite","robots":{"index":"index","follow":"follow","max-snippet":"max-snippet:-1","max-image-preview":"max-image-preview:large","max-video-preview":"max-video-preview:-1"},"canonical":"https:\/\/ascomedic.dz\/en\/product\/maglumi-x6\/","og_locale":"en_GB","og_type":"article","og_title":"MAGLUMI X6 -","og_description":"MAGLUMI X6 \u2013 Analyseur immunoessai CLIA haut d\u00e9bit, 450 tests\/h, 412 \u00e9chantillons, 30 r\u00e9actifs, extensible et compatible TLA. Livraison gratuite","og_url":"https:\/\/ascomedic.dz\/en\/product\/maglumi-x6\/","article_modified_time":"2026-01-20T21:47:52+00:00","og_image":[{"width":259,"height":195,"url":"https:\/\/ascomedic.dz\/wp-content\/uploads\/2025\/07\/images.jpg","type":"image\/jpeg"}],"twitter_card":"summary_large_image","twitter_misc":{"Estimated reading time":"2 minutes"},"schema":{"@context":"https:\/\/schema.org","@graph":[{"@type":"WebPage","@id":"https:\/\/ascomedic.dz\/produit\/maglumi-x6\/","url":"https:\/\/ascomedic.dz\/produit\/maglumi-x6\/","name":"MAGLUMI X6 -","isPartOf":{"@id":"https:\/\/ascomedic.dz\/#website"},"primaryImageOfPage":{"@id":"https:\/\/ascomedic.dz\/produit\/maglumi-x6\/#primaryimage"},"image":{"@id":"https:\/\/ascomedic.dz\/produit\/maglumi-x6\/#primaryimage"},"thumbnailUrl":"https:\/\/ascomedic.dz\/wp-content\/uploads\/2025\/07\/images.jpg","datePublished":"2025-07-27T21:45:46+00:00","dateModified":"2026-01-20T21:47:52+00:00","description":"MAGLUMI X6 \u2013 Analyseur immunoessai CLIA haut d\u00e9bit, 450 tests\/h, 412 \u00e9chantillons, 30 r\u00e9actifs, extensible et compatible TLA. Livraison gratuite","breadcrumb":{"@id":"https:\/\/ascomedic.dz\/produit\/maglumi-x6\/#breadcrumb"},"inLanguage":"en-GB","potentialAction":[{"@type":"ReadAction","target":["https:\/\/ascomedic.dz\/produit\/maglumi-x6\/"]}]},{"@type":"ImageObject","inLanguage":"en-GB","@id":"https:\/\/ascomedic.dz\/produit\/maglumi-x6\/#primaryimage","url":"https:\/\/ascomedic.dz\/wp-content\/uploads\/2025\/07\/images.jpg","contentUrl":"https:\/\/ascomedic.dz\/wp-content\/uploads\/2025\/07\/images.jpg","width":259,"height":195},{"@type":"BreadcrumbList","@id":"https:\/\/ascomedic.dz\/produit\/maglumi-x6\/#breadcrumb","itemListElement":[{"@type":"ListItem","position":1,"name":"Accueil","item":"https:\/\/ascomedic.dz\/"},{"@type":"ListItem","position":2,"name":"Boutique","item":"https:\/\/ascomedic.dz\/boutique\/"},{"@type":"ListItem","position":3,"name":"MAGLUMI X6"}]},{"@type":"WebSite","@id":"https:\/\/ascomedic.dz\/#website","url":"https:\/\/ascomedic.dz\/","name":"","description":"","potentialAction":[{"@type":"SearchAction","target":{"@type":"EntryPoint","urlTemplate":"https:\/\/ascomedic.dz\/?s={search_term_string}"},"query-input":{"@type":"PropertyValueSpecification","valueRequired":true,"valueName":"search_term_string"}}],"inLanguage":"en-GB"}]}},"_links":{"self":[{"href":"https:\/\/ascomedic.dz\/en\/wp-json\/wp\/v2\/product\/121","targetHints":{"allow":["GET"]}}],"collection":[{"href":"https:\/\/ascomedic.dz\/en\/wp-json\/wp\/v2\/product"}],"about":[{"href":"https:\/\/ascomedic.dz\/en\/wp-json\/wp\/v2\/types\/product"}],"replies":[{"embeddable":true,"href":"https:\/\/ascomedic.dz\/en\/wp-json\/wp\/v2\/comments?post=121"}],"version-history":[{"count":9,"href":"https:\/\/ascomedic.dz\/en\/wp-json\/wp\/v2\/product\/121\/revisions"}],"predecessor-version":[{"id":5378,"href":"https:\/\/ascomedic.dz\/en\/wp-json\/wp\/v2\/product\/121\/revisions\/5378"}],"wp:featuredmedia":[{"embeddable":true,"href":"https:\/\/ascomedic.dz\/en\/wp-json\/wp\/v2\/media\/4827"}],"wp:attachment":[{"href":"https:\/\/ascomedic.dz\/en\/wp-json\/wp\/v2\/media?parent=121"}],"wp:term":[{"taxonomy":"product_brand","embeddable":true,"href":"https:\/\/ascomedic.dz\/en\/wp-json\/wp\/v2\/product_brand?post=121"},{"taxonomy":"product_cat","embeddable":true,"href":"https:\/\/ascomedic.dz\/en\/wp-json\/wp\/v2\/product_cat?post=121"},{"taxonomy":"product_tag","embeddable":true,"href":"https:\/\/ascomedic.dz\/en\/wp-json\/wp\/v2\/product_tag?post=121"}],"curies":[{"name":"wp","href":"https:\/\/api.w.org\/{rel}","templated":true}]}}