{"id":1997,"date":"2025-07-12T19:57:35","date_gmt":"2025-07-12T17:57:35","guid":{"rendered":"https:\/\/ascomedic.dz\/?page_id=1997"},"modified":"2025-10-22T23:45:50","modified_gmt":"2025-10-22T21:45:50","slug":"carriere","status":"publish","type":"page","link":"https:\/\/ascomedic.dz\/en\/carriere\/","title":{"rendered":"CAREER"},"content":{"rendered":"<div data-elementor-type=\"wp-page\" data-elementor-id=\"1997\" class=\"elementor elementor-1997\">\n\t\t\t\t<div class=\"elementor-element elementor-element-skg6tvi e-flex e-con-boxed e-con e-parent\" data-id=\"skg6tvi\" data-element_type=\"container\" data-settings=\"{&quot;background_background&quot;:&quot;gradient&quot;}\">\n\t\t\t\t\t<div class=\"e-con-inner\">\n\t\t<div class=\"elementor-element elementor-element-2601906 e-con-full e-flex e-con e-child\" data-id=\"2601906\" data-element_type=\"container\">\n\t\t\t\t<div class=\"elementor-element elementor-element-1290e1f elementor-widget elementor-widget-heading\" data-id=\"1290e1f\" data-element_type=\"widget\" data-widget_type=\"heading.default\">\n\t\t\t\t<div class=\"elementor-widget-container\">\n\t\t\t\t\t<h6 class=\"elementor-heading-title elementor-size-default\">Submit your resume and contribute to the distribution of medical laboratory products<\/h6>\t\t\t\t<\/div>\n\t\t\t\t<\/div>\n\t\t\t\t<div class=\"elementor-element elementor-element-1ee5345 elementor-widget-divider--view-line elementor-widget elementor-widget-divider\" data-id=\"1ee5345\" data-element_type=\"widget\" data-widget_type=\"divider.default\">\n\t\t\t\t<div class=\"elementor-widget-container\">\n\t\t\t\t\t\t\t<div class=\"elementor-divider\">\n\t\t\t<span class=\"elementor-divider-separator\">\n\t\t\t\t\t\t<\/span>\n\t\t<\/div>\n\t\t\t\t\t\t<\/div>\n\t\t\t\t<\/div>\n\t\t\t\t<div class=\"elementor-element elementor-element-2d6d3a4 elementor-widget elementor-widget-heading\" data-id=\"2d6d3a4\" data-element_type=\"widget\" data-widget_type=\"heading.default\">\n\t\t\t\t<div class=\"elementor-widget-container\">\n\t\t\t\t\t<h2 class=\"elementor-heading-title elementor-size-default\">MAINTENANCE, LOGISTICS AND CUSTOMER SERVICE OPPORTUNITIES FOR MEDICAL EQUIPMENT\n<\/h2>\t\t\t\t<\/div>\n\t\t\t\t<\/div>\n\t\t\t\t<\/div>\n\t\t\t\t\t<\/div>\n\t\t\t\t<\/div>\n\t\t<div class=\"elementor-element elementor-element-b19192a e-flex e-con-boxed e-con e-parent\" data-id=\"b19192a\" data-element_type=\"container\" data-settings=\"{&quot;background_background&quot;:&quot;classic&quot;}\">\n\t\t\t\t\t<div class=\"e-con-inner\">\n\t\t<div class=\"elementor-element elementor-element-94cd7d4 e-con-full e-flex e-con e-child\" data-id=\"94cd7d4\" data-element_type=\"container\">\n\t\t\t\t<div class=\"elementor-element elementor-element-27e409a elementor-widget elementor-widget-heading\" data-id=\"27e409a\" data-element_type=\"widget\" data-widget_type=\"heading.default\">\n\t\t\t\t<div class=\"elementor-widget-container\">\n\t\t\t\t\t<h6 class=\"elementor-heading-title elementor-size-default\">Join our team\n<\/h6>\t\t\t\t<\/div>\n\t\t\t\t<\/div>\n\t\t\t\t<div class=\"elementor-element elementor-element-b004de7 elementor-widget-divider--view-line elementor-widget elementor-widget-divider\" data-id=\"b004de7\" data-element_type=\"widget\" data-widget_type=\"divider.default\">\n\t\t\t\t<div class=\"elementor-widget-container\">\n\t\t\t\t\t\t\t<div class=\"elementor-divider\">\n\t\t\t<span class=\"elementor-divider-separator\">\n\t\t\t\t\t\t<\/span>\n\t\t<\/div>\n\t\t\t\t\t\t<\/div>\n\t\t\t\t<\/div>\n\t\t\t\t<div class=\"elementor-element elementor-element-68f25df elementor-widget elementor-widget-heading\" data-id=\"68f25df\" data-element_type=\"widget\" data-widget_type=\"heading.default\">\n\t\t\t\t<div class=\"elementor-widget-container\">\n\t\t\t\t\t<h3 class=\"elementor-heading-title elementor-size-default\">DISCOVER OUR CAREER OPPORTUNITIES AND APPLY FOR TODAY\n<\/h3>\t\t\t\t<\/div>\n\t\t\t\t<\/div>\n\t\t\t\t<div class=\"elementor-element elementor-element-866868b elementor-widget elementor-widget-text-editor\" data-id=\"866868b\" data-element_type=\"widget\" data-widget_type=\"text-editor.default\">\n\t\t\t\t<div class=\"elementor-widget-container\">\n\t\t\t\t\t\t\t\t\t<p id=\"paragraph-1\" class=\"wp-block wp-block-kubio-text position-relative wp-block-kubio-text__text style-VmL8HypmNE-text style-local-61-text\" data-kubio=\"kubio\/text\"><strong>Are you looking for a new professional opportunity?<\/strong><\/p>\t\t\t\t\t\t\t\t<\/div>\n\t\t\t\t<\/div>\n\t\t\t\t<div class=\"elementor-element elementor-element-d3fe027 elementor-widget elementor-widget-heading\" data-id=\"d3fe027\" data-element_type=\"widget\" data-widget_type=\"heading.default\">\n\t\t\t\t<div class=\"elementor-widget-container\">\n\t\t\t\t\t<p class=\"elementor-heading-title elementor-size-default\">Would you like to join a dynamic and innovative team in the field of medical diagnostics? Send your application today via our online form.<\/p>\t\t\t\t<\/div>\n\t\t\t\t<\/div>\n\t\t\t\t<div class=\"elementor-element elementor-element-454ef8f elementor-icon-list--layout-traditional elementor-list-item-link-full_width elementor-widget elementor-widget-icon-list\" data-id=\"454ef8f\" data-element_type=\"widget\" data-widget_type=\"icon-list.default\">\n\t\t\t\t<div class=\"elementor-widget-container\">\n\t\t\t\t\t\t\t<ul class=\"elementor-icon-list-items\">\n\t\t\t\t\t\t\t<li class=\"elementor-icon-list-item\">\n\t\t\t\t\t\t\t\t\t\t\t<a href=\"#\">\n\n\t\t\t\t\t\t\t\t\t\t\t\t<span class=\"elementor-icon-list-icon\">\n\t\t\t\t\t\t\t<i aria-hidden=\"true\" class=\"far fa-envelope\"><\/i>\t\t\t\t\t\t<\/span>\n\t\t\t\t\t\t\t\t\t\t<span class=\"elementor-icon-list-text\">Ascomedic@ascomedic.com<\/span>\n\t\t\t\t\t\t\t\t\t\t\t<\/a>\n\t\t\t\t\t\t\t\t\t<\/li>\n\t\t\t\t\t\t\t\t<li class=\"elementor-icon-list-item\">\n\t\t\t\t\t\t\t\t\t\t\t<a href=\"#\">\n\n\t\t\t\t\t\t\t\t\t\t\t\t<span class=\"elementor-icon-list-icon\">\n\t\t\t\t\t\t\t<i aria-hidden=\"true\" class=\"fas fa-phone\"><\/i>\t\t\t\t\t\t<\/span>\n\t\t\t\t\t\t\t\t\t\t<span class=\"elementor-icon-list-text\">0555 95 06 62 \/ 0770122483<\/span>\n\t\t\t\t\t\t\t\t\t\t\t<\/a>\n\t\t\t\t\t\t\t\t\t<\/li>\n\t\t\t\t\t\t<\/ul>\n\t\t\t\t\t\t<\/div>\n\t\t\t\t<\/div>\n\t\t\t\t<\/div>\n\t\t<div class=\"elementor-element elementor-element-1503a06 e-con-full e-flex e-con e-child\" data-id=\"1503a06\" data-element_type=\"container\">\n\t\t\t\t<div class=\"elementor-element elementor-element-ceb8261 elementor-widget elementor-widget-spacer\" data-id=\"ceb8261\" data-element_type=\"widget\" data-widget_type=\"spacer.default\">\n\t\t\t\t<div class=\"elementor-widget-container\">\n\t\t\t\t\t\t\t<div class=\"elementor-spacer\">\n\t\t\t<div class=\"elementor-spacer-inner\"><\/div>\n\t\t<\/div>\n\t\t\t\t\t\t<\/div>\n\t\t\t\t<\/div>\n\t\t\t\t<\/div>\n\t\t<div class=\"elementor-element elementor-element-7f53199 e-con-full e-flex e-con e-child\" data-id=\"7f53199\" data-element_type=\"container\">\n\t\t\t\t<div class=\"elementor-element elementor-element-d530a54 elementor-widget elementor-widget-shortcode\" data-id=\"d530a54\" data-element_type=\"widget\" data-widget_type=\"shortcode.default\">\n\t\t\t\t<div class=\"elementor-widget-container\">\n\t\t\t\t\t\t\t<div class=\"elementor-shortcode\">\n<div class=\"wpcf7 no-js\" id=\"wpcf7-f2065-o1\" lang=\"fr-FR\" dir=\"ltr\" data-wpcf7-id=\"2065\">\n<div class=\"screen-reader-response\"><p role=\"status\" aria-live=\"polite\" aria-atomic=\"true\"><\/p> <ul><\/ul><\/div>\n<form action=\"\/en\/wp-json\/wp\/v2\/pages\/1997#wpcf7-f2065-o1\" method=\"post\" class=\"wpcf7-form init\" aria-label=\"Formulaire de contact\" enctype=\"multipart\/form-data\" novalidate=\"novalidate\" data-status=\"init\" data-trp-original-action=\"\/en\/wp-json\/wp\/v2\/pages\/1997#wpcf7-f2065-o1\">\n<fieldset class=\"hidden-fields-container\"><input type=\"hidden\" name=\"_wpcf7\" value=\"2065\" \/><input type=\"hidden\" name=\"_wpcf7_version\" value=\"6.1\" \/><input type=\"hidden\" name=\"_wpcf7_locale\" value=\"fr_FR\" \/><input type=\"hidden\" name=\"_wpcf7_unit_tag\" value=\"wpcf7-f2065-o1\" \/><input type=\"hidden\" name=\"_wpcf7_container_post\" value=\"0\" \/><input type=\"hidden\" name=\"_wpcf7_posted_data_hash\" value=\"\" \/>\n<\/fieldset>\n<p><label> Votre nom<br \/>\n<span class=\"wpcf7-form-control-wrap\" data-name=\"your-name\"><input size=\"40\" maxlength=\"400\" class=\"wpcf7-form-control wpcf7-text wpcf7-validates-as-required\" autocomplete=\"name\" aria-required=\"true\" aria-invalid=\"false\" value=\"\" type=\"text\" name=\"your-name\" \/><\/span> <\/label>\n<\/p>\n<p><label> Your Email<br \/>\n<span class=\"wpcf7-form-control-wrap\" data-name=\"your-email\"><input size=\"40\" maxlength=\"400\" class=\"wpcf7-form-control wpcf7-email wpcf7-validates-as-required wpcf7-text wpcf7-validates-as-email\" autocomplete=\"email\" aria-required=\"true\" aria-invalid=\"false\" value=\"\" type=\"email\" name=\"your-email\" \/><\/span> <\/label>\n<\/p>\n<p><label> Objet<br \/>\n<span class=\"wpcf7-form-control-wrap\" data-name=\"your-subject\"><input size=\"40\" maxlength=\"400\" class=\"wpcf7-form-control wpcf7-text wpcf7-validates-as-required\" aria-required=\"true\" aria-invalid=\"false\" value=\"\" type=\"text\" name=\"your-subject\" \/><\/span> <\/label>\n<\/p>\n<p><label> Votre message (facultatif)<br \/>\n<span class=\"wpcf7-form-control-wrap\" data-name=\"your-message\"><textarea cols=\"40\" rows=\"10\" maxlength=\"2000\" class=\"wpcf7-form-control wpcf7-textarea\" aria-invalid=\"false\" name=\"your-message\"><\/textarea><\/span> <\/label>\n<\/p>\n<p><label> T\u00e9l\u00e9verser votre CV (taille maximale 10 Mo)<br \/>\n<span class=\"wpcf7-form-control-wrap\" data-name=\"file-attachment\"><input size=\"40\" class=\"wpcf7-form-control wpcf7-file\" accept=\".pdf,.doc,.docx\" aria-invalid=\"false\" type=\"file\" name=\"file-attachment\" \/><\/span> <\/label>\n<\/p>\n\n\n<!-- Case \u00e0 cocher pour l'acceptation des donn\u00e9es -->\n<div>\n\t<p><label><br \/>\nEn soumettant ce formulaire, j\u2019accepte que mes donn\u00e9es personnelles soient collect\u00e9es et trait\u00e9es conform\u00e9ment \u00e0 la politique de confidentialit\u00e9 selon la loi 18-07 de l'autorit\u00e9 nationale de la protection des donn\u00e9es \u00e0 caract\u00e8re personnel. Ces donn\u00e9es seront utilis\u00e9es uniquement pour r\u00e9pondre \u00e0 vos demandes, vous envoyer des informations et autres.<br \/>\n<\/label>\n\t<\/p>\n\t<p><span class=\"wpcf7-form-control-wrap\" data-name=\"data-consent\"><span class=\"wpcf7-form-control wpcf7-checkbox wpcf7-validates-as-required\"><span class=\"wpcf7-list-item first\"><input type=\"checkbox\" name=\"data-consent[]\" value=\"J&#039;accepte\" \/><span class=\"wpcf7-list-item-label\">J&#039;accepte<\/span><\/span><span class=\"wpcf7-list-item last\"><input type=\"checkbox\" name=\"data-consent[]\" value=\"Je n&#039;accepte pas\" \/><span class=\"wpcf7-list-item-label\">Je n&#039;accepte pas<\/span><\/span><\/span><\/span>\n\t<\/p>\n<\/div>\n<div style=\"margin-bottom: 20px;\">\n<\/div><!-- Ajouter de l'espace avant le bouton Envoyer -->\n<p><input class=\"wpcf7-form-control wpcf7-submit has-spinner\" type=\"submit\" value=\"Submit\" \/>\n<\/p><p style=\"display: none !important;\" class=\"akismet-fields-container\" data-prefix=\"_wpcf7_ak_\"><label>&#916;<textarea name=\"_wpcf7_ak_hp_textarea\" cols=\"45\" rows=\"8\" maxlength=\"100\"><\/textarea><\/label><input type=\"hidden\" id=\"ak_js_1\" name=\"_wpcf7_ak_js\" value=\"177\"\/><script>document.getElementById( \"ak_js_1\" ).setAttribute( \"value\", ( new Date() ).getTime() );<\/script><\/p><div class=\"wpcf7-response-output\" aria-hidden=\"true\"><\/div>\n<input type=\"hidden\" name=\"trp-form-language\" value=\"en\"\/><\/form>\n<\/div>\n<\/div>\n\t\t\t\t\t\t<\/div>\n\t\t\t\t<\/div>\n\t\t\t\t<\/div>\n\t\t\t\t\t<\/div>\n\t\t\t\t<\/div>\n\t\t\t\t<\/div>","protected":false},"excerpt":{"rendered":"<p>D\u00e9posez votre CV et contribuez \u00e0 la distribution des produits de laboratoire m\u00e9dical OPPORTUNIT\u00c9S EN MAINTENANCE, LOGISTIQUE ET SERVICE CLIENT POUR MAT\u00c9RIEL M\u00c9DICAL Rejoignez notre equipe D\u00c9COUVREZ NOS OPPORTUNIT\u00c9S DE [&hellip;]<\/p>","protected":false},"author":1,"featured_media":0,"parent":0,"menu_order":0,"comment_status":"closed","ping_status":"closed","template":"","meta":{"content-type":"","site-sidebar-layout":"no-sidebar","site-content-layout":"page-builder","ast-site-content-layout":"full-width-container","site-content-style":"default","site-sidebar-style":"default","ast-global-header-display":"","ast-banner-title-visibility":"","ast-main-header-display":"","ast-hfb-above-header-display":"","ast-hfb-below-header-display":"","ast-hfb-mobile-header-display":"","site-post-title":"disabled","ast-breadcrumbs-content":"","ast-featured-img":"disabled","footer-sml-layout":"","theme-transparent-header-meta":"","adv-header-id-meta":"","stick-header-meta":"","header-above-stick-meta":"","header-main-stick-meta":"","header-below-stick-meta":"","astra-migrate-meta-layouts":"set","ast-page-background-enabled":"default","ast-page-background-meta":{"desktop":{"background-color":"","background-image":"","background-repeat":"repeat","background-position":"center center","background-size":"auto","background-attachment":"scroll","background-type":"","background-media":"","overlay-type":"","overlay-color":"","overlay-opacity":"","overlay-gradient":""},"tablet":{"background-color":"","background-image":"","background-repeat":"repeat","background-position":"center center","background-size":"auto","background-attachment":"scroll","background-type":"","background-media":"","overlay-type":"","overlay-color":"","overlay-opacity":"","overlay-gradient":""},"mobile":{"background-color":"","background-image":"","background-repeat":"repeat","background-position":"center center","background-size":"auto","background-attachment":"scroll","background-type":"","background-media":"","overlay-type":"","overlay-color":"","overlay-opacity":"","overlay-gradient":""}},"ast-content-background-meta":{"desktop":{"background-color":"var(--ast-global-color-5)","background-image":"","background-repeat":"repeat","background-position":"center center","background-size":"auto","background-attachment":"scroll","background-type":"","background-media":"","overlay-type":"","overlay-color":"","overlay-opacity":"","overlay-gradient":""},"tablet":{"background-color":"var(--ast-global-color-5)","background-image":"","background-repeat":"repeat","background-position":"center center","background-size":"auto","background-attachment":"scroll","background-type":"","background-media":"","overlay-type":"","overlay-color":"","overlay-opacity":"","overlay-gradient":""},"mobile":{"background-color":"var(--ast-global-color-5)","background-image":"","background-repeat":"repeat","background-position":"center center","background-size":"auto","background-attachment":"scroll","background-type":"","background-media":"","overlay-type":"","overlay-color":"","overlay-opacity":"","overlay-gradient":""}},"footnotes":""},"class_list":["post-1997","page","type-page","status-publish","hentry"],"yoast_head":"<!-- This site is optimized with the Yoast SEO plugin v25.4 - https:\/\/yoast.com\/wordpress\/plugins\/seo\/ -->\n<title>Carri\u00e8re -<\/title>\n<meta name=\"description\" content=\"Rejoignez Ascomedic \u00e0 Alger \u2013 d\u00e9couvrez nos offres de carri\u00e8re, stages et opportunit\u00e9s au sein d\u2019une PME sp\u00e9cialis\u00e9e en \u00e9quipements et services de laboratoire.\" \/>\n<meta name=\"robots\" content=\"index, follow, max-snippet:-1, max-image-preview:large, max-video-preview:-1\" \/>\n<link rel=\"canonical\" href=\"https:\/\/ascomedic.dz\/en\/carriere\/\" \/>\n<meta property=\"og:locale\" content=\"en_GB\" \/>\n<meta property=\"og:type\" content=\"article\" \/>\n<meta property=\"og:title\" content=\"Carri\u00e8re -\" \/>\n<meta property=\"og:description\" content=\"Rejoignez Ascomedic \u00e0 Alger \u2013 d\u00e9couvrez nos offres de carri\u00e8re, stages et opportunit\u00e9s au sein d\u2019une PME sp\u00e9cialis\u00e9e en \u00e9quipements et services de laboratoire.\" \/>\n<meta property=\"og:url\" content=\"https:\/\/ascomedic.dz\/en\/carriere\/\" \/>\n<meta property=\"article:modified_time\" content=\"2025-10-22T21:45:50+00:00\" \/>\n<meta name=\"twitter:card\" content=\"summary_large_image\" \/>\n<meta name=\"twitter:label1\" content=\"Estimated reading time\" \/>\n\t<meta name=\"twitter:data1\" content=\"1 minute\" \/>\n<script type=\"application\/ld+json\" class=\"yoast-schema-graph\">{\"@context\":\"https:\/\/schema.org\",\"@graph\":[{\"@type\":\"WebPage\",\"@id\":\"https:\/\/ascomedic.dz\/carriere\/\",\"url\":\"https:\/\/ascomedic.dz\/carriere\/\",\"name\":\"Carri\u00e8re -\",\"isPartOf\":{\"@id\":\"https:\/\/ascomedic.dz\/#website\"},\"datePublished\":\"2025-07-12T17:57:35+00:00\",\"dateModified\":\"2025-10-22T21:45:50+00:00\",\"description\":\"Rejoignez Ascomedic \u00e0 Alger \u2013 d\u00e9couvrez nos offres de carri\u00e8re, stages et opportunit\u00e9s au sein d\u2019une PME sp\u00e9cialis\u00e9e en \u00e9quipements et services de laboratoire.\",\"breadcrumb\":{\"@id\":\"https:\/\/ascomedic.dz\/carriere\/#breadcrumb\"},\"inLanguage\":\"en-GB\",\"potentialAction\":[{\"@type\":\"ReadAction\",\"target\":[\"https:\/\/ascomedic.dz\/carriere\/\"]}]},{\"@type\":\"BreadcrumbList\",\"@id\":\"https:\/\/ascomedic.dz\/carriere\/#breadcrumb\",\"itemListElement\":[{\"@type\":\"ListItem\",\"position\":1,\"name\":\"Accueil\",\"item\":\"https:\/\/ascomedic.dz\/\"},{\"@type\":\"ListItem\",\"position\":2,\"name\":\"Carri\u00e8re\"}]},{\"@type\":\"WebSite\",\"@id\":\"https:\/\/ascomedic.dz\/#website\",\"url\":\"https:\/\/ascomedic.dz\/\",\"name\":\"\",\"description\":\"\",\"potentialAction\":[{\"@type\":\"SearchAction\",\"target\":{\"@type\":\"EntryPoint\",\"urlTemplate\":\"https:\/\/ascomedic.dz\/?s={search_term_string}\"},\"query-input\":{\"@type\":\"PropertyValueSpecification\",\"valueRequired\":true,\"valueName\":\"search_term_string\"}}],\"inLanguage\":\"en-GB\"}]}<\/script>\n<!-- \/ Yoast SEO plugin. -->","yoast_head_json":{"title":"Carri\u00e8re -","description":"Rejoignez Ascomedic \u00e0 Alger \u2013 d\u00e9couvrez nos offres de carri\u00e8re, stages et opportunit\u00e9s au sein d\u2019une PME sp\u00e9cialis\u00e9e en \u00e9quipements et services de laboratoire.","robots":{"index":"index","follow":"follow","max-snippet":"max-snippet:-1","max-image-preview":"max-image-preview:large","max-video-preview":"max-video-preview:-1"},"canonical":"https:\/\/ascomedic.dz\/en\/carriere\/","og_locale":"en_GB","og_type":"article","og_title":"Carri\u00e8re -","og_description":"Rejoignez Ascomedic \u00e0 Alger \u2013 d\u00e9couvrez nos offres de carri\u00e8re, stages et opportunit\u00e9s au sein d\u2019une PME sp\u00e9cialis\u00e9e en \u00e9quipements et services de laboratoire.","og_url":"https:\/\/ascomedic.dz\/en\/carriere\/","article_modified_time":"2025-10-22T21:45:50+00:00","twitter_card":"summary_large_image","twitter_misc":{"Estimated reading time":"1 minute"},"schema":{"@context":"https:\/\/schema.org","@graph":[{"@type":"WebPage","@id":"https:\/\/ascomedic.dz\/carriere\/","url":"https:\/\/ascomedic.dz\/carriere\/","name":"Carri\u00e8re -","isPartOf":{"@id":"https:\/\/ascomedic.dz\/#website"},"datePublished":"2025-07-12T17:57:35+00:00","dateModified":"2025-10-22T21:45:50+00:00","description":"Rejoignez Ascomedic \u00e0 Alger \u2013 d\u00e9couvrez nos offres de carri\u00e8re, stages et opportunit\u00e9s au sein d\u2019une PME sp\u00e9cialis\u00e9e en \u00e9quipements et services de laboratoire.","breadcrumb":{"@id":"https:\/\/ascomedic.dz\/carriere\/#breadcrumb"},"inLanguage":"en-GB","potentialAction":[{"@type":"ReadAction","target":["https:\/\/ascomedic.dz\/carriere\/"]}]},{"@type":"BreadcrumbList","@id":"https:\/\/ascomedic.dz\/carriere\/#breadcrumb","itemListElement":[{"@type":"ListItem","position":1,"name":"Accueil","item":"https:\/\/ascomedic.dz\/"},{"@type":"ListItem","position":2,"name":"Carri\u00e8re"}]},{"@type":"WebSite","@id":"https:\/\/ascomedic.dz\/#website","url":"https:\/\/ascomedic.dz\/","name":"","description":"","potentialAction":[{"@type":"SearchAction","target":{"@type":"EntryPoint","urlTemplate":"https:\/\/ascomedic.dz\/?s={search_term_string}"},"query-input":{"@type":"PropertyValueSpecification","valueRequired":true,"valueName":"search_term_string"}}],"inLanguage":"en-GB"}]}},"_links":{"self":[{"href":"https:\/\/ascomedic.dz\/en\/wp-json\/wp\/v2\/pages\/1997","targetHints":{"allow":["GET"]}}],"collection":[{"href":"https:\/\/ascomedic.dz\/en\/wp-json\/wp\/v2\/pages"}],"about":[{"href":"https:\/\/ascomedic.dz\/en\/wp-json\/wp\/v2\/types\/page"}],"author":[{"embeddable":true,"href":"https:\/\/ascomedic.dz\/en\/wp-json\/wp\/v2\/users\/1"}],"replies":[{"embeddable":true,"href":"https:\/\/ascomedic.dz\/en\/wp-json\/wp\/v2\/comments?post=1997"}],"version-history":[{"count":109,"href":"https:\/\/ascomedic.dz\/en\/wp-json\/wp\/v2\/pages\/1997\/revisions"}],"predecessor-version":[{"id":5746,"href":"https:\/\/ascomedic.dz\/en\/wp-json\/wp\/v2\/pages\/1997\/revisions\/5746"}],"wp:attachment":[{"href":"https:\/\/ascomedic.dz\/en\/wp-json\/wp\/v2\/media?parent=1997"}],"curies":[{"name":"wp","href":"https:\/\/api.w.org\/{rel}","templated":true}]}}